{"id":565,"date":"2023-04-11T14:31:20","date_gmt":"2023-04-11T11:31:20","guid":{"rendered":"https:\/\/taikalyhty.fi\/?post_type=product&#038;p=565"},"modified":"2023-04-11T14:31:33","modified_gmt":"2023-04-11T11:31:33","slug":"varsivalaisin","status":"publish","type":"product","link":"https:\/\/taikalyhty.fi\/en\/product\/varsivalaisin\/","title":{"rendered":"Varsivalaisin"},"content":{"rendered":"<p>Kiinnitet\u00e4\u00e4n suoraan profiilisein\u00e4n yl\u00e4laitaan. Valaisee sein\u00e4n n. 1 metrin alueelta. L\u00f6ytyy sek\u00e4 harmaana led-valaisimena (120 kpl) ett\u00e4 mustana 150 watin halogeenivalaisimena .<\/p>\n<p>&nbsp;<\/p>","protected":false},"excerpt":{"rendered":"<p><!--more-->Kiinnitet\u00e4\u00e4n suoraan profiilisein\u00e4n yl\u00e4laitaan &#8211; my\u00f6s 24 kpl puristimella max 38 mm paksuun sein\u00e4\u00e4n. Valaisee sein\u00e4n n. 1 metrin leveydelt\u00e4. L\u00f6ytyy sek\u00e4 harmaana led-valaisimena (120 kpl) ett\u00e4 mustana 150 watin halogeenivalaisimena .<\/p>\n<p>&nbsp;<\/p>","protected":false},"featured_media":598,"template":"","meta":{"_joinchat":[]},"product_brand":[],"product_cat":[42],"product_tag":[],"class_list":{"0":"post-565","1":"product","2":"type-product","3":"status-publish","4":"has-post-thumbnail","6":"product_cat-perustuotteet-messuille","8":"first","9":"instock","10":"shipping-taxable","11":"purchasable","12":"product-type-simple"},"_links":{"self":[{"href":"https:\/\/taikalyhty.fi\/en\/wp-json\/wp\/v2\/product\/565","targetHints":{"allow":["GET"]}}],"collection":[{"href":"https:\/\/taikalyhty.fi\/en\/wp-json\/wp\/v2\/product"}],"about":[{"href":"https:\/\/taikalyhty.fi\/en\/wp-json\/wp\/v2\/types\/product"}],"wp:featuredmedia":[{"embeddable":true,"href":"https:\/\/taikalyhty.fi\/en\/wp-json\/wp\/v2\/media\/598"}],"wp:attachment":[{"href":"https:\/\/taikalyhty.fi\/en\/wp-json\/wp\/v2\/media?parent=565"}],"wp:term":[{"taxonomy":"product_brand","embeddable":true,"href":"https:\/\/taikalyhty.fi\/en\/wp-json\/wp\/v2\/product_brand?post=565"},{"taxonomy":"product_cat","embeddable":true,"href":"https:\/\/taikalyhty.fi\/en\/wp-json\/wp\/v2\/product_cat?post=565"},{"taxonomy":"product_tag","embeddable":true,"href":"https:\/\/taikalyhty.fi\/en\/wp-json\/wp\/v2\/product_tag?post=565"}],"curies":[{"name":"wp","href":"https:\/\/api.w.org\/{rel}","templated":true}]}}