{"id":561,"date":"2023-04-11T14:31:19","date_gmt":"2023-04-11T11:31:19","guid":{"rendered":"https:\/\/taikalyhty.fi\/?post_type=product&#038;p=561"},"modified":"2023-04-11T14:31:30","modified_gmt":"2023-04-11T11:31:30","slug":"kannettava-kaiutinelementti-saani","status":"publish","type":"product","link":"https:\/\/taikalyhty.fi\/en\/product\/kannettava-kaiutinelementti-saani\/","title":{"rendered":"Kannettava Kaiutinelementti, s\u00c4\u00c4NI"},"content":{"rendered":"<p>Kannettava kaiutinelementti + mikrofoni + teline. Paristok\u00e4ytt\u00f6inen. Mahdollisuus liitt\u00e4\u00e4 my\u00f6s esim. CD-soitin.<\/p>","protected":false},"excerpt":{"rendered":"<p>Kannettava kaiutinelementti + mikrofoni + teline. Paristok\u00e4ytt\u00f6inen. Mahdollisuus liitt\u00e4\u00e4 my\u00f6s mp3 -soitin tms.<\/p>","protected":false},"featured_media":594,"template":"","meta":{"_joinchat":[]},"product_brand":[],"product_cat":[41,42],"product_tag":[],"class_list":{"0":"post-561","1":"product","2":"type-product","3":"status-publish","4":"has-post-thumbnail","6":"product_cat-muut","7":"product_cat-perustuotteet-messuille","9":"first","10":"instock","11":"shipping-taxable","12":"purchasable","13":"product-type-simple"},"_links":{"self":[{"href":"https:\/\/taikalyhty.fi\/en\/wp-json\/wp\/v2\/product\/561","targetHints":{"allow":["GET"]}}],"collection":[{"href":"https:\/\/taikalyhty.fi\/en\/wp-json\/wp\/v2\/product"}],"about":[{"href":"https:\/\/taikalyhty.fi\/en\/wp-json\/wp\/v2\/types\/product"}],"wp:featuredmedia":[{"embeddable":true,"href":"https:\/\/taikalyhty.fi\/en\/wp-json\/wp\/v2\/media\/594"}],"wp:attachment":[{"href":"https:\/\/taikalyhty.fi\/en\/wp-json\/wp\/v2\/media?parent=561"}],"wp:term":[{"taxonomy":"product_brand","embeddable":true,"href":"https:\/\/taikalyhty.fi\/en\/wp-json\/wp\/v2\/product_brand?post=561"},{"taxonomy":"product_cat","embeddable":true,"href":"https:\/\/taikalyhty.fi\/en\/wp-json\/wp\/v2\/product_cat?post=561"},{"taxonomy":"product_tag","embeddable":true,"href":"https:\/\/taikalyhty.fi\/en\/wp-json\/wp\/v2\/product_tag?post=561"}],"curies":[{"name":"wp","href":"https:\/\/api.w.org\/{rel}","templated":true}]}}