{"id":1364,"date":"2023-04-11T14:49:53","date_gmt":"2023-04-11T11:49:53","guid":{"rendered":"https:\/\/taikalyhty.fi\/?post_type=product&#038;p=1364"},"modified":"2025-02-25T16:19:52","modified_gmt":"2025-02-25T14:19:52","slug":"allasvitriini-k17-electricity25","status":"publish","type":"product","link":"https:\/\/taikalyhty.fi\/en\/product\/allasvitriini-k17-electricity25\/","title":{"rendered":"Pool showcase, K17 Electricity25"},"content":{"rendered":"<p>Display case 53 x 103 cm, height 100 cm, can be illuminated with a LED light strip (+25e).<\/p>","protected":false},"excerpt":{"rendered":"<p>Display case 53 x 103 cm, height 100 cm, can be illuminated with a LED light strip (+25e).<br \/>\n.<\/p>\n<div style=\"border: 1px solid #ddd; border-radius: 1px; position: relative; overflow: hidden; margin-bottom: 2em;\">\n<p><iframe style=\"width: 100%; height: 35.9em; display: block;\" src=\"https:\/\/3dwarehouse.sketchup.com\/embed.html?mid=u4c0841eb-ba1b-4641-a565-2b04f822ebd3\" frameborder=\"0\" marginwidth=\"0\" marginheight=\"0\" scrolling=\"no\" allowfullscreen=\"allowfullscreen\"><\/iframe><\/p>\n<div style=\"background: #fff; position: absolute; box-shadow: 0 0 2px rgba(0,0,0,.5); font-family: sans-serif; text-align: center; font-size: .7em; right: 0; bottom: 0; left: 0; line-height: 1.7em; padding: 10px 0;\">Tartu kuvaan py\u00f6ritt\u00e4\u00e4ksesi sit\u00e4. Shift + kuvaan tarttuminen liikuttaa sit\u00e4 linjassa. Scroll = zoom.<br \/>\nCopyright by Taikalyhty Oy \u00a9 2016<\/div>\n<\/div>","protected":false},"featured_media":667,"template":"","meta":{"_joinchat":[]},"product_brand":[],"product_cat":[113],"product_tag":[],"class_list":{"0":"post-1364","1":"product","2":"type-product","3":"status-publish","4":"has-post-thumbnail","6":"product_cat-electricity-2027","8":"first","9":"instock","10":"shipping-taxable","11":"purchasable","12":"product-type-simple"},"_links":{"self":[{"href":"https:\/\/taikalyhty.fi\/en\/wp-json\/wp\/v2\/product\/1364","targetHints":{"allow":["GET"]}}],"collection":[{"href":"https:\/\/taikalyhty.fi\/en\/wp-json\/wp\/v2\/product"}],"about":[{"href":"https:\/\/taikalyhty.fi\/en\/wp-json\/wp\/v2\/types\/product"}],"wp:featuredmedia":[{"embeddable":true,"href":"https:\/\/taikalyhty.fi\/en\/wp-json\/wp\/v2\/media\/667"}],"wp:attachment":[{"href":"https:\/\/taikalyhty.fi\/en\/wp-json\/wp\/v2\/media?parent=1364"}],"wp:term":[{"taxonomy":"product_brand","embeddable":true,"href":"https:\/\/taikalyhty.fi\/en\/wp-json\/wp\/v2\/product_brand?post=1364"},{"taxonomy":"product_cat","embeddable":true,"href":"https:\/\/taikalyhty.fi\/en\/wp-json\/wp\/v2\/product_cat?post=1364"},{"taxonomy":"product_tag","embeddable":true,"href":"https:\/\/taikalyhty.fi\/en\/wp-json\/wp\/v2\/product_tag?post=1364"}],"curies":[{"name":"wp","href":"https:\/\/api.w.org\/{rel}","templated":true}]}}