{"id":1361,"date":"2023-04-11T14:49:52","date_gmt":"2023-04-11T11:49:52","guid":{"rendered":"https:\/\/taikalyhty.fi\/?post_type=product&#038;p=1361"},"modified":"2025-02-25T16:22:18","modified_gmt":"2025-02-25T14:22:18","slug":"extra-spottivalo-varsivalaisin","status":"publish","type":"product","link":"https:\/\/taikalyhty.fi\/en\/product\/extra-spottivalo-varsivalaisin\/","title":{"rendered":"Extra spot light (arm display light)"},"content":{"rendered":"<div data-elementor-type=\"wp-post\" data-elementor-id=\"1361\" class=\"elementor elementor-1361 elementor-bc-flex-widget\" data-elementor-post-type=\"product\">\n\t\t\t\t\t\t<section class=\"elementor-section elementor-top-section elementor-element elementor-element-e5d80fe elementor-section-boxed elementor-section-height-default elementor-section-height-default\" data-id=\"e5d80fe\" data-element_type=\"section\" data-e-type=\"section\">\n\t\t\t\t\t\t<div class=\"elementor-container elementor-column-gap-default\">\n\t\t\t\t\t<div class=\"elementor-column elementor-col-100 elementor-top-column elementor-element elementor-element-b3431bb\" data-id=\"b3431bb\" data-element_type=\"column\" data-e-type=\"column\">\n\t\t\t<div class=\"elementor-widget-wrap elementor-element-populated\">\n\t\t\t\t\t\t<div class=\"elementor-element elementor-element-2a62cc3 elementor-widget elementor-widget-text-editor\" data-id=\"2a62cc3\" data-element_type=\"widget\" data-e-type=\"widget\" data-widget_type=\"text-editor.default\">\n\t\t\t\t<div class=\"elementor-widget-container\">\n\t\t\t\t\t\t\t\t\t<p>N\u00e4m\u00e4\u00a0\t\t\t\t\t\t\t\t<\/div>\n\t\t\t\t<\/div>\n\t\t\t\t<div class=\"elementor-element elementor-element-2259cce elementor-widget elementor-widget-image\" data-id=\"2259cce\" data-element_type=\"widget\" data-e-type=\"widget\" data-widget_type=\"image.default\">\n\t\t\t\t<div class=\"elementor-widget-container\">\n\t\t\t\t\t\t\t\t\t\t\t\t\t\t\t<img decoding=\"async\" src=\"https:\/\/taikalyhty.fi\/wp-content\/uploads\/2018\/11\/IMG_9038.jpg\" title=\"\" alt=\"\" loading=\"lazy\" \/>\t\t\t\t\t\t\t\t\t\t\t\t\t\t\t<\/div>\n\t\t\t\t<\/div>\n\t\t\t\t\t<\/div>\n\t\t<\/div>\n\t\t\t\t\t<\/div>\n\t\t<\/section>\n\t\t\t\t<section class=\"elementor-section elementor-top-section elementor-element elementor-element-8142c6a elementor-section-boxed elementor-section-height-default elementor-section-height-default\" data-id=\"8142c6a\" data-element_type=\"section\" data-e-type=\"section\">\n\t\t\t\t\t\t<div class=\"elementor-container elementor-column-gap-default\">\n\t\t\t\t\t<div class=\"elementor-column elementor-col-100 elementor-top-column elementor-element elementor-element-e1ff4cb\" data-id=\"e1ff4cb\" data-element_type=\"column\" data-e-type=\"column\">\n\t\t\t<div class=\"elementor-widget-wrap elementor-element-populated\">\n\t\t\t\t\t\t<div class=\"elementor-element elementor-element-3d8c7ab elementor-widget elementor-widget-image-gallery\" data-id=\"3d8c7ab\" data-element_type=\"widget\" data-e-type=\"widget\" data-widget_type=\"image-gallery.default\">\n\t\t\t\t<div class=\"elementor-widget-container\">\n\t\t\t\t\t\t\t<div class=\"elementor-image-gallery\">\n\t\t\t<div id='gallery-1' class='gallery galleryid-1361 gallery-columns-2 gallery-size-large'><figure class='gallery-item'>\n\t\t\t<div class='gallery-icon landscape'>\n\t\t\t\t<a data-elementor-open-lightbox=\"yes\" data-elementor-lightbox-slideshow=\"3d8c7ab\" data-elementor-lightbox-title=\"3x6-kulma-bulk-lowres_Photo-5.jpg\" data-e-action-hash=\"#elementor-action%3Aaction%3Dlightbox%26settings%3DeyJpZCI6MTM3NSwidXJsIjoiaHR0cHM6XC9cL3RhaWthbHlodHkuZmlcL3dwLWNvbnRlbnRcL3VwbG9hZHNcLzIwMjNcLzA0XC8zeDYta3VsbWEtYnVsay1sb3dyZXNfUGhvdG8tNS5qcGciLCJzbGlkZXNob3ciOiIzZDhjN2FiIn0%3D\" href='https:\/\/taikalyhty.fi\/wp-content\/uploads\/2023\/04\/3x6-kulma-bulk-lowres_Photo-5.jpg'><img fetchpriority=\"high\" decoding=\"async\" width=\"800\" height=\"450\" src=\"https:\/\/taikalyhty.fi\/wp-content\/uploads\/2023\/04\/3x6-kulma-bulk-lowres_Photo-5-1024x576.jpg\" class=\"attachment-large size-large\" alt=\"\" srcset=\"https:\/\/taikalyhty.fi\/wp-content\/uploads\/2023\/04\/3x6-kulma-bulk-lowres_Photo-5-1024x576.jpg 1024w, https:\/\/taikalyhty.fi\/wp-content\/uploads\/2023\/04\/3x6-kulma-bulk-lowres_Photo-5-400x225.jpg 400w, https:\/\/taikalyhty.fi\/wp-content\/uploads\/2023\/04\/3x6-kulma-bulk-lowres_Photo-5-300x169.jpg 300w, https:\/\/taikalyhty.fi\/wp-content\/uploads\/2023\/04\/3x6-kulma-bulk-lowres_Photo-5-768x432.jpg 768w, https:\/\/taikalyhty.fi\/wp-content\/uploads\/2023\/04\/3x6-kulma-bulk-lowres_Photo-5-18x10.jpg 18w, https:\/\/taikalyhty.fi\/wp-content\/uploads\/2023\/04\/3x6-kulma-bulk-lowres_Photo-5.jpg 1280w\" sizes=\"(max-width: 800px) 100vw, 800px\" \/><\/a>\n\t\t\t<\/div><\/figure><figure class='gallery-item'>\n\t\t\t<div class='gallery-icon landscape'>\n\t\t\t\t<a data-elementor-open-lightbox=\"yes\" data-elementor-lightbox-slideshow=\"3d8c7ab\" data-elementor-lightbox-title=\"3x6-kulma-bulk-lowres_Photo-6.jpg\" data-e-action-hash=\"#elementor-action%3Aaction%3Dlightbox%26settings%3DeyJpZCI6MTM3NiwidXJsIjoiaHR0cHM6XC9cL3RhaWthbHlodHkuZmlcL3dwLWNvbnRlbnRcL3VwbG9hZHNcLzIwMjNcLzA0XC8zeDYta3VsbWEtYnVsay1sb3dyZXNfUGhvdG8tNi5qcGciLCJzbGlkZXNob3ciOiIzZDhjN2FiIn0%3D\" href='https:\/\/taikalyhty.fi\/wp-content\/uploads\/2023\/04\/3x6-kulma-bulk-lowres_Photo-6.jpg'><img decoding=\"async\" width=\"800\" height=\"450\" src=\"https:\/\/taikalyhty.fi\/wp-content\/uploads\/2023\/04\/3x6-kulma-bulk-lowres_Photo-6-1024x576.jpg\" class=\"attachment-large size-large\" alt=\"\" srcset=\"https:\/\/taikalyhty.fi\/wp-content\/uploads\/2023\/04\/3x6-kulma-bulk-lowres_Photo-6-1024x576.jpg 1024w, https:\/\/taikalyhty.fi\/wp-content\/uploads\/2023\/04\/3x6-kulma-bulk-lowres_Photo-6-400x225.jpg 400w, https:\/\/taikalyhty.fi\/wp-content\/uploads\/2023\/04\/3x6-kulma-bulk-lowres_Photo-6-300x169.jpg 300w, https:\/\/taikalyhty.fi\/wp-content\/uploads\/2023\/04\/3x6-kulma-bulk-lowres_Photo-6-768x432.jpg 768w, https:\/\/taikalyhty.fi\/wp-content\/uploads\/2023\/04\/3x6-kulma-bulk-lowres_Photo-6-18x10.jpg 18w, https:\/\/taikalyhty.fi\/wp-content\/uploads\/2023\/04\/3x6-kulma-bulk-lowres_Photo-6.jpg 1280w\" sizes=\"(max-width: 800px) 100vw, 800px\" \/><\/a>\n\t\t\t<\/div><\/figure><figure class='gallery-item'>\n\t\t\t<div class='gallery-icon landscape'>\n\t\t\t\t<a data-elementor-open-lightbox=\"yes\" data-elementor-lightbox-slideshow=\"3d8c7ab\" data-elementor-lightbox-title=\"3x3_Photo-9.jpg\" data-e-action-hash=\"#elementor-action%3Aaction%3Dlightbox%26settings%3DeyJpZCI6MTM2NywidXJsIjoiaHR0cHM6XC9cL3RhaWthbHlodHkuZmlcL3dwLWNvbnRlbnRcL3VwbG9hZHNcLzIwMjNcLzA0XC8zeDNfUGhvdG8tOS5qcGciLCJzbGlkZXNob3ciOiIzZDhjN2FiIn0%3D\" href='https:\/\/taikalyhty.fi\/wp-content\/uploads\/2023\/04\/3x3_Photo-9.jpg'><img decoding=\"async\" width=\"800\" height=\"450\" src=\"https:\/\/taikalyhty.fi\/wp-content\/uploads\/2023\/04\/3x3_Photo-9-1024x576.jpg\" class=\"attachment-large size-large\" alt=\"\" srcset=\"https:\/\/taikalyhty.fi\/wp-content\/uploads\/2023\/04\/3x3_Photo-9-1024x576.jpg 1024w, https:\/\/taikalyhty.fi\/wp-content\/uploads\/2023\/04\/3x3_Photo-9-400x225.jpg 400w, https:\/\/taikalyhty.fi\/wp-content\/uploads\/2023\/04\/3x3_Photo-9-300x169.jpg 300w, https:\/\/taikalyhty.fi\/wp-content\/uploads\/2023\/04\/3x3_Photo-9-768x432.jpg 768w, https:\/\/taikalyhty.fi\/wp-content\/uploads\/2023\/04\/3x3_Photo-9-18x10.jpg 18w, https:\/\/taikalyhty.fi\/wp-content\/uploads\/2023\/04\/3x3_Photo-9.jpg 1280w\" sizes=\"(max-width: 800px) 100vw, 800px\" \/><\/a>\n\t\t\t<\/div><\/figure>\n\t\t<\/div>\n\t\t<\/div>\n\t\t\t\t\t\t<\/div>\n\t\t\t\t<\/div>\n\t\t\t\t\t<\/div>\n\t\t<\/div>\n\t\t\t\t\t<\/div>\n\t\t<\/section>\n\t\t\t\t<\/div>","protected":false},"excerpt":{"rendered":"<ul>\n<li>Valaisimen v\u00e4ri: harmaa<\/li>\n<li>V\u00e4rin l\u00e4mp\u00f6tila: kodikkaan l\u00e4mmin (n. 3200K)<\/li>\n<li>Kytkett\u00e4viss\u00e4 sarjaan<\/li>\n<\/ul>","protected":false},"featured_media":1005,"template":"","meta":{"_joinchat":[]},"product_brand":[],"product_cat":[113],"product_tag":[84,101],"class_list":{"0":"post-1361","1":"product","2":"type-product","3":"status-publish","4":"has-post-thumbnail","6":"product_cat-electricity-2027","7":"product_tag-led","8":"product_tag-varsivalaisin","10":"first","11":"instock","12":"shipping-taxable","13":"purchasable","14":"product-type-simple"},"_links":{"self":[{"href":"https:\/\/taikalyhty.fi\/en\/wp-json\/wp\/v2\/product\/1361","targetHints":{"allow":["GET"]}}],"collection":[{"href":"https:\/\/taikalyhty.fi\/en\/wp-json\/wp\/v2\/product"}],"about":[{"href":"https:\/\/taikalyhty.fi\/en\/wp-json\/wp\/v2\/types\/product"}],"wp:featuredmedia":[{"embeddable":true,"href":"https:\/\/taikalyhty.fi\/en\/wp-json\/wp\/v2\/media\/1005"}],"wp:attachment":[{"href":"https:\/\/taikalyhty.fi\/en\/wp-json\/wp\/v2\/media?parent=1361"}],"wp:term":[{"taxonomy":"product_brand","embeddable":true,"href":"https:\/\/taikalyhty.fi\/en\/wp-json\/wp\/v2\/product_brand?post=1361"},{"taxonomy":"product_cat","embeddable":true,"href":"https:\/\/taikalyhty.fi\/en\/wp-json\/wp\/v2\/product_cat?post=1361"},{"taxonomy":"product_tag","embeddable":true,"href":"https:\/\/taikalyhty.fi\/en\/wp-json\/wp\/v2\/product_tag?post=1361"}],"curies":[{"name":"wp","href":"https:\/\/api.w.org\/{rel}","templated":true}]}}