{"id":1360,"date":"2023-04-11T14:49:52","date_gmt":"2023-04-11T11:49:52","guid":{"rendered":"https:\/\/taikalyhty.fi\/?post_type=product&#038;p=1360"},"modified":"2025-02-25T16:22:07","modified_gmt":"2025-02-25T14:22:07","slug":"naytto-led-65-electricity23","status":"publish","type":"product","link":"https:\/\/taikalyhty.fi\/en\/product\/naytto-led-65-electricity23\/","title":{"rendered":"N\u00e4ytt\u00f6 LED 65&#8221; Electricity23"},"content":{"rendered":"<div data-elementor-type=\"wp-post\" data-elementor-id=\"1360\" class=\"elementor elementor-1360 elementor-bc-flex-widget\" data-elementor-post-type=\"product\">\n\t\t\t\t\t\t<section class=\"elementor-section elementor-top-section elementor-element elementor-element-2778f01 elementor-section-boxed elementor-section-height-default elementor-section-height-default\" data-id=\"2778f01\" data-element_type=\"section\" data-e-type=\"section\">\n\t\t\t\t\t\t<div class=\"elementor-container elementor-column-gap-default\">\n\t\t\t\t\t<div class=\"elementor-column elementor-col-100 elementor-top-column elementor-element elementor-element-d85660c\" data-id=\"d85660c\" data-element_type=\"column\" data-e-type=\"column\">\n\t\t\t<div class=\"elementor-widget-wrap elementor-element-populated\">\n\t\t\t\t\t\t<div class=\"elementor-element elementor-element-3c7cf38 elementor-widget elementor-widget-image\" data-id=\"3c7cf38\" data-element_type=\"widget\" data-e-type=\"widget\" data-widget_type=\"image.default\">\n\t\t\t\t<div class=\"elementor-widget-container\">\n\t\t\t\t\t\t\t\t\t\t\t\t\t\t\t<img decoding=\"async\" src=\"https:\/\/taikalyhty.fi\/wp-content\/uploads\/2017\/05\/IMG_5606.jpg\" title=\"\" alt=\"\" loading=\"lazy\" \/>\t\t\t\t\t\t\t\t\t\t\t\t\t\t\t<\/div>\n\t\t\t\t<\/div>\n\t\t\t\t\t<\/div>\n\t\t<\/div>\n\t\t\t\t\t<\/div>\n\t\t<\/section>\n\t\t\t\t<section class=\"elementor-section elementor-top-section elementor-element elementor-element-c96e52f elementor-section-boxed elementor-section-height-default elementor-section-height-default\" data-id=\"c96e52f\" data-element_type=\"section\" data-e-type=\"section\">\n\t\t\t\t\t\t<div class=\"elementor-container elementor-column-gap-default\">\n\t\t\t\t\t<div class=\"elementor-column elementor-col-100 elementor-top-column elementor-element elementor-element-ebb72a7\" data-id=\"ebb72a7\" data-element_type=\"column\" data-e-type=\"column\">\n\t\t\t<div class=\"elementor-widget-wrap elementor-element-populated\">\n\t\t\t\t\t\t<div class=\"elementor-element elementor-element-f151aba elementor-widget elementor-widget-text-editor\" data-id=\"f151aba\" data-element_type=\"widget\" data-e-type=\"widget\" data-widget_type=\"text-editor.default\">\n\t\t\t\t<div class=\"elementor-widget-container\">\n\t\t\t\t\t\t\t\t\t<p>Todella tyylik\u00e4s ja p\u00e4tev\u00e4 65&#8221; UHD LED TV -n\u00e4ytt\u00f6 sein\u00e4lle tai tasolle.<ul><li>Resoluutio: 3840 x 2160 Ultra HD<li>Liit\u00e4nn\u00e4t: 3 x HDMI, 2 x USB, optinen digitaalinen \u00e4\u00e4nil\u00e4ht\u00f6, komponentti-\/komposiitytihybridi, Ethernet (LAN)<li>HDMI ARC (Audio Return Channel)<li>Simplink (HDMI CEC)<li>Mitat: 1468 x 854 x 89,9 mm (ilman jalustaa), 1468 x 911 x 311 mm (jalustalla)<li>Paino: 20,6 kg (ilman jalustaa), 22,1 kg (jalustalla)<li>VESA: 300 x 300.<li>Verkkoselain<li>Neliydinprosessori<li>360 VR<li>Magic Link<li>USB-tallennus ja ajansiirto ulkoiselle kovalevylle<li>Bluetooth (versio 4.2)<li>USB-mediantoisto<p>Sis\u00e4\u00e4nrakennettu mediasoitin toistaa esitykset joustavasti ja ilman mit\u00e4\u00e4n h\u00e4iri\u00f6tekij\u00f6it\u00e4. Voit siis toistaa t\u00e4ll\u00e4 mallilla videot suoraan USB-tikulta.\u00a0\t\t\t\t\t\t\t\t<\/div>\n\t\t\t\t<\/div>\n\t\t\t\t\t<\/div>\n\t\t<\/div>\n\t\t\t\t\t<\/div>\n\t\t<\/section>\n\t\t\t\t<section class=\"elementor-section elementor-top-section elementor-element elementor-element-ecf5536 elementor-section-boxed elementor-section-height-default elementor-section-height-default\" data-id=\"ecf5536\" data-element_type=\"section\" data-e-type=\"section\">\n\t\t\t\t\t\t<div class=\"elementor-container elementor-column-gap-default\">\n\t\t\t\t\t<div class=\"elementor-column elementor-col-100 elementor-top-column elementor-element elementor-element-c0454b0\" data-id=\"c0454b0\" data-element_type=\"column\" data-e-type=\"column\">\n\t\t\t<div class=\"elementor-widget-wrap elementor-element-populated\">\n\t\t\t\t\t\t<div class=\"elementor-element elementor-element-eba2cb8 elementor-widget elementor-widget-image-gallery\" data-id=\"eba2cb8\" data-element_type=\"widget\" data-e-type=\"widget\" data-widget_type=\"image-gallery.default\">\n\t\t\t\t<div class=\"elementor-widget-container\">\n\t\t\t\t\t\t\t<div class=\"elementor-image-gallery\">\n\t\t\t<div id='gallery-1' class='gallery galleryid-1360 gallery-columns-1 gallery-size-large'><figure class='gallery-item'>\n\t\t\t<div class='gallery-icon landscape'>\n\t\t\t\t<a data-elementor-open-lightbox=\"yes\" data-elementor-lightbox-slideshow=\"eba2cb8\" data-elementor-lightbox-title=\"pexels-led-supermarket-577514\" data-e-action-hash=\"#elementor-action%3Aaction%3Dlightbox%26settings%3DeyJpZCI6MTY0MiwidXJsIjoiaHR0cHM6XC9cL3RhaWthbHlodHkuZmlcL3dwLWNvbnRlbnRcL3VwbG9hZHNcLzIwMjNcLzA0XC9wZXhlbHMtbGVkLXN1cGVybWFya2V0LTU3NzUxNC5qcGciLCJzbGlkZXNob3ciOiJlYmEyY2I4In0%3D\" href='https:\/\/taikalyhty.fi\/wp-content\/uploads\/2023\/04\/pexels-led-supermarket-577514.jpg'><img fetchpriority=\"high\" decoding=\"async\" width=\"800\" height=\"800\" src=\"https:\/\/taikalyhty.fi\/wp-content\/uploads\/2023\/04\/pexels-led-supermarket-577514-1024x1024.jpg\" class=\"attachment-large size-large\" alt=\"\" srcset=\"https:\/\/taikalyhty.fi\/wp-content\/uploads\/2023\/04\/pexels-led-supermarket-577514-1024x1024.jpg 1024w, https:\/\/taikalyhty.fi\/wp-content\/uploads\/2023\/04\/pexels-led-supermarket-577514-1500x1500.jpg 1500w, https:\/\/taikalyhty.fi\/wp-content\/uploads\/2023\/04\/pexels-led-supermarket-577514-100x100.jpg 100w, https:\/\/taikalyhty.fi\/wp-content\/uploads\/2023\/04\/pexels-led-supermarket-577514-400x400.jpg 400w, https:\/\/taikalyhty.fi\/wp-content\/uploads\/2023\/04\/pexels-led-supermarket-577514-300x300.jpg 300w, https:\/\/taikalyhty.fi\/wp-content\/uploads\/2023\/04\/pexels-led-supermarket-577514-150x150.jpg 150w, https:\/\/taikalyhty.fi\/wp-content\/uploads\/2023\/04\/pexels-led-supermarket-577514-768x768.jpg 768w, https:\/\/taikalyhty.fi\/wp-content\/uploads\/2023\/04\/pexels-led-supermarket-577514-1536x1536.jpg 1536w, https:\/\/taikalyhty.fi\/wp-content\/uploads\/2023\/04\/pexels-led-supermarket-577514-2048x2048.jpg 2048w, https:\/\/taikalyhty.fi\/wp-content\/uploads\/2023\/04\/pexels-led-supermarket-577514-12x12.jpg 12w, https:\/\/taikalyhty.fi\/wp-content\/uploads\/2023\/04\/pexels-led-supermarket-577514.jpg 1600w\" sizes=\"(max-width: 800px) 100vw, 800px\" \/><\/a>\n\t\t\t<\/div><\/figure>\n\t\t<\/div>\n\t\t<\/div>\n\t\t\t\t\t\t<\/div>\n\t\t\t\t<\/div>\n\t\t\t\t\t<\/div>\n\t\t<\/div>\n\t\t\t\t\t<\/div>\n\t\t<\/section>\n\t\t\t\t<\/div>","protected":false},"excerpt":{"rendered":"<p>LG UHD televisio. Omilla jaloilla \/ sein\u00e4kiinnityksell\u00e4 \/ lattiajalalla.<\/p>","protected":false},"featured_media":732,"template":"","meta":{"_joinchat":[]},"product_brand":[],"product_cat":[113],"product_tag":[],"class_list":{"0":"post-1360","1":"product","2":"type-product","3":"status-publish","4":"has-post-thumbnail","6":"product_cat-electricity-2027","8":"first","9":"instock","10":"shipping-taxable","11":"purchasable","12":"product-type-simple"},"_links":{"self":[{"href":"https:\/\/taikalyhty.fi\/en\/wp-json\/wp\/v2\/product\/1360","targetHints":{"allow":["GET"]}}],"collection":[{"href":"https:\/\/taikalyhty.fi\/en\/wp-json\/wp\/v2\/product"}],"about":[{"href":"https:\/\/taikalyhty.fi\/en\/wp-json\/wp\/v2\/types\/product"}],"wp:featuredmedia":[{"embeddable":true,"href":"https:\/\/taikalyhty.fi\/en\/wp-json\/wp\/v2\/media\/732"}],"wp:attachment":[{"href":"https:\/\/taikalyhty.fi\/en\/wp-json\/wp\/v2\/media?parent=1360"}],"wp:term":[{"taxonomy":"product_brand","embeddable":true,"href":"https:\/\/taikalyhty.fi\/en\/wp-json\/wp\/v2\/product_brand?post=1360"},{"taxonomy":"product_cat","embeddable":true,"href":"https:\/\/taikalyhty.fi\/en\/wp-json\/wp\/v2\/product_cat?post=1360"},{"taxonomy":"product_tag","embeddable":true,"href":"https:\/\/taikalyhty.fi\/en\/wp-json\/wp\/v2\/product_tag?post=1360"}],"curies":[{"name":"wp","href":"https:\/\/api.w.org\/{rel}","templated":true}]}}