{"id":1327,"date":"2023-04-11T14:49:28","date_gmt":"2023-04-11T11:49:28","guid":{"rendered":"https:\/\/taikalyhty.fi\/?post_type=product&#038;p=1327"},"modified":"2026-02-20T10:24:00","modified_gmt":"2026-02-20T08:24:00","slug":"samsung-43-qm43r-smart-signage-led-naytto-nuori24","status":"publish","type":"product","link":"https:\/\/taikalyhty.fi\/en\/product\/samsung-43-qm43r-smart-signage-led-naytto-nuori24\/","title":{"rendered":"Samsung 43&#8221; QM43R Smart Signage LED n\u00e4ytt\u00f6"},"content":{"rendered":"<div data-elementor-type=\"wp-post\" data-elementor-id=\"1327\" class=\"elementor elementor-1327 elementor-bc-flex-widget\" data-elementor-post-type=\"product\">\n\t\t\t\t\t\t<section class=\"elementor-section elementor-top-section elementor-element elementor-element-609dbc2 elementor-section-boxed elementor-section-height-default elementor-section-height-default\" data-id=\"609dbc2\" data-element_type=\"section\" data-e-type=\"section\">\n\t\t\t\t\t\t<div class=\"elementor-container elementor-column-gap-default\">\n\t\t\t\t\t<div class=\"elementor-column elementor-col-100 elementor-top-column elementor-element elementor-element-e9aa6fa\" data-id=\"e9aa6fa\" data-element_type=\"column\" data-e-type=\"column\">\n\t\t\t<div class=\"elementor-widget-wrap elementor-element-populated\">\n\t\t\t\t\t\t<div class=\"elementor-element elementor-element-5540bdb elementor-widget elementor-widget-image\" data-id=\"5540bdb\" data-element_type=\"widget\" data-e-type=\"widget\" data-widget_type=\"image.default\">\n\t\t\t\t<div class=\"elementor-widget-container\">\n\t\t\t\t\t\t\t\t\t\t\t\t\t\t\t<img decoding=\"async\" src=\"https:\/\/taikalyhty.fi\/wp-content\/uploads\/2019\/12\/qmr43.jpg\" title=\"\" alt=\"\" loading=\"lazy\" \/>\t\t\t\t\t\t\t\t\t\t\t\t\t\t\t<\/div>\n\t\t\t\t<\/div>\n\t\t\t\t\t<\/div>\n\t\t<\/div>\n\t\t\t\t\t<\/div>\n\t\t<\/section>\n\t\t\t\t<section class=\"elementor-section elementor-top-section elementor-element elementor-element-876e162 elementor-section-boxed elementor-section-height-default elementor-section-height-default\" data-id=\"876e162\" data-element_type=\"section\" data-e-type=\"section\">\n\t\t\t\t\t\t<div class=\"elementor-container elementor-column-gap-default\">\n\t\t\t\t\t<div class=\"elementor-column elementor-col-100 elementor-top-column elementor-element elementor-element-34b3f53\" data-id=\"34b3f53\" data-element_type=\"column\" data-e-type=\"column\">\n\t\t\t<div class=\"elementor-widget-wrap elementor-element-populated\">\n\t\t\t\t\t\t<div class=\"elementor-element elementor-element-0971bd7 elementor-widget elementor-widget-text-editor\" data-id=\"0971bd7\" data-element_type=\"widget\" data-e-type=\"widget\" data-widget_type=\"text-editor.default\">\n\t\t\t\t<div class=\"elementor-widget-container\">\n\t\t\t\t\t\t\t\t\t<p>Smart Signage -n\u00e4ytt\u00f6 on tavallisen n\u00e4yt\u00f6n ja tietokoneen hybridi -malli. Lataa esityksesi esimerkiksi USB-tikulta suoraan n\u00e4yt\u00f6n sis\u00e4iseen muistiin ja nauti esityksist\u00e4si ilman mediaplayereita tai muuta ylim\u00e4\u00e4r\u00e4ist\u00e4.<ul><li>43&#8221; Anti-Glare n\u00e4ytt\u00f6<li>Eritt\u00e4in ohut malli<li><i>3840*2160 (4K UHD)<li><i>Dimensions 967.5 x 557.7 x 48.3<li>Powerful built-in speakers<li>Toistaa Office -dokumentit ilman erillist\u00e4 tietokonetta (Powerpoint, Excel, Word yms.)<li>Sis\u00e4inen 5 GB muisti\t\t\t\t\t\t\t\t<\/div>\n\t\t\t\t<\/div>\n\t\t\t\t\t<\/div>\n\t\t<\/div>\n\t\t\t\t\t<\/div>\n\t\t<\/section>\n\t\t\t\t<section class=\"elementor-section elementor-top-section elementor-element elementor-element-d8fee5b elementor-section-boxed elementor-section-height-default elementor-section-height-default\" data-id=\"d8fee5b\" data-element_type=\"section\" data-e-type=\"section\">\n\t\t\t\t\t\t<div class=\"elementor-container elementor-column-gap-default\">\n\t\t\t\t\t<div class=\"elementor-column elementor-col-100 elementor-top-column elementor-element elementor-element-8dba86b\" data-id=\"8dba86b\" data-element_type=\"column\" data-e-type=\"column\">\n\t\t\t<div class=\"elementor-widget-wrap elementor-element-populated\">\n\t\t\t\t\t\t<div class=\"elementor-element elementor-element-7988a85 elementor-widget elementor-widget-image-gallery\" data-id=\"7988a85\" data-element_type=\"widget\" data-e-type=\"widget\" data-widget_type=\"image-gallery.default\">\n\t\t\t\t<div class=\"elementor-widget-container\">\n\t\t\t\t\t\t\t<div class=\"elementor-image-gallery\">\n\t\t\t<div id='gallery-1' class='gallery galleryid-1327 gallery-columns-2 gallery-size-large'><figure class='gallery-item'>\n\t\t\t<div class='gallery-icon landscape'>\n\t\t\t\t<a data-elementor-open-lightbox=\"yes\" data-elementor-lightbox-slideshow=\"7988a85\" data-elementor-lightbox-title=\"posteri\" data-e-action-hash=\"#elementor-action%3Aaction%3Dlightbox%26settings%3DeyJpZCI6Mzc4OCwidXJsIjoiaHR0cHM6XC9cL3RhaWthbHlodHkuZmlcL3dwLWNvbnRlbnRcL3VwbG9hZHNcLzIwMjNcLzA1XC9wb3N0ZXJpLnBuZyIsInNsaWRlc2hvdyI6Ijc5ODhhODUifQ%3D%3D\" href='https:\/\/taikalyhty.fi\/wp-content\/uploads\/2023\/05\/posteri.png'><img fetchpriority=\"high\" decoding=\"async\" width=\"800\" height=\"640\" src=\"https:\/\/taikalyhty.fi\/wp-content\/uploads\/2023\/05\/posteri-1024x819.png\" class=\"attachment-large size-large\" alt=\"\" srcset=\"https:\/\/taikalyhty.fi\/wp-content\/uploads\/2023\/05\/posteri-1024x819.png 1024w, https:\/\/taikalyhty.fi\/wp-content\/uploads\/2023\/05\/posteri-300x240.png 300w, https:\/\/taikalyhty.fi\/wp-content\/uploads\/2023\/05\/posteri-150x120.png 150w, https:\/\/taikalyhty.fi\/wp-content\/uploads\/2023\/05\/posteri-768x614.png 768w, https:\/\/taikalyhty.fi\/wp-content\/uploads\/2023\/05\/posteri-15x12.png 15w, https:\/\/taikalyhty.fi\/wp-content\/uploads\/2023\/05\/posteri-400x320.png 400w, https:\/\/taikalyhty.fi\/wp-content\/uploads\/2023\/05\/posteri.png 1500w\" sizes=\"(max-width: 800px) 100vw, 800px\" \/><\/a>\n\t\t\t<\/div><\/figure>\n\t\t<\/div>\n\t\t<\/div>\n\t\t\t\t\t\t<\/div>\n\t\t\t\t<\/div>\n\t\t\t\t\t<\/div>\n\t\t<\/div>\n\t\t\t\t\t<\/div>\n\t\t<\/section>\n\t\t\t\t<\/div>","protected":false},"excerpt":{"rendered":"<p>Ripustuskoukuilla sein\u00e4lle asennettuna. Mahdollisuus my\u00f6s piiloon j\u00e4\u00e4v\u00e4\u00e4n sein\u00e4kiskoon tai lattiajalkaan!<\/p>\n<p>Tilaa lattiajalka <a href=\"https:\/\/taikalyhty.fi\/en\/product\/lattiajalka-naytolle\/\">t\u00e4\u00e4lt\u00e4<\/a>.<\/p>\n<p>tai piiloon j\u00e4\u00e4v\u00e4 sein\u00e4kisko <a href=\"https:\/\/taikalyhty.fi\/en\/product\/seinakannake-naytolle-piiloutuva\/\">t\u00e4\u00e4lt\u00e4<\/a>.<\/p>","protected":false},"featured_media":1032,"template":"","meta":{"_joinchat":[]},"product_brand":[],"product_cat":[67,119],"product_tag":[],"class_list":{"0":"post-1327","1":"product","2":"type-product","3":"status-publish","4":"has-post-thumbnail","6":"product_cat-naytot","7":"product_cat-nuori2026","9":"first","10":"instock","11":"shipping-taxable","12":"purchasable","13":"product-type-simple"},"_links":{"self":[{"href":"https:\/\/taikalyhty.fi\/en\/wp-json\/wp\/v2\/product\/1327","targetHints":{"allow":["GET"]}}],"collection":[{"href":"https:\/\/taikalyhty.fi\/en\/wp-json\/wp\/v2\/product"}],"about":[{"href":"https:\/\/taikalyhty.fi\/en\/wp-json\/wp\/v2\/types\/product"}],"wp:featuredmedia":[{"embeddable":true,"href":"https:\/\/taikalyhty.fi\/en\/wp-json\/wp\/v2\/media\/1032"}],"wp:attachment":[{"href":"https:\/\/taikalyhty.fi\/en\/wp-json\/wp\/v2\/media?parent=1327"}],"wp:term":[{"taxonomy":"product_brand","embeddable":true,"href":"https:\/\/taikalyhty.fi\/en\/wp-json\/wp\/v2\/product_brand?post=1327"},{"taxonomy":"product_cat","embeddable":true,"href":"https:\/\/taikalyhty.fi\/en\/wp-json\/wp\/v2\/product_cat?post=1327"},{"taxonomy":"product_tag","embeddable":true,"href":"https:\/\/taikalyhty.fi\/en\/wp-json\/wp\/v2\/product_tag?post=1327"}],"curies":[{"name":"wp","href":"https:\/\/api.w.org\/{rel}","templated":true}]}}