{"id":1326,"date":"2023-04-11T14:49:28","date_gmt":"2023-04-11T11:49:28","guid":{"rendered":"https:\/\/taikalyhty.fi\/?post_type=product&#038;p=1326"},"modified":"2025-02-25T16:23:28","modified_gmt":"2025-02-25T14:23:28","slug":"valkoinen-baarituoli-k25v-43-electricity25","status":"publish","type":"product","link":"https:\/\/taikalyhty.fi\/en\/product\/valkoinen-baarituoli-k25v-43-electricity25\/","title":{"rendered":"White bar stool, K25V (43) Electricity25"},"content":{"rendered":"<div data-elementor-type=\"product-post\" data-elementor-id=\"1326\" class=\"elementor elementor-1326\" data-elementor-post-type=\"product\">\n\t\t\t\t\t\t<section class=\"elementor-section elementor-top-section elementor-element elementor-element-a54a8f6 elementor-section-boxed elementor-section-height-default elementor-section-height-default\" data-id=\"a54a8f6\" data-element_type=\"section\" data-e-type=\"section\">\n\t\t\t\t\t\t<div class=\"elementor-container elementor-column-gap-default\">\n\t\t\t\t\t<div class=\"elementor-column elementor-col-100 elementor-top-column elementor-element elementor-element-23926d1\" data-id=\"23926d1\" data-element_type=\"column\" data-e-type=\"column\">\n\t\t\t<div class=\"elementor-widget-wrap elementor-element-populated\">\n\t\t\t\t\t\t<div class=\"elementor-element elementor-element-195f13b elementor-widget elementor-widget-image\" data-id=\"195f13b\" data-element_type=\"widget\" data-e-type=\"widget\" data-widget_type=\"image.default\">\n\t\t\t\t<div class=\"elementor-widget-container\">\n\t\t\t\t\t\t\t\t\t\t\t\t\t\t\t<img fetchpriority=\"high\" decoding=\"async\" width=\"800\" height=\"450\" src=\"https:\/\/taikalyhty.fi\/wp-content\/uploads\/2023\/04\/3x6-takaseina-brandattyna_Photo-3-1024x576.jpg\" class=\"attachment-large size-large wp-image-1381\" alt=\"\" srcset=\"https:\/\/taikalyhty.fi\/wp-content\/uploads\/2023\/04\/3x6-takaseina-brandattyna_Photo-3-1024x576.jpg 1024w, https:\/\/taikalyhty.fi\/wp-content\/uploads\/2023\/04\/3x6-takaseina-brandattyna_Photo-3-400x225.jpg 400w, https:\/\/taikalyhty.fi\/wp-content\/uploads\/2023\/04\/3x6-takaseina-brandattyna_Photo-3-300x169.jpg 300w, https:\/\/taikalyhty.fi\/wp-content\/uploads\/2023\/04\/3x6-takaseina-brandattyna_Photo-3-768x432.jpg 768w, https:\/\/taikalyhty.fi\/wp-content\/uploads\/2023\/04\/3x6-takaseina-brandattyna_Photo-3-18x10.jpg 18w, https:\/\/taikalyhty.fi\/wp-content\/uploads\/2023\/04\/3x6-takaseina-brandattyna_Photo-3.jpg 1280w\" sizes=\"(max-width: 800px) 100vw, 800px\" \/>\t\t\t\t\t\t\t\t\t\t\t\t\t\t\t<\/div>\n\t\t\t\t<\/div>\n\t\t\t\t\t<\/div>\n\t\t<\/div>\n\t\t\t\t\t<\/div>\n\t\t<\/section>\n\t\t\t\t<\/div>","protected":false},"excerpt":{"rendered":"<p><strong>Istuinkorkeus:<\/strong> 74 \u00a0cm.<\/p>\n<p>Tyylik\u00e4s valkoinen tuoli joko esittelytiskin tai baarip\u00f6yd\u00e4n yhteyteen. Tuolin selk\u00e4noja tekee osastolle istahtamisesta houkuttelevaa.<\/p>","protected":false},"featured_media":695,"template":"","meta":{"_joinchat":[]},"product_brand":[],"product_cat":[113,42],"product_tag":[],"class_list":{"0":"post-1326","1":"product","2":"type-product","3":"status-publish","4":"has-post-thumbnail","6":"product_cat-electricity-2027","7":"product_cat-perustuotteet-messuille","9":"first","10":"instock","11":"shipping-taxable","12":"purchasable","13":"product-type-simple"},"_links":{"self":[{"href":"https:\/\/taikalyhty.fi\/en\/wp-json\/wp\/v2\/product\/1326","targetHints":{"allow":["GET"]}}],"collection":[{"href":"https:\/\/taikalyhty.fi\/en\/wp-json\/wp\/v2\/product"}],"about":[{"href":"https:\/\/taikalyhty.fi\/en\/wp-json\/wp\/v2\/types\/product"}],"wp:featuredmedia":[{"embeddable":true,"href":"https:\/\/taikalyhty.fi\/en\/wp-json\/wp\/v2\/media\/695"}],"wp:attachment":[{"href":"https:\/\/taikalyhty.fi\/en\/wp-json\/wp\/v2\/media?parent=1326"}],"wp:term":[{"taxonomy":"product_brand","embeddable":true,"href":"https:\/\/taikalyhty.fi\/en\/wp-json\/wp\/v2\/product_brand?post=1326"},{"taxonomy":"product_cat","embeddable":true,"href":"https:\/\/taikalyhty.fi\/en\/wp-json\/wp\/v2\/product_cat?post=1326"},{"taxonomy":"product_tag","embeddable":true,"href":"https:\/\/taikalyhty.fi\/en\/wp-json\/wp\/v2\/product_tag?post=1326"}],"curies":[{"name":"wp","href":"https:\/\/api.w.org\/{rel}","templated":true}]}}