{"id":1323,"date":"2023-04-11T14:49:28","date_gmt":"2023-04-11T11:49:28","guid":{"rendered":"https:\/\/taikalyhty.fi\/?post_type=product&#038;p=1323"},"modified":"2026-02-20T10:51:42","modified_gmt":"2026-02-20T08:51:42","slug":"liukuovikaappi-k10-perusmalli-electricity25","status":"publish","type":"product","link":"https:\/\/taikalyhty.fi\/en\/product\/liukuovikaappi-k10-perusmalli-electricity25\/","title":{"rendered":"Sliding door cabinet, K10, Basic model"},"content":{"rendered":"<p>Liukuovikaappi, alumiiniprofiilirunkoinen kaappi, korkeus 100 cm, leveys 103 cm, syvyys 53 cm, perustoimitus: kansi: valkea melamiinipintainen &#8221;uppokansi&#8221;, koko 47&#215;97 cm, etulevyn n\u00e4kyv\u00e4 osa&#8221;; tila johon voi kiinnitt\u00e4\u00e4 julisteen tai teipata logon \/ teksti\u00e4, korkeus 89 cm,leveys 97 cm. kylkilevyjen &#8221;n\u00e4kyv\u00e4 osa&#8221;, korkeus 89 cm, leveys 47 cm, kaapissa ei ole v\u00e4lihylly\u00e4 eik\u00e4 pohjalevy\u00e4, ruuvattavat s\u00e4\u00e4t\u00f6jalat<\/p>","protected":false},"excerpt":{"rendered":"<p>Liukuovikaappi, alumiiniprofiilirunkoinen kaappi, korkeus 100 cm, leveys 103 cm, syvyys 53 cm, perustoimitus: kansi: valkea melamiinipintainen &#8221;uppokansi&#8221;, koko 47&#215;97 cm, etulevyn n\u00e4kyv\u00e4 osa&#8221;; tila johon voi kiinnitt\u00e4\u00e4 julisteen tai teipata logon \/ teksti\u00e4, korkeus 89 cm,leveys 97 cm. kylkilevyjen &#8221;n\u00e4kyv\u00e4 osa&#8221;, korkeus 89 cm, leveys 47 cm, kaapissa ei ole v\u00e4lihylly\u00e4 eik\u00e4 pohjalevy\u00e4, ruuvattavat s\u00e4\u00e4t\u00f6jalat. Kysy eri v\u00e4rivaihtoehtoja!<\/p>\n<div style=\"border: 1px solid #ddd; border-radius: 1px; position: relative; overflow: hidden; margin-bottom: 2em;\">\n<p><iframe style=\"width: 100%; height: 35.9em; display: block;\" src=\"https:\/\/3dwarehouse.sketchup.com\/embed.html?mid=u6c753224-1903-4a0d-9833-e477a8a14ca7\" frameborder=\"0\" marginwidth=\"0\" marginheight=\"0\" scrolling=\"no\" allowfullscreen=\"allowfullscreen\"><\/iframe><\/p>\n<div style=\"background: #fff; position: absolute; box-shadow: 0 0 2px rgba(0,0,0,.5); font-family: sans-serif; text-align: center; font-size: .7em; right: 0; bottom: 0; left: 0; line-height: 1.7em; padding: 10px 0;\">Tartu kuvaan py\u00f6ritt\u00e4\u00e4ksesi sit\u00e4. Shift + kuvaan tarttuminen liikuttaa sit\u00e4 linjassa. Scroll = zoom.<br \/>\nCopyright by Taikalyhty Oy \u00a9 2016<\/div>\n<\/div>","protected":false},"featured_media":677,"template":"","meta":{"_joinchat":[]},"product_brand":[],"product_cat":[113,119,120,70,107],"product_tag":[],"class_list":{"0":"post-1323","1":"product","2":"type-product","3":"status-publish","4":"has-post-thumbnail","6":"product_cat-electricity-2027","7":"product_cat-nuori2026","8":"product_cat-pirkanmaan-taloyhtiopaiva-2025","9":"product_cat-tervesos-2026-hameenlinna","10":"product_cat-terveys-ja-talous-paivat-helsinki-27-28-8-2025","12":"first","13":"instock","14":"shipping-taxable","15":"purchasable","16":"product-type-simple"},"_links":{"self":[{"href":"https:\/\/taikalyhty.fi\/en\/wp-json\/wp\/v2\/product\/1323","targetHints":{"allow":["GET"]}}],"collection":[{"href":"https:\/\/taikalyhty.fi\/en\/wp-json\/wp\/v2\/product"}],"about":[{"href":"https:\/\/taikalyhty.fi\/en\/wp-json\/wp\/v2\/types\/product"}],"wp:featuredmedia":[{"embeddable":true,"href":"https:\/\/taikalyhty.fi\/en\/wp-json\/wp\/v2\/media\/677"}],"wp:attachment":[{"href":"https:\/\/taikalyhty.fi\/en\/wp-json\/wp\/v2\/media?parent=1323"}],"wp:term":[{"taxonomy":"product_brand","embeddable":true,"href":"https:\/\/taikalyhty.fi\/en\/wp-json\/wp\/v2\/product_brand?post=1323"},{"taxonomy":"product_cat","embeddable":true,"href":"https:\/\/taikalyhty.fi\/en\/wp-json\/wp\/v2\/product_cat?post=1323"},{"taxonomy":"product_tag","embeddable":true,"href":"https:\/\/taikalyhty.fi\/en\/wp-json\/wp\/v2\/product_tag?post=1323"}],"curies":[{"name":"wp","href":"https:\/\/api.w.org\/{rel}","templated":true}]}}