{"id":1300,"date":"2023-04-11T14:49:05","date_gmt":"2023-04-11T11:49:05","guid":{"rendered":"https:\/\/taikalyhty.fi\/?post_type=product&#038;p=1300"},"modified":"2025-06-16T11:40:42","modified_gmt":"2025-06-16T08:40:42","slug":"messuosaston-2-x-2-m-brandays-tulosteilla","status":"publish","type":"product","link":"https:\/\/taikalyhty.fi\/en\/product\/messuosaston-2-x-2-m-brandays-tulosteilla\/","title":{"rendered":"2 x 2 ja 2 x 1,5 m n\u00e4yttelypaikan br\u00e4nd\u00e4ys takasein\u00e4n tulosteella"},"content":{"rendered":"<div data-elementor-type=\"product-post\" data-elementor-id=\"1300\" class=\"elementor elementor-1300\" data-elementor-post-type=\"product\">\n\t\t\t\t\t\t<section class=\"elementor-section elementor-top-section elementor-element elementor-element-224e1648 elementor-section-boxed elementor-section-height-default elementor-section-height-default\" data-id=\"224e1648\" data-element_type=\"section\" data-e-type=\"section\">\n\t\t\t\t\t\t<div class=\"elementor-container elementor-column-gap-default\">\n\t\t\t\t\t<div class=\"elementor-column elementor-col-100 elementor-top-column elementor-element elementor-element-71673e48\" data-id=\"71673e48\" data-element_type=\"column\" data-e-type=\"column\">\n\t\t\t<div class=\"elementor-widget-wrap elementor-element-populated\">\n\t\t\t\t\t\t<div class=\"elementor-element elementor-element-5a5f3474 elementor-widget elementor-widget-text-editor\" data-id=\"5a5f3474\" data-element_type=\"widget\" data-e-type=\"widget\" data-widget_type=\"text-editor.default\">\n\t\t\t\t<div class=\"elementor-widget-container\">\n\t\t\t\t\t\t\t\t\t<p><strong>Seinien br\u00e4nd\u00e4ys:\u00a0<br \/>Yhten\u00e4inen Decotex-kangas 300 x 220 cm. \u00a0Sivusein\u00e4kkeiden leveys 50 cm.\u00a0Kiinnitys Velcro -tarranauhalla. Kangas on helposti irrotettava ja uudelleenk\u00e4ytett\u00e4viss\u00e4. Tulostustiedosto toimitettava 14 p\u00e4iv\u00e4\u00e4 ennen tapahtumaa: pdf-tiedosto 150 dpi, 100 % koossa, cmyk, 5 mm bleedit, ei leikkausmerkkej\u00e4.<p><strong>Infotiskin br\u00e4nd\u00e4ys:\u00a0<br \/>Infotiskin etulevyn tuloste 5 mm Viscom-levyst\u00e4 &#8211; leveys 103 cm, korkeus 100 cm. My\u00f6s kyljet br\u00e4nd\u00e4tt\u00e4viss\u00e4 = + \u00e1 30 e. Tulostuskoko 53 x 100 cm.<br \/><br \/>\t\t\t\t\t\t\t\t<\/div>\n\t\t\t\t<\/div>\n\t\t\t\t\t<\/div>\n\t\t<\/div>\n\t\t\t\t\t<\/div>\n\t\t<\/section>\n\t\t\t\t<\/div>","protected":false},"excerpt":{"rendered":"<p>Kuvaus Takasein\u00e4n br\u00e4nd\u00e4ys:\u00a0 Decotex-kangas 1970 x 220 cm. Kiinnitys Velcro -tarranauhalla. Kangas on helposti irrotettava ja uudelleenk\u00e4ytett\u00e4viss\u00e4. Tulostustiedosto toimitettava 14 p\u00e4iv\u00e4\u00e4 (viimeist\u00e4\u00e4n 8.8.) ennen tapahtumaa: pdf-tiedosto 150 dpi, 100 % koossa, cmyk, 5 mm bleedit, ei leikkausmerkkej\u00e4. Aineistokoko: 1970x2200mm Osastovaraukseen kuuluvat tuotteet: Sein\u00e4t:\u00a0 4 sein\u00e4elementti\u00e4 profiilirakenteesta valkoisilla sein\u00e4levyill\u00e4. Sein\u00e4n korkeus 220 cm. Sivusein\u00e4kkeiden leveys 100 [&hellip;]<\/p>\n","protected":false},"featured_media":11579,"template":"","meta":{"_joinchat":[]},"product_brand":[],"product_cat":[107],"product_tag":[],"class_list":{"0":"post-1300","1":"product","2":"type-product","3":"status-publish","4":"has-post-thumbnail","6":"product_cat-terveys-ja-talous-paivat-helsinki-27-28-8-2025","8":"first","9":"instock","10":"shipping-taxable","11":"purchasable","12":"product-type-simple"},"_links":{"self":[{"href":"https:\/\/taikalyhty.fi\/en\/wp-json\/wp\/v2\/product\/1300","targetHints":{"allow":["GET"]}}],"collection":[{"href":"https:\/\/taikalyhty.fi\/en\/wp-json\/wp\/v2\/product"}],"about":[{"href":"https:\/\/taikalyhty.fi\/en\/wp-json\/wp\/v2\/types\/product"}],"wp:featuredmedia":[{"embeddable":true,"href":"https:\/\/taikalyhty.fi\/en\/wp-json\/wp\/v2\/media\/11579"}],"wp:attachment":[{"href":"https:\/\/taikalyhty.fi\/en\/wp-json\/wp\/v2\/media?parent=1300"}],"wp:term":[{"taxonomy":"product_brand","embeddable":true,"href":"https:\/\/taikalyhty.fi\/en\/wp-json\/wp\/v2\/product_brand?post=1300"},{"taxonomy":"product_cat","embeddable":true,"href":"https:\/\/taikalyhty.fi\/en\/wp-json\/wp\/v2\/product_cat?post=1300"},{"taxonomy":"product_tag","embeddable":true,"href":"https:\/\/taikalyhty.fi\/en\/wp-json\/wp\/v2\/product_tag?post=1300"}],"curies":[{"name":"wp","href":"https:\/\/api.w.org\/{rel}","templated":true}]}}