{"id":1298,"date":"2023-04-11T14:49:04","date_gmt":"2023-04-11T11:49:04","guid":{"rendered":"https:\/\/taikalyhty.fi\/?post_type=product&#038;p=1298"},"modified":"2024-10-31T12:46:04","modified_gmt":"2024-10-31T10:46:04","slug":"malliosasto-2-x-2-m-pystypoydalla","status":"publish","type":"product","link":"https:\/\/taikalyhty.fi\/en\/product\/malliosasto-2-x-2-m-pystypoydalla\/","title":{"rendered":"Malli: Perusn\u00e4yttelypaikka 2 x 2 ja 2 x 1,5 m"},"content":{"rendered":"<p>Osastovaraukseen sis\u00e4ltyv\u00e4t tuotteet:<\/p>\n<p><strong>Sein\u00e4t:\u00a0<\/strong><br \/>\n4 sein\u00e4elementti\u00e4 profiilirakenteesta valkoisilla sein\u00e4levyill\u00e4. Sein\u00e4n korkeus 220 cm. Sivusein\u00e4kkeiden leveys 100 cm.<\/p>\n<p><strong>Valaistus:<\/strong><br \/>\nLED-varsivalot 2 kpl<\/p>\n<p><b>Kalusteet tilattavissa erikseen.<\/b><\/p>\n<p>&nbsp;<\/p>\n<p><strong>Huom:\u00a0<\/strong><br \/>\nLis\u00e4tiedot osastosta, sek\u00e4 osaston varaukset ja laskutus Terveys ja Talous ry:lt\u00e4.<\/p>","protected":false},"excerpt":{"rendered":"<p>Osastovaraukseen sis\u00e4ltyv\u00e4t tuotteet: Sein\u00e4t:\u00a0 4 sein\u00e4elementti\u00e4 profiilirakenteesta valkoisilla sein\u00e4levyill\u00e4. Sein\u00e4n korkeus 220 cm. Sivusein\u00e4kkeiden leveys 100 cm. Valaistus: LED-varsivalot 2 kpl Kalusteet tilattavissa erikseen. &nbsp; Huom:\u00a0 Lis\u00e4tiedot osastosta, sek\u00e4 osaston varaukset ja laskutus Terveys ja Talous ry:lt\u00e4.<\/p>","protected":false},"featured_media":11041,"template":"","meta":{"_joinchat":[]},"product_brand":[],"product_cat":[107],"product_tag":[],"class_list":{"0":"post-1298","1":"product","2":"type-product","3":"status-publish","4":"has-post-thumbnail","6":"product_cat-terveys-ja-talous-paivat-helsinki-27-28-8-2025","8":"first","9":"instock","10":"shipping-taxable","11":"product-type-simple"},"_links":{"self":[{"href":"https:\/\/taikalyhty.fi\/en\/wp-json\/wp\/v2\/product\/1298","targetHints":{"allow":["GET"]}}],"collection":[{"href":"https:\/\/taikalyhty.fi\/en\/wp-json\/wp\/v2\/product"}],"about":[{"href":"https:\/\/taikalyhty.fi\/en\/wp-json\/wp\/v2\/types\/product"}],"wp:featuredmedia":[{"embeddable":true,"href":"https:\/\/taikalyhty.fi\/en\/wp-json\/wp\/v2\/media\/11041"}],"wp:attachment":[{"href":"https:\/\/taikalyhty.fi\/en\/wp-json\/wp\/v2\/media?parent=1298"}],"wp:term":[{"taxonomy":"product_brand","embeddable":true,"href":"https:\/\/taikalyhty.fi\/en\/wp-json\/wp\/v2\/product_brand?post=1298"},{"taxonomy":"product_cat","embeddable":true,"href":"https:\/\/taikalyhty.fi\/en\/wp-json\/wp\/v2\/product_cat?post=1298"},{"taxonomy":"product_tag","embeddable":true,"href":"https:\/\/taikalyhty.fi\/en\/wp-json\/wp\/v2\/product_tag?post=1298"}],"curies":[{"name":"wp","href":"https:\/\/api.w.org\/{rel}","templated":true}]}}