{"id":1291,"date":"2023-04-11T14:49:03","date_gmt":"2023-04-11T11:49:03","guid":{"rendered":"https:\/\/taikalyhty.fi\/?post_type=product&#038;p=1291"},"modified":"2025-12-01T09:38:23","modified_gmt":"2025-12-01T07:38:23","slug":"kulmaosasto-3-x-3-m-kalusteineen","status":"publish","type":"product","link":"https:\/\/taikalyhty.fi\/en\/product\/kulmaosasto-3-x-3-m-kalusteineen\/","title":{"rendered":"CORNER COMPARTMENT 3 x 3 m with furniture"},"content":{"rendered":"<p><strong>3x3m=9m2 kulmaosasto<\/strong> klassiseen malliin Consta -profiilij\u00e4rjestelm\u00e4ll\u00e4 sis\u00e4lt\u00e4en:<\/p>\n<ul>\n<li>3+3=6 jm messusein\u00e4 (h=2520mm)<\/li>\n<li>2kpl 3 jm ylivienti<\/li>\n<li>4 x LED -varsivalo tai virtakisko spottivaloilla.<\/li>\n<li>Otsalaudan br\u00e4nd\u00e4ys 2 kpl. Otsalaudan koko 1500x200mm.<\/li>\n<li>Infotiski K15<\/li>\n<li>Pystyp\u00f6yt\u00e4 K22 + 3 x baarijakkara<\/li>\n<li>K40 ZigZag -esiteteline<\/li>\n<li>Harmaa Rewind Flat -matto. Maton v\u00e4rin vaihto lis\u00e4veloituksella 9\u20ac\/m2<\/li>\n<\/ul>\n<p>Kalusteita l\u00f6ytyy eri v\u00e4risin\u00e4 ja mallisina. Voit lis\u00e4t\u00e4 toiveet kassalla tai l\u00e4hett\u00e4\u00e4 ne meilitse osoitteeseen taikalyhty(at)taikalyhty.fi<\/p>\n<p><em>HUOM. Taikalyhty varaa oikeuden vaihtaa kaluste samantyyliseen vastaavaan alkuper\u00e4isen kalusteen varastosaatavuuden loppuessa<\/em><\/p>\n<p><strong>Tilaukset viimeist\u00e4\u00e4n DL 24.3.<\/strong><\/p>\n<p>&nbsp;<\/p>","protected":false},"excerpt":{"rendered":"<p><span style=\"color: #000000;\"><strong>3x3m=9m2 kulmaosasto (2 sein\u00e4\u00e4 &#8211; 2 avointa sivua)<\/strong>\u00a0klassiseen malliin Consta -profiilij\u00e4rjestelm\u00e4ll\u00e4.<\/span><\/p>\n<p>Lis\u00e4tilauksena:<\/p>\n<p>Infotiskin etupinnan br\u00e4nd\u00e4ys = 80\u20ac.<br \/>\nEtupinnan ja 1 p\u00e4\u00e4dyn br\u00e4nd\u00e4ys = 125\u20ac.<br \/>\nEtupinnan ja 2 p\u00e4\u00e4dyn br\u00e4nd\u00e4ys\u00a0 = 170\u20ac<\/p>\n<p><strong>Tilaukset viimeist\u00e4\u00e4n DL 24.3.!<\/strong><\/p>\n<p>Suosittelemme kulmaosastoon kahta otsalautatulostetta.<\/p>\n<p>&nbsp;<\/p>","protected":false},"featured_media":1366,"template":"","meta":{"_joinchat":[]},"product_brand":[],"product_cat":[105,96,75],"product_tag":[],"class_list":{"0":"post-1291","1":"product","2":"type-product","3":"status-publish","4":"has-post-thumbnail","6":"product_cat-messuosastot-messuosastot","7":"product_cat-noutovuokraamo","8":"product_cat-sote-atk-2026","10":"first","11":"instock","12":"shipping-taxable","13":"purchasable","14":"product-type-simple"},"_links":{"self":[{"href":"https:\/\/taikalyhty.fi\/en\/wp-json\/wp\/v2\/product\/1291","targetHints":{"allow":["GET"]}}],"collection":[{"href":"https:\/\/taikalyhty.fi\/en\/wp-json\/wp\/v2\/product"}],"about":[{"href":"https:\/\/taikalyhty.fi\/en\/wp-json\/wp\/v2\/types\/product"}],"wp:featuredmedia":[{"embeddable":true,"href":"https:\/\/taikalyhty.fi\/en\/wp-json\/wp\/v2\/media\/1366"}],"wp:attachment":[{"href":"https:\/\/taikalyhty.fi\/en\/wp-json\/wp\/v2\/media?parent=1291"}],"wp:term":[{"taxonomy":"product_brand","embeddable":true,"href":"https:\/\/taikalyhty.fi\/en\/wp-json\/wp\/v2\/product_brand?post=1291"},{"taxonomy":"product_cat","embeddable":true,"href":"https:\/\/taikalyhty.fi\/en\/wp-json\/wp\/v2\/product_cat?post=1291"},{"taxonomy":"product_tag","embeddable":true,"href":"https:\/\/taikalyhty.fi\/en\/wp-json\/wp\/v2\/product_tag?post=1291"}],"curies":[{"name":"wp","href":"https:\/\/api.w.org\/{rel}","templated":true}]}}