{"id":1268,"date":"2023-04-11T14:48:25","date_gmt":"2023-04-11T11:48:25","guid":{"rendered":"https:\/\/taikalyhty.fi\/?post_type=product&#038;p=1268"},"modified":"2026-02-11T12:50:32","modified_gmt":"2026-02-11T10:50:32","slug":"huppu-k22-baaripoytaan-valkoinen-musta-punainen","status":"publish","type":"product","link":"https:\/\/taikalyhty.fi\/en\/product\/huppu-k22-baaripoytaan-valkoinen-musta-punainen\/","title":{"rendered":"Huppu K22 Baarip\u00f6yt\u00e4\u00e4n (valkoinen, musta, punainen)"},"content":{"rendered":"<p>Perinteiseen K22 Baarip\u00f6yt\u00e4\u00e4mme saat nyt valittua tyylikk\u00e4\u00e4n, vastuullisen ja kest\u00e4v\u00e4n EU:ssa valmistetun \u00d6ko-Tex stretch -kangashupun. Valittavana:<\/p>\n<ul>\n<li>Valkoinen (12)<\/li>\n<li>Musta (8)<\/li>\n<li>Punainen (6)<\/li>\n<\/ul>\n<p>Kysy my\u00f6s muita v\u00e4rej\u00e4.<\/p>\n<p>Viimeinen tilausp\u00e4iv\u00e4 on 16.3.!<\/p>\n<p><img fetchpriority=\"high\" decoding=\"async\" src=\"https:\/\/taikalyhty.fi\/wp-content\/uploads\/2023\/02\/huppu.jpg\" sizes=\"(max-width: 522px) 100vw, 522px\" srcset=\"https:\/\/taikalyhty.fi\/wp-content\/uploads\/2023\/02\/huppu.jpg 522w, https:\/\/taikalyhty.fi\/wp-content\/uploads\/2023\/02\/huppu-288x300.jpg 288w\" alt=\"\" width=\"522\" height=\"543\" \/><\/p>","protected":false},"excerpt":{"rendered":"<p>Perinteiseen K22 Baarip\u00f6yt\u00e4\u00e4mme saat nyt valittua tyylikk\u00e4\u00e4n, vastuullisen ja kest\u00e4v\u00e4n EU:ssa valmistetun \u00d6ko-Tex stretch -kangashupun. Valittavana: Valkoinen (12) Musta (8) Punainen (6) Kysy my\u00f6s muita v\u00e4rej\u00e4. Viimeinen tilausp\u00e4iv\u00e4 on 16.3.!<\/p>","protected":false},"featured_media":1351,"template":"","meta":{"_joinchat":[]},"product_brand":[],"product_cat":[56,119],"product_tag":[],"class_list":{"0":"post-1268","1":"product","2":"type-product","3":"status-publish","4":"has-post-thumbnail","6":"product_cat-baaripoydat","7":"product_cat-nuori2026","9":"first","10":"instock","11":"shipping-taxable","12":"purchasable","13":"product-type-simple"},"_links":{"self":[{"href":"https:\/\/taikalyhty.fi\/en\/wp-json\/wp\/v2\/product\/1268","targetHints":{"allow":["GET"]}}],"collection":[{"href":"https:\/\/taikalyhty.fi\/en\/wp-json\/wp\/v2\/product"}],"about":[{"href":"https:\/\/taikalyhty.fi\/en\/wp-json\/wp\/v2\/types\/product"}],"wp:featuredmedia":[{"embeddable":true,"href":"https:\/\/taikalyhty.fi\/en\/wp-json\/wp\/v2\/media\/1351"}],"wp:attachment":[{"href":"https:\/\/taikalyhty.fi\/en\/wp-json\/wp\/v2\/media?parent=1268"}],"wp:term":[{"taxonomy":"product_brand","embeddable":true,"href":"https:\/\/taikalyhty.fi\/en\/wp-json\/wp\/v2\/product_brand?post=1268"},{"taxonomy":"product_cat","embeddable":true,"href":"https:\/\/taikalyhty.fi\/en\/wp-json\/wp\/v2\/product_cat?post=1268"},{"taxonomy":"product_tag","embeddable":true,"href":"https:\/\/taikalyhty.fi\/en\/wp-json\/wp\/v2\/product_tag?post=1268"}],"curies":[{"name":"wp","href":"https:\/\/api.w.org\/{rel}","templated":true}]}}