{"id":1267,"date":"2023-04-11T14:48:25","date_gmt":"2023-04-11T11:48:25","guid":{"rendered":"https:\/\/taikalyhty.fi\/?post_type=product&#038;p=1267"},"modified":"2025-11-17T10:28:50","modified_gmt":"2025-11-17T08:28:50","slug":"taskuosasto-3-x-6-m-kalusteineen","status":"publish","type":"product","link":"https:\/\/taikalyhty.fi\/en\/product\/taskuosasto-3-x-6-m-kalusteineen\/","title":{"rendered":"POCKET COMPARTMENT 3 x 6 m with furniture"},"content":{"rendered":"<p><strong>3x6m=18 m2 taskuosasto<\/strong> klassiseen malliin Consta -profiilij\u00e4rjestelm\u00e4ll\u00e4 sis\u00e4lt\u00e4en:<\/p>\n<ul>\n<li>3+6+3 jm messusein\u00e4 (h=2520mm)<\/li>\n<li>3+6 jm ylivienti ja tukipilari<\/li>\n<li>8 x LED -varsivalo tai virtakisko spottivaloilla<\/li>\n<li>Otsalaudan br\u00e4nd\u00e4ys. Otsalaudan koko 1500x200mm.<\/li>\n<li>Infotiski K15<\/li>\n<li>Pystyp\u00f6yt\u00e4 K22 + 3 x baarijakkara<\/li>\n<li>K40 ZigZag -esiteteline<\/li>\n<li>Tummanharmaa Rewind Flat -matto (maton v\u00e4rin vaihto lis\u00e4veloituksella 9\u20ac\/m2)Tilaukset viimeist\u00e4\u00e4n 1.4.!<\/li>\n<\/ul>\n<p>Kalusteita l\u00f6ytyy eri v\u00e4risin\u00e4 ja mallisina. Voit lis\u00e4t\u00e4 toiveet kassalla tai l\u00e4hett\u00e4\u00e4 ne meilitse osoitteeseen taikalyhty(at)taikalyhty.fi<\/p>\n<p><em>HUOM. Taikalyhty varaa oikeuden vaihtaa kaluste samantyyliseen vastaavaan alkuper\u00e4isen kalusteen varastosaatavuuden loppuessa<\/em><\/p>\n<p>&nbsp;<\/p>","protected":false},"excerpt":{"rendered":"<p><span style=\"color: #000000;\"><strong>3x6m=18m2 taskuosasto (3 sein\u00e4\u00e4 &#8211; 1 avoin sivu)<\/strong>\u00a0klassiseen malliin Consta -profiilij\u00e4rjestelm\u00e4ll\u00e4.<\/span><\/p>\n<p>Lis\u00e4tilauksella:<\/p>\n<p>Infotiskin etupinnan br\u00e4nd\u00e4ys = 160\u20ac.<br \/>\nEtupinnan ja 1 p\u00e4\u00e4dyn br\u00e4nd\u00e4ys = 205\u20ac.<br \/>\nEtupinnan ja 2 p\u00e4\u00e4dyn br\u00e4nd\u00e4ys\u00a0 = 250\u20ac<\/p>\n<p>HUOM! Tulostusaineistojen DL 1.4.<\/p>","protected":false},"featured_media":1348,"template":"","meta":{"_joinchat":[]},"product_brand":[],"product_cat":[105],"product_tag":[],"class_list":{"0":"post-1267","1":"product","2":"type-product","3":"status-publish","4":"has-post-thumbnail","6":"product_cat-messuosastot-messuosastot","8":"first","9":"instock","10":"shipping-taxable","11":"purchasable","12":"product-type-simple"},"_links":{"self":[{"href":"https:\/\/taikalyhty.fi\/en\/wp-json\/wp\/v2\/product\/1267","targetHints":{"allow":["GET"]}}],"collection":[{"href":"https:\/\/taikalyhty.fi\/en\/wp-json\/wp\/v2\/product"}],"about":[{"href":"https:\/\/taikalyhty.fi\/en\/wp-json\/wp\/v2\/types\/product"}],"wp:featuredmedia":[{"embeddable":true,"href":"https:\/\/taikalyhty.fi\/en\/wp-json\/wp\/v2\/media\/1348"}],"wp:attachment":[{"href":"https:\/\/taikalyhty.fi\/en\/wp-json\/wp\/v2\/media?parent=1267"}],"wp:term":[{"taxonomy":"product_brand","embeddable":true,"href":"https:\/\/taikalyhty.fi\/en\/wp-json\/wp\/v2\/product_brand?post=1267"},{"taxonomy":"product_cat","embeddable":true,"href":"https:\/\/taikalyhty.fi\/en\/wp-json\/wp\/v2\/product_cat?post=1267"},{"taxonomy":"product_tag","embeddable":true,"href":"https:\/\/taikalyhty.fi\/en\/wp-json\/wp\/v2\/product_tag?post=1267"}],"curies":[{"name":"wp","href":"https:\/\/api.w.org\/{rel}","templated":true}]}}