{"id":1266,"date":"2023-04-11T14:48:24","date_gmt":"2023-04-11T11:48:24","guid":{"rendered":"https:\/\/taikalyhty.fi\/?post_type=product&#038;p=1266"},"modified":"2025-11-17T10:29:15","modified_gmt":"2025-11-17T08:29:15","slug":"taskuosasto-3-x-6-m-yksi-brandatty-seina","status":"publish","type":"product","link":"https:\/\/taikalyhty.fi\/en\/product\/taskuosasto-3-x-6-m-yksi-brandatty-seina\/","title":{"rendered":"TASKUOSASTO 3 x 6 m: yksi br\u00e4nd\u00e4tty sein\u00e4"},"content":{"rendered":"<p><strong>3x6m=18 m2 taskuosasto<\/strong> klassiseen malliin Consta -profiilij\u00e4rjestelm\u00e4ll\u00e4 sis\u00e4lt\u00e4en:<\/p>\n<ul>\n<li>3+6+3=12jm messusein\u00e4 (h=2520mm)<\/li>\n<li>Decotex -kangastuloste 6000x2500mm takasein\u00e4ll\u00e4 (lis\u00e4tuloste sivusein\u00e4\u00e4n + 450\u20ac)<\/li>\n<li>Saat kankaan halutessasi mukaan tapahtuman j\u00e4lkeen (ei lis\u00e4veloitusta)<\/li>\n<li>6 jm ylivienti<\/li>\n<li>Otsalaudan br\u00e4nd\u00e4ys. Otsalaudan koko 1500x200mm.<\/li>\n<li>8 x LED -varsivalo tai virtakisko spottivaloilla<\/li>\n<li>Infotiski K15 tuplalevyisen\u00e4: 2030 x 530 x 1000mm (LxSxK)<\/li>\n<li>2 x Pystyp\u00f6yt\u00e4 K22 + 6 x baarijakkara<\/li>\n<li>K40 ZigZag -esiteteline<\/li>\n<li>Tummanharmaa Rewind Flat -matto (maton v\u00e4rin vaihto lis\u00e4veloituksella 9\u20ac\/m2)Kalusteita l\u00f6ytyy eri v\u00e4risin\u00e4 ja mallisina. Voit lis\u00e4t\u00e4 toiveet kassalla tai l\u00e4hett\u00e4\u00e4 ne meilitse osoitteeseen taikalyhty(at)taikalyhty.fiTilaukset ja tulostusaineistot viimeist\u00e4\u00e4n 1.4.!<\/li>\n<\/ul>\n<p>&nbsp;<\/p>\n<p><em>HUOM. Taikalyhty varaa oikeuden vaihtaa kaluste samantyyliseen vastaavaan alkuper\u00e4isen kalusteen varastosaatavuuden loppuessa<\/em><\/p>\n<p>Aineistokoot;<\/p>\n<p>Takasein\u00e4: 5970 x 2500mm<\/p>\n<p>Tiskin etulevy: 1030 x 1000mm<\/p>\n<p>Tiskin sivulevy: 530 x 1000mm<\/p>\n<p>Aineisto-ohje l\u00f6ytyy kuvagalleriasta.<\/p>\n<p><a href=\"file:\/\/\/C:\/Users\/Omistaja\/Downloads\/Tasku-6x3-1.pdf\">Lataa aineisto-ohjeet t\u00e4\u00e4lt\u00e4<\/a><\/p>","protected":false},"excerpt":{"rendered":"<p><span style=\"color: #000000;\"><strong>3x6m=18m2 taskuosasto (3 sein\u00e4\u00e4 &#8211; 1 avoin sivu)<\/strong>\u00a0klassiseen malliin Consta -profiilij\u00e4rjestelm\u00e4ll\u00e4.<\/span><\/p>\n<p>Infotiskin etupinnan br\u00e4nd\u00e4ys = 160\u20ac.<br \/>\nEtupinnan ja 1 p\u00e4\u00e4dyn br\u00e4nd\u00e4ys = 205\u20ac.<br \/>\nEtupinnan ja 2 p\u00e4\u00e4dyn br\u00e4nd\u00e4ys\u00a0 = 250\u20ac<\/p>\n<p>HUOM! Tulostusaineistojen DL 1.4.<\/p>\n<p>Sein\u00e4kankaan saat halutessasi mukaan tapahtuman j\u00e4lkeen ilman lis\u00e4veloitusta.<\/p>","protected":false},"featured_media":1343,"template":"","meta":{"_joinchat":[]},"product_brand":[],"product_cat":[105,96],"product_tag":[],"class_list":{"0":"post-1266","1":"product","2":"type-product","3":"status-publish","4":"has-post-thumbnail","6":"product_cat-messuosastot-messuosastot","7":"product_cat-noutovuokraamo","9":"first","10":"instock","11":"shipping-taxable","12":"purchasable","13":"product-type-simple"},"_links":{"self":[{"href":"https:\/\/taikalyhty.fi\/en\/wp-json\/wp\/v2\/product\/1266","targetHints":{"allow":["GET"]}}],"collection":[{"href":"https:\/\/taikalyhty.fi\/en\/wp-json\/wp\/v2\/product"}],"about":[{"href":"https:\/\/taikalyhty.fi\/en\/wp-json\/wp\/v2\/types\/product"}],"wp:featuredmedia":[{"embeddable":true,"href":"https:\/\/taikalyhty.fi\/en\/wp-json\/wp\/v2\/media\/1343"}],"wp:attachment":[{"href":"https:\/\/taikalyhty.fi\/en\/wp-json\/wp\/v2\/media?parent=1266"}],"wp:term":[{"taxonomy":"product_brand","embeddable":true,"href":"https:\/\/taikalyhty.fi\/en\/wp-json\/wp\/v2\/product_brand?post=1266"},{"taxonomy":"product_cat","embeddable":true,"href":"https:\/\/taikalyhty.fi\/en\/wp-json\/wp\/v2\/product_cat?post=1266"},{"taxonomy":"product_tag","embeddable":true,"href":"https:\/\/taikalyhty.fi\/en\/wp-json\/wp\/v2\/product_tag?post=1266"}],"curies":[{"name":"wp","href":"https:\/\/api.w.org\/{rel}","templated":true}]}}