{"id":1258,"date":"2023-04-11T14:48:00","date_gmt":"2023-04-11T11:48:00","guid":{"rendered":"https:\/\/taikalyhty.fi\/?post_type=product&#038;p=1258"},"modified":"2025-12-05T08:37:17","modified_gmt":"2025-12-05T06:37:17","slug":"wifi-yhteys","status":"publish","type":"product","link":"https:\/\/taikalyhty.fi\/en\/product\/wifi-yhteys\/","title":{"rendered":"WiFi connection"},"content":{"rendered":"","protected":false},"excerpt":{"rendered":"<p>Verkon toimintakyky\u00e4 tapahtumien aikaan emme pysty takaamaan. Jos internet-yhteyden vakaa toiminta on t\u00e4rke\u00e4\u00e4,<br \/>\nsuosittelemme kiinte\u00e4\u00e4 liittym\u00e4\u00e4 osastolle.<\/p>\n<p>Tilaa tarvitsemasi nettiliittym\u00e4 vaihtoehdoista.<\/p>","protected":false},"featured_media":11361,"template":"","meta":{"_joinchat":[]},"product_brand":[],"product_cat":[75,21],"product_tag":[],"class_list":{"0":"post-1258","1":"product","2":"type-product","3":"status-publish","4":"has-post-thumbnail","6":"product_cat-sote-atk-2026","7":"product_cat-yleinen","9":"first","10":"instock","11":"shipping-taxable","12":"product-type-simple"},"_links":{"self":[{"href":"https:\/\/taikalyhty.fi\/en\/wp-json\/wp\/v2\/product\/1258","targetHints":{"allow":["GET"]}}],"collection":[{"href":"https:\/\/taikalyhty.fi\/en\/wp-json\/wp\/v2\/product"}],"about":[{"href":"https:\/\/taikalyhty.fi\/en\/wp-json\/wp\/v2\/types\/product"}],"wp:featuredmedia":[{"embeddable":true,"href":"https:\/\/taikalyhty.fi\/en\/wp-json\/wp\/v2\/media\/11361"}],"wp:attachment":[{"href":"https:\/\/taikalyhty.fi\/en\/wp-json\/wp\/v2\/media?parent=1258"}],"wp:term":[{"taxonomy":"product_brand","embeddable":true,"href":"https:\/\/taikalyhty.fi\/en\/wp-json\/wp\/v2\/product_brand?post=1258"},{"taxonomy":"product_cat","embeddable":true,"href":"https:\/\/taikalyhty.fi\/en\/wp-json\/wp\/v2\/product_cat?post=1258"},{"taxonomy":"product_tag","embeddable":true,"href":"https:\/\/taikalyhty.fi\/en\/wp-json\/wp\/v2\/product_tag?post=1258"}],"curies":[{"name":"wp","href":"https:\/\/api.w.org\/{rel}","templated":true}]}}