{"id":1248,"date":"2023-04-11T14:47:35","date_gmt":"2023-04-11T11:47:35","guid":{"rendered":"https:\/\/taikalyhty.fi\/?post_type=product&#038;p=1248"},"modified":"2025-12-05T08:57:28","modified_gmt":"2025-12-05T06:57:28","slug":"taskuosasto-3-x-3-m-yksi-brandatty-seina","status":"publish","type":"product","link":"https:\/\/taikalyhty.fi\/en\/product\/taskuosasto-3-x-3-m-yksi-brandatty-seina\/","title":{"rendered":"TASKUOSASTO 3 x 3 m: yksi br\u00e4nd\u00e4tty sein\u00e4"},"content":{"rendered":"<p><strong>3x3m=9m2 taskuosasto<\/strong> klassiseen malliin Consta -profiilij\u00e4rjestelm\u00e4ll\u00e4 sis\u00e4lt\u00e4en:<\/p>\n<ul>\n<li>3+3+3jm messusein\u00e4 (h=2520mm)<\/li>\n<li>Decotex -kangastuloste 3000x2500mm yhdell\u00e4 sein\u00e4ll\u00e4 (lis\u00e4sein\u00e4n tuloste +490\u20ac)<\/li>\n<li>3jm ylivienti<\/li>\n<li>Otsalaudan br\u00e4nd\u00e4ys. Otsalaudan koko 1500x200mm.<\/li>\n<li>4 x LED -varsivalo tai virtakisko spottivaloilla<\/li>\n<li>Infotiski K15<\/li>\n<li>Pystyp\u00f6yt\u00e4 K22 + 3 x K25 Ezio -jakkara<\/li>\n<li>K40 ZigZag -esiteteline<\/li>\n<li>Harmaa Rewind Flat -matto (maton v\u00e4rin vaihto lis\u00e4veloituksella 9\u20ac\/m2)<\/li>\n<\/ul>\n<p>Kalusteita l\u00f6ytyy eri v\u00e4risin\u00e4 ja mallisina. Voit lis\u00e4t\u00e4 toiveet kassalla tai l\u00e4hett\u00e4\u00e4 ne s\u00e4hk\u00f6postilla osoitteeseen taikalyhty(at)taikalyhty.fi<\/p>\n<p><strong>Tilaukset viimeist\u00e4\u00e4n 23.4.<\/strong><\/p>\n<p>Aineistokoot:<\/p>\n<p>Sein\u00e4aineisto: 2970 x 2500mm<\/p>\n<p>Tiskin etulevy: 1030 x 1000mm<\/p>\n<p>Tiskin sivulevy: 530 x 1000mm<\/p>\n<p>Aineisto-ohje l\u00f6ytyy kuvagalleriasta.<\/p>\n<p>&nbsp;<\/p>\n<p><a href=\"https:\/\/taikalyhty.fi\/wp-content\/uploads\/2025\/12\/Artwork-quide-for-3x3-booth-.pdf\" target=\"_blank\" rel=\"noopener\">Lataa aineisto-ohje (pdf) t\u00e4\u00e4lt\u00e4.<\/a><\/p>\n<p>&nbsp;<\/p>","protected":false},"excerpt":{"rendered":"<p><span style=\"color: #000000;\"><strong>3x3m=9m2 taskuosasto (3 sein\u00e4\u00e4 &#8211; 1 avoin sivu)<\/strong>\u00a0klassiseen malliin Consta -profiilij\u00e4rjestelm\u00e4ll\u00e4.<\/span><\/p>\n<p>Lis\u00e4tilauksena:<\/p>\n<p>Infotiskin etupinnan br\u00e4nd\u00e4ys = 80\u20ac.<br \/>\nEtupinnan ja 1 p\u00e4\u00e4dyn br\u00e4nd\u00e4ys = 125\u20ac.<br \/>\nEtupinnan ja 2 p\u00e4\u00e4dyn br\u00e4nd\u00e4ys\u00a0 = 170\u20ac.<\/p>\n<p><strong>HUOM! Tulostusaineistojen DL 23.4.!<\/strong><\/p>\n<p>&nbsp;<\/p>\n<p><a href=\"https:\/\/taikalyhty.fi\/wp-content\/uploads\/2025\/12\/Artwork-quide-for-3x3-booth-.pdf\" target=\"_blank\" rel=\"noopener\">Lataa aineisto-ohje (pdf) t\u00e4\u00e4lt\u00e4.<\/a><\/p>\n<p>Sein\u00e4kankaan saat halutessasi mukaan tapahtuman j\u00e4lkeen ilman lis\u00e4veloitusta.<\/p>","protected":false},"featured_media":1317,"template":"","meta":{"_joinchat":[]},"product_brand":[],"product_cat":[105,96,75],"product_tag":[],"class_list":{"0":"post-1248","1":"product","2":"type-product","3":"status-publish","4":"has-post-thumbnail","6":"product_cat-messuosastot-messuosastot","7":"product_cat-noutovuokraamo","8":"product_cat-sote-atk-2026","10":"first","11":"instock","12":"shipping-taxable","13":"purchasable","14":"product-type-simple"},"_links":{"self":[{"href":"https:\/\/taikalyhty.fi\/en\/wp-json\/wp\/v2\/product\/1248","targetHints":{"allow":["GET"]}}],"collection":[{"href":"https:\/\/taikalyhty.fi\/en\/wp-json\/wp\/v2\/product"}],"about":[{"href":"https:\/\/taikalyhty.fi\/en\/wp-json\/wp\/v2\/types\/product"}],"wp:featuredmedia":[{"embeddable":true,"href":"https:\/\/taikalyhty.fi\/en\/wp-json\/wp\/v2\/media\/1317"}],"wp:attachment":[{"href":"https:\/\/taikalyhty.fi\/en\/wp-json\/wp\/v2\/media?parent=1248"}],"wp:term":[{"taxonomy":"product_brand","embeddable":true,"href":"https:\/\/taikalyhty.fi\/en\/wp-json\/wp\/v2\/product_brand?post=1248"},{"taxonomy":"product_cat","embeddable":true,"href":"https:\/\/taikalyhty.fi\/en\/wp-json\/wp\/v2\/product_cat?post=1248"},{"taxonomy":"product_tag","embeddable":true,"href":"https:\/\/taikalyhty.fi\/en\/wp-json\/wp\/v2\/product_tag?post=1248"}],"curies":[{"name":"wp","href":"https:\/\/api.w.org\/{rel}","templated":true}]}}