{"id":1241,"date":"2023-04-11T14:47:34","date_gmt":"2023-04-11T11:47:34","guid":{"rendered":"https:\/\/taikalyhty.fi\/?post_type=product&#038;p=1241"},"modified":"2023-07-13T21:54:24","modified_gmt":"2023-07-13T18:54:24","slug":"kuvausseina-4-x-25m","status":"publish","type":"product","link":"https:\/\/taikalyhty.fi\/en\/product\/kuvausseina-4-x-25m\/","title":{"rendered":"Filming wall 4 x 2.5m"},"content":{"rendered":"<p>Br\u00e4nd\u00e4tty kuvaussein\u00e4 (photo wall) joustavasti tilaisuuteesi.<\/p>\n<ul>\n<li>Rakenne alumiiniprofiili<\/li>\n<li>Syvyys vain 33cm<\/li>\n<li><i>Etulaita tulostettu levy tai kangas<\/i><\/li>\n<li>Takalaidassa musta molton -peittokangas<\/li>\n<\/ul>\n<figure><\/figure>\n<figure><\/figure>\n<p>&nbsp;<\/p>","protected":false},"excerpt":{"rendered":"<p>Br\u00e4nd\u00e4tty kuvaussein\u00e4 (photo wall), asennettuna paikalleen. LED -valaistus +100\u20ac.<\/p>","protected":false},"featured_media":1304,"template":"","meta":{"_joinchat":[]},"product_brand":[],"product_cat":[62,42,59,95],"product_tag":[],"class_list":{"0":"post-1241","1":"product","2":"type-product","3":"status-publish","4":"has-post-thumbnail","6":"product_cat-consta","7":"product_cat-perustuotteet-messuille","8":"product_cat-rakenteet","9":"product_cat-teippaukset-ja-tulostukset","11":"first","12":"instock","13":"shipping-taxable","14":"purchasable","15":"product-type-simple"},"_links":{"self":[{"href":"https:\/\/taikalyhty.fi\/en\/wp-json\/wp\/v2\/product\/1241","targetHints":{"allow":["GET"]}}],"collection":[{"href":"https:\/\/taikalyhty.fi\/en\/wp-json\/wp\/v2\/product"}],"about":[{"href":"https:\/\/taikalyhty.fi\/en\/wp-json\/wp\/v2\/types\/product"}],"wp:featuredmedia":[{"embeddable":true,"href":"https:\/\/taikalyhty.fi\/en\/wp-json\/wp\/v2\/media\/1304"}],"wp:attachment":[{"href":"https:\/\/taikalyhty.fi\/en\/wp-json\/wp\/v2\/media?parent=1241"}],"wp:term":[{"taxonomy":"product_brand","embeddable":true,"href":"https:\/\/taikalyhty.fi\/en\/wp-json\/wp\/v2\/product_brand?post=1241"},{"taxonomy":"product_cat","embeddable":true,"href":"https:\/\/taikalyhty.fi\/en\/wp-json\/wp\/v2\/product_cat?post=1241"},{"taxonomy":"product_tag","embeddable":true,"href":"https:\/\/taikalyhty.fi\/en\/wp-json\/wp\/v2\/product_tag?post=1241"}],"curies":[{"name":"wp","href":"https:\/\/api.w.org\/{rel}","templated":true}]}}