{"id":1239,"date":"2023-04-11T14:47:34","date_gmt":"2023-04-11T11:47:34","guid":{"rendered":"https:\/\/taikalyhty.fi\/?post_type=product&#038;p=1239"},"modified":"2024-12-17T14:22:18","modified_gmt":"2024-12-17T12:22:18","slug":"taskuosasto-brandattyna-5-x-2-m","status":"publish","type":"product","link":"https:\/\/taikalyhty.fi\/en\/product\/taskuosasto-brandattyna-5-x-2-m\/","title":{"rendered":"Taskuosasto br\u00e4nd\u00e4ttyn\u00e4 5 x 2 m"},"content":{"rendered":"<p><strong>Sein\u00e4t:\u00a0<\/strong><br \/>\n9 sein\u00e4elementti\u00e4 profiilirakenteesta valkoisilla sein\u00e4levyill\u00e4, korkeus 250 cm.<br \/>\nDecotex -kangastuloste kahden kulman yli. Kankaan leveys 900 cm, korkeus 250 cm. Kiinnitys Velcro -tarranauhoilla. Kangas on helppo ottaa mukaan ja k\u00e4ytett\u00e4viss\u00e4 uudelleen.<\/p>\n<p><strong>Matto:\u00a0<\/strong><br \/>\nHarmaa huopamatto 10 m\u00b2 (muut v\u00e4rit lis\u00e4hinnalla 6 \u20ac \/ m\u00b2)<\/p>\n<p><strong>Valaistus:<\/strong><br \/>\nLED-varsivalot 9 kpl<\/p>\n<p><strong>Kalusteet:\u00a0<\/strong><br \/>\nInfotiski (leveys: 203 cm, syvyys: 53 cm, korkeus: 100 cm)<br \/>\nPystyp\u00f6yt\u00e4 py\u00f6re\u00e4ll\u00e4 kannella (halkaisija 60 cm), 2 kpl<br \/>\nEzio -jakkara, 4 kpl<br \/>\nEsiteteline<br \/>\nPaperikori<\/p>\n<p>Lis\u00e4tilauksena otsalauta ja tarratulosteena yrityksen nimi tai logo otsalautaan.<span style=\"font-size: 1rem;\">\u00a0<\/span><span style=\"font-size: 1rem;\">Otsalaudan kokonaiskorkeus 30 cm.<\/span><span style=\"font-size: 1rem;\"> Osastolla\u00a0 1 x 500 cm + 498 cm x 22 cm valkoinen levy.<br \/>\nTarratulosteen koko 200 cm x 22 cm.<\/span><\/p>\n<p>Lis\u00e4tilauksen hinta: 200 \u20ac<\/p>","protected":false},"excerpt":{"rendered":"<p>Sein\u00e4t:\u00a0 9 sein\u00e4elementti\u00e4 profiilirakenteesta valkoisilla sein\u00e4levyill\u00e4, korkeus 250 cm. Decotex -kangastuloste kahden kulman yli. Kankaan leveys 900 cm, korkeus 250 cm. Kiinnitys Velcro -tarranauhoilla. Kangas on helppo ottaa mukaan ja k\u00e4ytett\u00e4viss\u00e4 uudelleen. Matto:\u00a0 Harmaa huopamatto 10 m\u00b2 (muut v\u00e4rit lis\u00e4hinnalla 6 \u20ac \/ m\u00b2) Valaistus: LED-varsivalot 9 kpl Kalusteet:\u00a0 Infotiski (leveys: 203 cm, syvyys: 53 [&hellip;]<\/p>\n","protected":false},"featured_media":1282,"template":"","meta":{"_joinchat":[]},"product_brand":[],"product_cat":[104,105],"product_tag":[],"class_list":{"0":"post-1239","1":"product","2":"type-product","3":"status-publish","4":"has-post-thumbnail","6":"product_cat-messuosastot","7":"product_cat-messuosastot-messuosastot","9":"first","10":"instock","11":"shipping-taxable","12":"purchasable","13":"product-type-simple"},"_links":{"self":[{"href":"https:\/\/taikalyhty.fi\/en\/wp-json\/wp\/v2\/product\/1239","targetHints":{"allow":["GET"]}}],"collection":[{"href":"https:\/\/taikalyhty.fi\/en\/wp-json\/wp\/v2\/product"}],"about":[{"href":"https:\/\/taikalyhty.fi\/en\/wp-json\/wp\/v2\/types\/product"}],"wp:featuredmedia":[{"embeddable":true,"href":"https:\/\/taikalyhty.fi\/en\/wp-json\/wp\/v2\/media\/1282"}],"wp:attachment":[{"href":"https:\/\/taikalyhty.fi\/en\/wp-json\/wp\/v2\/media?parent=1239"}],"wp:term":[{"taxonomy":"product_brand","embeddable":true,"href":"https:\/\/taikalyhty.fi\/en\/wp-json\/wp\/v2\/product_brand?post=1239"},{"taxonomy":"product_cat","embeddable":true,"href":"https:\/\/taikalyhty.fi\/en\/wp-json\/wp\/v2\/product_cat?post=1239"},{"taxonomy":"product_tag","embeddable":true,"href":"https:\/\/taikalyhty.fi\/en\/wp-json\/wp\/v2\/product_tag?post=1239"}],"curies":[{"name":"wp","href":"https:\/\/api.w.org\/{rel}","templated":true}]}}