{"id":1236,"date":"2023-04-11T14:47:34","date_gmt":"2023-04-11T11:47:34","guid":{"rendered":"https:\/\/taikalyhty.fi\/?post_type=product&#038;p=1236"},"modified":"2024-10-31T13:32:23","modified_gmt":"2024-10-31T11:32:23","slug":"kulmaosasto-brandattyna-3-x-2-m","status":"publish","type":"product","link":"https:\/\/taikalyhty.fi\/en\/product\/kulmaosasto-brandattyna-3-x-2-m\/","title":{"rendered":"Kulmaosasto br\u00e4nd\u00e4ttyn\u00e4 3 x 2 m"},"content":{"rendered":"<p><strong>Sein\u00e4t:\u00a0<\/strong><br \/>\n5 sein\u00e4elementti\u00e4 profiilirakenteesta valkoisilla sein\u00e4levyill\u00e4, korkeus 250 cm<br \/>\nDecotex -tulostekangas kulman yli (kankaan leveys: 500 cm, korkeus: 250 cm). Kiinnitys Velcro -tarralla. Kangas on helposti irrotettava ja uudelleenk\u00e4ytett\u00e4viss\u00e4.<\/p>\n<p><strong>Matto:\u00a0<\/strong><br \/>\nHarmaa huopamatto 6 m\u00b2 (muut v\u00e4rit lis\u00e4hinnalla 6 \u20ac \/ m\u00b2)<\/p>\n<p><strong>Valaistus:<\/strong><br \/>\nLED-varsivalot 4 kpl<\/p>\n<p><strong>Kalusteet:\u00a0<\/strong><br \/>\nInfotiski (leveys: 103 cm, syvyys: 53 cm, korkeus: 100 cm)<br \/>\nPystyp\u00f6yt\u00e4 py\u00f6re\u00e4ll\u00e4 kannella (halkaisija 60 cm)<br \/>\nEzio -jakkara, 2 kpl<br \/>\nEsiteteline<br \/>\nPaperikori<\/p>\n<p>Lis\u00e4tilauksena otsalauta ja tarratulosteena yrityksen nimi tai logo otsalautaan.<span style=\"font-size: 1rem;\">\u00a0<\/span><span style=\"font-size: 1rem;\">Otsalaudan kokonaiskorkeus 30 cm.<\/span><span style=\"font-size: 1rem;\"> Osastolla 1 x 200 cm ja 1 x 300 cm otsalauta profiilirakenteesta, 1 x valkoinen levy 198 cm x 22 cm + 1 x valkoinen levy 298 cm x 22 cm. Tarratulosteen koko 100 cm x 22 cm.<\/span><\/p>\n<p>Lis\u00e4tilauksen hinta: 140 \u20ac<\/p>","protected":false},"excerpt":{"rendered":"<p>Sein\u00e4t:\u00a0 5 sein\u00e4elementti\u00e4 profiilirakenteesta valkoisilla sein\u00e4levyill\u00e4, korkeus 250 cm Decotex -tulostekangas kulman yli (kankaan leveys: 500 cm, korkeus: 250 cm). Kiinnitys Velcro -tarralla. Kangas on helposti irrotettava ja uudelleenk\u00e4ytett\u00e4viss\u00e4. Matto:\u00a0 Harmaa huopamatto 6 m\u00b2 (muut v\u00e4rit lis\u00e4hinnalla 6 \u20ac \/ m\u00b2) Valaistus: LED-varsivalot 4 kpl Kalusteet:\u00a0 Infotiski (leveys: 103 cm, syvyys: 53 cm, korkeus: 100 [&hellip;]<\/p>\n","protected":false},"featured_media":1279,"template":"","meta":{"_joinchat":[]},"product_brand":[],"product_cat":[105],"product_tag":[],"class_list":{"0":"post-1236","1":"product","2":"type-product","3":"status-publish","4":"has-post-thumbnail","6":"product_cat-messuosastot-messuosastot","8":"first","9":"instock","10":"shipping-taxable","11":"purchasable","12":"product-type-simple"},"_links":{"self":[{"href":"https:\/\/taikalyhty.fi\/en\/wp-json\/wp\/v2\/product\/1236","targetHints":{"allow":["GET"]}}],"collection":[{"href":"https:\/\/taikalyhty.fi\/en\/wp-json\/wp\/v2\/product"}],"about":[{"href":"https:\/\/taikalyhty.fi\/en\/wp-json\/wp\/v2\/types\/product"}],"wp:featuredmedia":[{"embeddable":true,"href":"https:\/\/taikalyhty.fi\/en\/wp-json\/wp\/v2\/media\/1279"}],"wp:attachment":[{"href":"https:\/\/taikalyhty.fi\/en\/wp-json\/wp\/v2\/media?parent=1236"}],"wp:term":[{"taxonomy":"product_brand","embeddable":true,"href":"https:\/\/taikalyhty.fi\/en\/wp-json\/wp\/v2\/product_brand?post=1236"},{"taxonomy":"product_cat","embeddable":true,"href":"https:\/\/taikalyhty.fi\/en\/wp-json\/wp\/v2\/product_cat?post=1236"},{"taxonomy":"product_tag","embeddable":true,"href":"https:\/\/taikalyhty.fi\/en\/wp-json\/wp\/v2\/product_tag?post=1236"}],"curies":[{"name":"wp","href":"https:\/\/api.w.org\/{rel}","templated":true}]}}