{"id":1231,"date":"2023-04-11T14:47:33","date_gmt":"2023-04-11T11:47:33","guid":{"rendered":"https:\/\/taikalyhty.fi\/?post_type=product&#038;p=1231"},"modified":"2024-12-17T11:46:09","modified_gmt":"2024-12-17T09:46:09","slug":"taskuosasto-2-x-2-m","status":"publish","type":"product","link":"https:\/\/taikalyhty.fi\/en\/product\/taskuosasto-2-x-2-m\/","title":{"rendered":"Pocket compartment 2 x 2 m"},"content":{"rendered":"<p><strong>Sein\u00e4t:\u00a0<\/strong><br \/>\n6 sein\u00e4elementti\u00e4 profiilirakenteesta valkoisilla sein\u00e4levyill\u00e4, korkeus 250 cm<\/p>\n<p><strong>Matto:\u00a0<\/strong><br \/>\nHarmaa huopamatto 4 m\u00b2 (muut v\u00e4rit lis\u00e4hinnalla 6 \u20ac \/ m\u00b2)<\/p>\n<p><strong>Valaistus:<\/strong><br \/>\nLED-varsivalot 6 kpl<\/p>\n<p><strong>Kalusteet:\u00a0<\/strong><br \/>\nInfotiski (leveys: 103 cm, syvyys: 53 cm, korkeus: 100 cm)<br \/>\nEzio -jakkara<br \/>\nEsiteteline<br \/>\nPaperikori<\/p>\n<p>Lis\u00e4tilauksena otsalauta ja tarratulosteena yrityksen nimi tai logo otsalautaan.<span style=\"font-size: 1rem;\">\u00a0<\/span><span style=\"font-size: 1rem;\">Otsalaudan kokonaiskorkeus 30 cm.<\/span><span style=\"font-size: 1rem;\"> Osastolla 1 x 200 cm otsalauta profiilirakenteesta + valkoinen levy 198 cm x 22 cm. Tarratulosteen koko 100 cm x 22 cm.<\/span><\/p>\n<p>Lis\u00e4tilauksen hinta: 120 \u20ac<\/p>","protected":false},"excerpt":{"rendered":"<p>Sein\u00e4t:\u00a0 6 sein\u00e4elementti\u00e4 profiilirakenteesta valkoisilla sein\u00e4levyill\u00e4, korkeus 250 cm Matto:\u00a0 Harmaa huopamatto 4 m\u00b2 (muut v\u00e4rit lis\u00e4hinnalla 6 \u20ac \/ m\u00b2) Valaistus: LED-varsivalot 6 kpl Kalusteet:\u00a0 Infotiski (leveys: 103 cm, syvyys: 53 cm, korkeus: 100 cm) Ezio -jakkara Esiteteline Paperikori Lis\u00e4tilauksena otsalauta ja tarratulosteena yrityksen nimi tai logo otsalautaan.\u00a0Otsalaudan kokonaiskorkeus 30 cm. Osastolla 1 x [&hellip;]<\/p>\n","protected":false},"featured_media":1275,"template":"","meta":{"_joinchat":[]},"product_brand":[],"product_cat":[105],"product_tag":[],"class_list":{"0":"post-1231","1":"product","2":"type-product","3":"status-publish","4":"has-post-thumbnail","6":"product_cat-messuosastot-messuosastot","8":"first","9":"instock","10":"shipping-taxable","11":"purchasable","12":"product-type-simple"},"_links":{"self":[{"href":"https:\/\/taikalyhty.fi\/en\/wp-json\/wp\/v2\/product\/1231","targetHints":{"allow":["GET"]}}],"collection":[{"href":"https:\/\/taikalyhty.fi\/en\/wp-json\/wp\/v2\/product"}],"about":[{"href":"https:\/\/taikalyhty.fi\/en\/wp-json\/wp\/v2\/types\/product"}],"wp:featuredmedia":[{"embeddable":true,"href":"https:\/\/taikalyhty.fi\/en\/wp-json\/wp\/v2\/media\/1275"}],"wp:attachment":[{"href":"https:\/\/taikalyhty.fi\/en\/wp-json\/wp\/v2\/media?parent=1231"}],"wp:term":[{"taxonomy":"product_brand","embeddable":true,"href":"https:\/\/taikalyhty.fi\/en\/wp-json\/wp\/v2\/product_brand?post=1231"},{"taxonomy":"product_cat","embeddable":true,"href":"https:\/\/taikalyhty.fi\/en\/wp-json\/wp\/v2\/product_cat?post=1231"},{"taxonomy":"product_tag","embeddable":true,"href":"https:\/\/taikalyhty.fi\/en\/wp-json\/wp\/v2\/product_tag?post=1231"}],"curies":[{"name":"wp","href":"https:\/\/api.w.org\/{rel}","templated":true}]}}