{"id":1219,"date":"2023-04-11T14:47:02","date_gmt":"2023-04-11T11:47:02","guid":{"rendered":"https:\/\/taikalyhty.fi\/?post_type=product&#038;p=1219"},"modified":"2024-11-08T13:31:54","modified_gmt":"2024-11-08T11:31:54","slug":"nayttelypaketti-2b","status":"publish","type":"product","link":"https:\/\/taikalyhty.fi\/en\/product\/nayttelypaketti-2b\/","title":{"rendered":"N\u00e4yttelypaketti 2a"},"content":{"rendered":"","protected":false},"excerpt":{"rendered":"<p>1 kpl pystyp\u00f6yt\u00e4 valkoinen kansi. Kannen halkaisija 60cm<\/p>\n<p>2kpl baarituolia<\/p>\n<p>&nbsp;<\/p>","protected":false},"featured_media":11302,"template":"","meta":{"_joinchat":[]},"product_brand":[],"product_cat":[70],"product_tag":[],"class_list":{"0":"post-1219","1":"product","2":"type-product","3":"status-publish","4":"has-post-thumbnail","6":"product_cat-tervesos-2026-hameenlinna","8":"first","9":"instock","10":"shipping-taxable","11":"purchasable","12":"product-type-simple"},"_links":{"self":[{"href":"https:\/\/taikalyhty.fi\/en\/wp-json\/wp\/v2\/product\/1219","targetHints":{"allow":["GET"]}}],"collection":[{"href":"https:\/\/taikalyhty.fi\/en\/wp-json\/wp\/v2\/product"}],"about":[{"href":"https:\/\/taikalyhty.fi\/en\/wp-json\/wp\/v2\/types\/product"}],"wp:featuredmedia":[{"embeddable":true,"href":"https:\/\/taikalyhty.fi\/en\/wp-json\/wp\/v2\/media\/11302"}],"wp:attachment":[{"href":"https:\/\/taikalyhty.fi\/en\/wp-json\/wp\/v2\/media?parent=1219"}],"wp:term":[{"taxonomy":"product_brand","embeddable":true,"href":"https:\/\/taikalyhty.fi\/en\/wp-json\/wp\/v2\/product_brand?post=1219"},{"taxonomy":"product_cat","embeddable":true,"href":"https:\/\/taikalyhty.fi\/en\/wp-json\/wp\/v2\/product_cat?post=1219"},{"taxonomy":"product_tag","embeddable":true,"href":"https:\/\/taikalyhty.fi\/en\/wp-json\/wp\/v2\/product_tag?post=1219"}],"curies":[{"name":"wp","href":"https:\/\/api.w.org\/{rel}","templated":true}]}}