{"id":1217,"date":"2023-04-11T14:47:01","date_gmt":"2023-04-11T11:47:01","guid":{"rendered":"https:\/\/taikalyhty.fi\/?post_type=product&#038;p=1217"},"modified":"2025-02-24T12:21:49","modified_gmt":"2025-02-24T10:21:49","slug":"nayttelypaketti-1c","status":"publish","type":"product","link":"https:\/\/taikalyhty.fi\/en\/product\/nayttelypaketti-1c\/","title":{"rendered":"N\u00e4yttelypaketti 1c"},"content":{"rendered":"","protected":false},"excerpt":{"rendered":"<p>Osastomalli sis\u00e4lt\u00e4\u00e4:<\/p>\n<ul>\n<li>Takasein\u00e4: 1m leve\u00e4, 2,2m korkea rakenne logolla \/ kuvalla. Aineistokoko 982 x 892.<\/li>\n<li>Infotiski\u00a0<strong>br\u00e4nd\u00e4tyll\u00e4 etulevyll\u00e4<\/strong> 1030 x 530 x 1000mm (L x S x K), valkoisella p\u00e4\u00e4llikannella, liukuovilla ja v\u00e4litasolla. Aineistokoko 1030&#215;1000.<\/li>\n<li>TV 43&#8221; + HDMI -johto<\/li>\n<li>L\u00e4pp\u00e4ritaso TV:n alla<\/li>\n<li>Baarituoli<\/li>\n<li>Paperikori<\/li>\n<li>LED -varsivalaisin<br \/>\nTakasein\u00e4n ja tiskin etulevyn aineiston DL 16.4. Aineisto osoitteeseen: taikalyhty@taikalyhty.fi<\/li>\n<\/ul>","protected":false},"featured_media":11300,"template":"","meta":{"_joinchat":[]},"product_brand":[],"product_cat":[70],"product_tag":[],"class_list":{"0":"post-1217","1":"product","2":"type-product","3":"status-publish","4":"has-post-thumbnail","6":"product_cat-tervesos-2026-hameenlinna","8":"first","9":"instock","10":"shipping-taxable","11":"purchasable","12":"product-type-simple"},"_links":{"self":[{"href":"https:\/\/taikalyhty.fi\/en\/wp-json\/wp\/v2\/product\/1217","targetHints":{"allow":["GET"]}}],"collection":[{"href":"https:\/\/taikalyhty.fi\/en\/wp-json\/wp\/v2\/product"}],"about":[{"href":"https:\/\/taikalyhty.fi\/en\/wp-json\/wp\/v2\/types\/product"}],"wp:featuredmedia":[{"embeddable":true,"href":"https:\/\/taikalyhty.fi\/en\/wp-json\/wp\/v2\/media\/11300"}],"wp:attachment":[{"href":"https:\/\/taikalyhty.fi\/en\/wp-json\/wp\/v2\/media?parent=1217"}],"wp:term":[{"taxonomy":"product_brand","embeddable":true,"href":"https:\/\/taikalyhty.fi\/en\/wp-json\/wp\/v2\/product_brand?post=1217"},{"taxonomy":"product_cat","embeddable":true,"href":"https:\/\/taikalyhty.fi\/en\/wp-json\/wp\/v2\/product_cat?post=1217"},{"taxonomy":"product_tag","embeddable":true,"href":"https:\/\/taikalyhty.fi\/en\/wp-json\/wp\/v2\/product_tag?post=1217"}],"curies":[{"name":"wp","href":"https:\/\/api.w.org\/{rel}","templated":true}]}}