{"id":1215,"date":"2023-04-11T14:47:01","date_gmt":"2023-04-11T11:47:01","guid":{"rendered":"https:\/\/taikalyhty.fi\/?post_type=product&#038;p=1215"},"modified":"2025-02-24T12:20:23","modified_gmt":"2025-02-24T10:20:23","slug":"nayttelypaketti-1a","status":"publish","type":"product","link":"https:\/\/taikalyhty.fi\/en\/product\/nayttelypaketti-1a\/","title":{"rendered":"N\u00e4yttelypaketti 1a"},"content":{"rendered":"","protected":false},"excerpt":{"rendered":"<p>Osastomalli sis\u00e4lt\u00e4\u00e4:<\/p>\n<ul>\n<li>Takasein\u00e4n 1m leve\u00e4, 2,2m korkea rakenne logolla \/ kuvalla. Aineistokoko 982 x 892.<\/li>\n<li>Infotiski\u00a01030 x 530 x 1000mm (L x S x K), valkoisella p\u00e4\u00e4llikannella, liukuovilla ja v\u00e4litasolla<\/li>\n<li>Baarituoli<\/li>\n<li>Paperikori<\/li>\n<li>LED -varsivalaisin\n<p>Takasein\u00e4n aineiston DL 16.4. Aineisto osoitteeseen: taikalyhty@taikalyhty.fi<\/li>\n<\/ul>","protected":false},"featured_media":11295,"template":"","meta":{"_joinchat":[]},"product_brand":[],"product_cat":[70],"product_tag":[],"class_list":{"0":"post-1215","1":"product","2":"type-product","3":"status-publish","4":"has-post-thumbnail","6":"product_cat-tervesos-2026-hameenlinna","8":"first","9":"instock","10":"shipping-taxable","11":"purchasable","12":"product-type-simple"},"_links":{"self":[{"href":"https:\/\/taikalyhty.fi\/en\/wp-json\/wp\/v2\/product\/1215","targetHints":{"allow":["GET"]}}],"collection":[{"href":"https:\/\/taikalyhty.fi\/en\/wp-json\/wp\/v2\/product"}],"about":[{"href":"https:\/\/taikalyhty.fi\/en\/wp-json\/wp\/v2\/types\/product"}],"wp:featuredmedia":[{"embeddable":true,"href":"https:\/\/taikalyhty.fi\/en\/wp-json\/wp\/v2\/media\/11295"}],"wp:attachment":[{"href":"https:\/\/taikalyhty.fi\/en\/wp-json\/wp\/v2\/media?parent=1215"}],"wp:term":[{"taxonomy":"product_brand","embeddable":true,"href":"https:\/\/taikalyhty.fi\/en\/wp-json\/wp\/v2\/product_brand?post=1215"},{"taxonomy":"product_cat","embeddable":true,"href":"https:\/\/taikalyhty.fi\/en\/wp-json\/wp\/v2\/product_cat?post=1215"},{"taxonomy":"product_tag","embeddable":true,"href":"https:\/\/taikalyhty.fi\/en\/wp-json\/wp\/v2\/product_tag?post=1215"}],"curies":[{"name":"wp","href":"https:\/\/api.w.org\/{rel}","templated":true}]}}