{"id":1213,"date":"2023-04-11T14:47:01","date_gmt":"2023-04-11T11:47:01","guid":{"rendered":"https:\/\/taikalyhty.fi\/?post_type=product&#038;p=1213"},"modified":"2023-04-11T14:47:40","modified_gmt":"2023-04-11T11:47:40","slug":"valokoynnos","status":"publish","type":"product","link":"https:\/\/taikalyhty.fi\/en\/product\/valokoynnos\/","title":{"rendered":"Valok\u00f6ynn\u00f6s"},"content":{"rendered":"<p>Luo tunnelmaa tapahtumaasi tyylikk\u00e4\u00e4n mustan valoketjun avulla.<\/p>\n<p>&nbsp;<\/p>\n<p><img fetchpriority=\"high\" decoding=\"async\" class=\"alignnone size-medium wp-image-9601\" src=\"https:\/\/taikalyhty.fi\/wp-content\/uploads\/2022\/10\/20221026_125949-300x225.jpg\" alt=\"\" width=\"300\" height=\"225\" \/><\/p>","protected":false},"excerpt":{"rendered":"<p>Valok\u00f6ynn\u00f6s, 10 metri\u00e4<\/p>","protected":false},"featured_media":1251,"template":"","meta":{"_joinchat":[]},"product_brand":[],"product_cat":[41,109,44,43],"product_tag":[],"class_list":{"0":"post-1213","1":"product","2":"type-product","3":"status-publish","4":"has-post-thumbnail","6":"product_cat-muut","7":"product_cat-somisteet-ja-ajatukset","8":"product_cat-valot","9":"product_cat-valot-esitystekniikka","11":"first","12":"instock","13":"shipping-taxable","14":"purchasable","15":"product-type-simple"},"_links":{"self":[{"href":"https:\/\/taikalyhty.fi\/en\/wp-json\/wp\/v2\/product\/1213","targetHints":{"allow":["GET"]}}],"collection":[{"href":"https:\/\/taikalyhty.fi\/en\/wp-json\/wp\/v2\/product"}],"about":[{"href":"https:\/\/taikalyhty.fi\/en\/wp-json\/wp\/v2\/types\/product"}],"wp:featuredmedia":[{"embeddable":true,"href":"https:\/\/taikalyhty.fi\/en\/wp-json\/wp\/v2\/media\/1251"}],"wp:attachment":[{"href":"https:\/\/taikalyhty.fi\/en\/wp-json\/wp\/v2\/media?parent=1213"}],"wp:term":[{"taxonomy":"product_brand","embeddable":true,"href":"https:\/\/taikalyhty.fi\/en\/wp-json\/wp\/v2\/product_brand?post=1213"},{"taxonomy":"product_cat","embeddable":true,"href":"https:\/\/taikalyhty.fi\/en\/wp-json\/wp\/v2\/product_cat?post=1213"},{"taxonomy":"product_tag","embeddable":true,"href":"https:\/\/taikalyhty.fi\/en\/wp-json\/wp\/v2\/product_tag?post=1213"}],"curies":[{"name":"wp","href":"https:\/\/api.w.org\/{rel}","templated":true}]}}