{"id":1212,"date":"2023-04-11T14:47:01","date_gmt":"2023-04-11T11:47:01","guid":{"rendered":"https:\/\/taikalyhty.fi\/?post_type=product&#038;p=1212"},"modified":"2023-04-11T14:47:32","modified_gmt":"2023-04-11T11:47:32","slug":"tulostettava-seinake-omalla-jalalla","status":"publish","type":"product","link":"https:\/\/taikalyhty.fi\/en\/product\/tulostettava-seinake-omalla-jalalla\/","title":{"rendered":"Printable freestanding wall"},"content":{"rendered":"","protected":false},"excerpt":{"rendered":"<p>19mm viscom omalla minimimalistisella jalalla.<\/p>\n<p>Leveys 700 mm<\/p>\n<p>Korkeus 2000 mm<\/p>\n<p>Varsivalo kiinnitett\u00e4viss\u00e4 lis\u00e4kustannuksesta sein\u00e4kkeen p\u00e4\u00e4lle.<\/p>","protected":false},"featured_media":1228,"template":"","meta":{"_joinchat":[]},"product_brand":[],"product_cat":[61,95],"product_tag":[],"class_list":{"0":"post-1212","1":"product","2":"type-product","3":"status-publish","4":"has-post-thumbnail","6":"product_cat-posteriseinakkeet","7":"product_cat-teippaukset-ja-tulostukset","9":"first","10":"instock","11":"shipping-taxable","12":"purchasable","13":"product-type-simple"},"_links":{"self":[{"href":"https:\/\/taikalyhty.fi\/en\/wp-json\/wp\/v2\/product\/1212","targetHints":{"allow":["GET"]}}],"collection":[{"href":"https:\/\/taikalyhty.fi\/en\/wp-json\/wp\/v2\/product"}],"about":[{"href":"https:\/\/taikalyhty.fi\/en\/wp-json\/wp\/v2\/types\/product"}],"wp:featuredmedia":[{"embeddable":true,"href":"https:\/\/taikalyhty.fi\/en\/wp-json\/wp\/v2\/media\/1228"}],"wp:attachment":[{"href":"https:\/\/taikalyhty.fi\/en\/wp-json\/wp\/v2\/media?parent=1212"}],"wp:term":[{"taxonomy":"product_brand","embeddable":true,"href":"https:\/\/taikalyhty.fi\/en\/wp-json\/wp\/v2\/product_brand?post=1212"},{"taxonomy":"product_cat","embeddable":true,"href":"https:\/\/taikalyhty.fi\/en\/wp-json\/wp\/v2\/product_cat?post=1212"},{"taxonomy":"product_tag","embeddable":true,"href":"https:\/\/taikalyhty.fi\/en\/wp-json\/wp\/v2\/product_tag?post=1212"}],"curies":[{"name":"wp","href":"https:\/\/api.w.org\/{rel}","templated":true}]}}