{"id":1211,"date":"2023-04-11T14:47:00","date_gmt":"2023-04-11T11:47:00","guid":{"rendered":"https:\/\/taikalyhty.fi\/?post_type=product&#038;p=1211"},"modified":"2026-03-02T09:33:21","modified_gmt":"2026-03-02T07:33:21","slug":"eventos-contact-liidiskannaus","status":"publish","type":"product","link":"https:\/\/taikalyhty.fi\/en\/product\/eventos-contact-liidiskannaus\/","title":{"rendered":"Eventos Contact lead scanner"},"content":{"rendered":"<div data-elementor-type=\"product-post\" data-elementor-id=\"1211\" class=\"elementor elementor-1211\" data-elementor-post-type=\"product\">\n\t\t\t\t\t\t<section class=\"elementor-section elementor-top-section elementor-element elementor-element-c6a7ef1 elementor-section-boxed elementor-section-height-default elementor-section-height-default\" data-id=\"c6a7ef1\" data-element_type=\"section\" data-e-type=\"section\">\n\t\t\t\t\t\t<div class=\"elementor-container elementor-column-gap-default\">\n\t\t\t\t\t<div class=\"elementor-column elementor-col-100 elementor-top-column elementor-element elementor-element-880fd0e\" data-id=\"880fd0e\" data-element_type=\"column\" data-e-type=\"column\">\n\t\t\t<div class=\"elementor-widget-wrap elementor-element-populated\">\n\t\t\t\t\t\t<div class=\"elementor-element elementor-element-4e82d60 elementor-widget elementor-widget-text-editor\" data-id=\"4e82d60\" data-element_type=\"widget\" data-e-type=\"widget\" data-widget_type=\"text-editor.default\">\n\t\t\t\t<div class=\"elementor-widget-container\">\n\t\t\t\t\t\t\t\t\t<p><strong>Ker\u00e4\u00e4 liidit osastollasi turvallisesti Eventos Contact-palvelun avulla<p>K\u00e4vij\u00e4luenta on nyt helppoa n\u00e4yttelyosastollasi!\u00a0<p>N\u00e4yttelykumppanit voivat Contact -palvelun avulla ker\u00e4t\u00e4 helposti tiedot osastolla vierailleista henkil\u00f6ist\u00e4 ja my\u00f6s lis\u00e4t\u00e4 omat kommentit luentatiedon yhteyteen. Luettujen henkil\u00f6iden tiedot\u00a0ovat n\u00e4ht\u00e4viss\u00e4 suoraan sovelluksesta ja Partner -portaalista.<p>\u27a2\u00a0Liidiskannaus Eventos Contactin avulla 190 \u20ac + alv.\/osasto<p>o Sis\u00e4lt\u00e4\u00e4 osastokohtaisen sovellusk\u00e4yt\u00f6n ja skannausraportin tapahtuman j\u00e4lkeen<p>o Skannaukseen liitett\u00e4viss\u00e4 kommentti (teksti)<p>o Contact-lataus Android\/IOS-laitteisiin<p><strong>Saatavissa my\u00f6s lis\u00e4tietolomake skannauksen yhteyteen. Kustannus +300 \u20ac\t\t\t\t\t\t\t\t<\/div>\n\t\t\t\t<\/div>\n\t\t\t\t<div class=\"elementor-element elementor-element-ba973ad elementor-widget elementor-widget-spacer\" data-id=\"ba973ad\" data-element_type=\"widget\" data-e-type=\"widget\" data-widget_type=\"spacer.default\">\n\t\t\t\t<div class=\"elementor-widget-container\">\n\t\t\t\t\t\t\t<div class=\"elementor-spacer\">\n\t\t\t<div class=\"elementor-spacer-inner\"><\/div>\n\t\t<\/div>\n\t\t\t\t\t\t<\/div>\n\t\t\t\t<\/div>\n\t\t\t\t\t<\/div>\n\t\t<\/div>\n\t\t\t\t\t<\/div>\n\t\t<\/section>\n\t\t\t\t<section class=\"elementor-section elementor-top-section elementor-element elementor-element-c566df6 elementor-section-boxed elementor-section-height-default elementor-section-height-default\" data-id=\"c566df6\" data-element_type=\"section\" data-e-type=\"section\">\n\t\t\t\t\t\t<div class=\"elementor-container elementor-column-gap-default\">\n\t\t\t\t\t<div class=\"elementor-column elementor-col-100 elementor-top-column elementor-element elementor-element-b2f43b1\" data-id=\"b2f43b1\" data-element_type=\"column\" data-e-type=\"column\">\n\t\t\t<div class=\"elementor-widget-wrap elementor-element-populated\">\n\t\t\t\t\t\t<div class=\"elementor-element elementor-element-af6807b elementor-widget elementor-widget-image\" data-id=\"af6807b\" data-element_type=\"widget\" data-e-type=\"widget\" data-widget_type=\"image.default\">\n\t\t\t\t<div class=\"elementor-widget-container\">\n\t\t\t\t\t\t\t\t\t\t\t\t\t\t\t<img decoding=\"async\" src=\"https:\/\/taikalyhty.fi\/wp-content\/uploads\/2022\/03\/eventos-contanct-mockup-iphone-front.jpg\" title=\"\" alt=\"\" loading=\"lazy\" \/>\t\t\t\t\t\t\t\t\t\t\t\t\t\t\t<\/div>\n\t\t\t\t<\/div>\n\t\t\t\t\t<\/div>\n\t\t<\/div>\n\t\t\t\t\t<\/div>\n\t\t<\/section>\n\t\t\t\t<\/div>","protected":false},"excerpt":{"rendered":"<p>Ker\u00e4\u00e4 liidit osastollasi turvallisesti Eventos Contact-palvelun avulla K\u00e4vij\u00e4luenta on nyt helppoa n\u00e4yttelyosastollasi! N\u00e4yttelykumppanit voivat Contact -palvelun avulla ker\u00e4t\u00e4 helposti tiedot osastolla vierailleista henkil\u00f6ist\u00e4 ja my\u00f6s lis\u00e4t\u00e4 omat kommentit luentatiedon yhteyteen. Luettujen henkil\u00f6iden tiedot\u00a0ovat n\u00e4ht\u00e4viss\u00e4 suoraan sovelluksesta ja Partner -portaalista. \u27a2 Liidiskannaus Eventos Contactin avulla 199 \u20ac + alv.\/osasto o Sis\u00e4lt\u00e4\u00e4 osastokohtaisen sovellusk\u00e4yt\u00f6n ja skannausraportin tapahtuman [&hellip;]<\/p>\n","protected":false},"featured_media":1227,"template":"","meta":{"_joinchat":[]},"product_brand":[],"product_cat":[75,21],"product_tag":[],"class_list":{"0":"post-1211","1":"product","2":"type-product","3":"status-publish","4":"has-post-thumbnail","6":"product_cat-sote-atk-2026","7":"product_cat-yleinen","9":"first","10":"instock","11":"shipping-taxable","12":"purchasable","13":"product-type-simple"},"_links":{"self":[{"href":"https:\/\/taikalyhty.fi\/en\/wp-json\/wp\/v2\/product\/1211","targetHints":{"allow":["GET"]}}],"collection":[{"href":"https:\/\/taikalyhty.fi\/en\/wp-json\/wp\/v2\/product"}],"about":[{"href":"https:\/\/taikalyhty.fi\/en\/wp-json\/wp\/v2\/types\/product"}],"wp:featuredmedia":[{"embeddable":true,"href":"https:\/\/taikalyhty.fi\/en\/wp-json\/wp\/v2\/media\/1227"}],"wp:attachment":[{"href":"https:\/\/taikalyhty.fi\/en\/wp-json\/wp\/v2\/media?parent=1211"}],"wp:term":[{"taxonomy":"product_brand","embeddable":true,"href":"https:\/\/taikalyhty.fi\/en\/wp-json\/wp\/v2\/product_brand?post=1211"},{"taxonomy":"product_cat","embeddable":true,"href":"https:\/\/taikalyhty.fi\/en\/wp-json\/wp\/v2\/product_cat?post=1211"},{"taxonomy":"product_tag","embeddable":true,"href":"https:\/\/taikalyhty.fi\/en\/wp-json\/wp\/v2\/product_tag?post=1211"}],"curies":[{"name":"wp","href":"https:\/\/api.w.org\/{rel}","templated":true}]}}