{"id":11994,"date":"2026-02-20T15:33:29","date_gmt":"2026-02-20T13:33:29","guid":{"rendered":"https:\/\/taikalyhty.fi\/?post_type=product&#038;p=11994"},"modified":"2026-02-20T15:34:03","modified_gmt":"2026-02-20T13:34:03","slug":"osastosuunnittelu-3d-kuvat-ja-pohjapiirros-sns26","status":"publish","type":"product","link":"https:\/\/taikalyhty.fi\/en\/product\/osastosuunnittelu-3d-kuvat-ja-pohjapiirros-sns26\/","title":{"rendered":"Personalized booth suggestion (=3D renders + floor plan)"},"content":{"rendered":"<ul>\n<li>\u00a0Tiimimme on erikoistunut luomaan houkuttelevia ja toimivia messuosastoja, jotka erottuvat joukosta ja houkuttelevat asiakkaita. Suunnittelemme osastot asiakkaan tarpeiden mukaan, ottaen huomioon br\u00e4ndin identiteetin ja tavoitteet.Tarjoamme kattavan palvelun, joka sis\u00e4lt\u00e4\u00e4:\n<ul>\n<li><strong>Creativity and innovation<\/strong>: Meid\u00e4n suunnittelijamme luovat ainutlaatuisia konsepteja, jotka vangitsevat k\u00e4vij\u00f6iden huomion.<\/li>\n<li><strong>Functionality<\/strong>: Suunnittelemme osastot niin, ett\u00e4 ne ovat k\u00e4yt\u00e4nn\u00f6llisi\u00e4 ja helppoja k\u00e4ytt\u00e4\u00e4, jotta voit keskitty\u00e4 myyntiin ja asiakaspalveluun.<\/li>\n<li><strong>Kest\u00e4vyys<\/strong>: K\u00e4yt\u00e4mme ymp\u00e4rist\u00f6yst\u00e4v\u00e4llisi\u00e4 materiaaleja ja ratkaisuja, jotka tukevat kest\u00e4v\u00e4\u00e4 kehityst\u00e4.<\/li>\n<li><strong>Complete service<\/strong>: We take care of all the details, such as furniture, lighting and large scale printing<\/li>\n<\/ul>\n<\/li>\n<\/ul>","protected":false},"excerpt":{"rendered":"<ul>\n<li>Luova ja ketter\u00e4 suunnittelupalvelu<\/li>\n<li>Alkuun p\u00e4\u00e4semme kuultuamme ideasi ja toiveesi osaston toiminnallisuudesta, visuaalisesta ilmeest\u00e4 ja mahdollisista erikoistoiveista.<\/li>\n<li>Suunnitelma sis\u00e4lt\u00e4\u00e4 3D-kuvat, pohjapiirrokset, sek\u00e4 yhden korjauskierroksen (lis\u00e4korjaukset 60\u20ac\/uudet kuvat).<\/li>\n<li>Ota yhteytt\u00e4 ja keskustellaan, miten voimme yhdess\u00e4 toteuttaa visiosi.<\/li>\n<\/ul>","protected":false},"featured_media":11369,"template":"","meta":{"_joinchat":[]},"product_brand":[],"product_cat":[127],"product_tag":[],"class_list":{"0":"post-11994","1":"product","2":"type-product","3":"status-publish","4":"has-post-thumbnail","6":"product_cat-sns26","8":"first","9":"instock","10":"shipping-taxable","11":"purchasable","12":"product-type-simple"},"_links":{"self":[{"href":"https:\/\/taikalyhty.fi\/en\/wp-json\/wp\/v2\/product\/11994","targetHints":{"allow":["GET"]}}],"collection":[{"href":"https:\/\/taikalyhty.fi\/en\/wp-json\/wp\/v2\/product"}],"about":[{"href":"https:\/\/taikalyhty.fi\/en\/wp-json\/wp\/v2\/types\/product"}],"wp:featuredmedia":[{"embeddable":true,"href":"https:\/\/taikalyhty.fi\/en\/wp-json\/wp\/v2\/media\/11369"}],"wp:attachment":[{"href":"https:\/\/taikalyhty.fi\/en\/wp-json\/wp\/v2\/media?parent=11994"}],"wp:term":[{"taxonomy":"product_brand","embeddable":true,"href":"https:\/\/taikalyhty.fi\/en\/wp-json\/wp\/v2\/product_brand?post=11994"},{"taxonomy":"product_cat","embeddable":true,"href":"https:\/\/taikalyhty.fi\/en\/wp-json\/wp\/v2\/product_cat?post=11994"},{"taxonomy":"product_tag","embeddable":true,"href":"https:\/\/taikalyhty.fi\/en\/wp-json\/wp\/v2\/product_tag?post=11994"}],"curies":[{"name":"wp","href":"https:\/\/api.w.org\/{rel}","templated":true}]}}