{"id":11974,"date":"2026-01-09T14:53:21","date_gmt":"2026-01-09T12:53:21","guid":{"rendered":"https:\/\/taikalyhty.fi\/?post_type=product&#038;p=11974"},"modified":"2026-02-13T13:25:34","modified_gmt":"2026-02-13T11:25:34","slug":"monitorin-kiinnitys-seinaan","status":"publish","type":"product","link":"https:\/\/taikalyhty.fi\/en\/product\/monitorin-kiinnitys-seinaan\/","title":{"rendered":"Monitorin kiinnitys sein\u00e4\u00e4n"},"content":{"rendered":"<p>Tukiraudan kiinnitys puiseen sein\u00e4levyyn tai puusein\u00e4\u00e4n. Sein\u00e4tuenta painoilla, profiilituella tms. Monitorin johdotus.<\/p>","protected":false},"excerpt":{"rendered":"<p>Tukiraudan kiinnitys puiseen sein\u00e4levyyn tai puusein\u00e4\u00e4n. Sein\u00e4tuenta painoilla, profiilituella tms. Monitorin johdotus.<\/p>","protected":false},"featured_media":11180,"template":"","meta":{"_joinchat":[]},"product_brand":[],"product_cat":[63,75],"product_tag":[],"class_list":{"0":"post-11974","1":"product","2":"type-product","3":"status-publish","4":"has-post-thumbnail","6":"product_cat-screenit-projektorit","7":"product_cat-sote-atk-2026","9":"first","10":"instock","11":"shipping-taxable","12":"purchasable","13":"product-type-simple"},"_links":{"self":[{"href":"https:\/\/taikalyhty.fi\/en\/wp-json\/wp\/v2\/product\/11974","targetHints":{"allow":["GET"]}}],"collection":[{"href":"https:\/\/taikalyhty.fi\/en\/wp-json\/wp\/v2\/product"}],"about":[{"href":"https:\/\/taikalyhty.fi\/en\/wp-json\/wp\/v2\/types\/product"}],"wp:featuredmedia":[{"embeddable":true,"href":"https:\/\/taikalyhty.fi\/en\/wp-json\/wp\/v2\/media\/11180"}],"wp:attachment":[{"href":"https:\/\/taikalyhty.fi\/en\/wp-json\/wp\/v2\/media?parent=11974"}],"wp:term":[{"taxonomy":"product_brand","embeddable":true,"href":"https:\/\/taikalyhty.fi\/en\/wp-json\/wp\/v2\/product_brand?post=11974"},{"taxonomy":"product_cat","embeddable":true,"href":"https:\/\/taikalyhty.fi\/en\/wp-json\/wp\/v2\/product_cat?post=11974"},{"taxonomy":"product_tag","embeddable":true,"href":"https:\/\/taikalyhty.fi\/en\/wp-json\/wp\/v2\/product_tag?post=11974"}],"curies":[{"name":"wp","href":"https:\/\/api.w.org\/{rel}","templated":true}]}}