{"id":11973,"date":"2026-01-09T14:49:23","date_gmt":"2026-01-09T12:49:23","guid":{"rendered":"https:\/\/taikalyhty.fi\/?post_type=product&#038;p=11973"},"modified":"2026-02-13T13:25:32","modified_gmt":"2026-02-13T11:25:32","slug":"monitorin-jalusta","status":"publish","type":"product","link":"https:\/\/taikalyhty.fi\/en\/product\/monitorin-jalusta\/","title":{"rendered":"Monitorin jalusta"},"content":{"rendered":"<p>L\u00f6ytyy erilaisia malleja &#8211; valitaan monitorin koon mukaan. Py\u00f6rill\u00e4 ja ilman.<\/p>","protected":false},"excerpt":{"rendered":"<p>L\u00f6ytyy erilaisia malleja &#8211; valitaan monitorin koon mukaan. Py\u00f6rill\u00e4 ja ilman.<\/p>","protected":false},"featured_media":11440,"template":"","meta":{"_joinchat":[]},"product_brand":[],"product_cat":[63,75],"product_tag":[],"class_list":{"0":"post-11973","1":"product","2":"type-product","3":"status-publish","4":"has-post-thumbnail","6":"product_cat-screenit-projektorit","7":"product_cat-sote-atk-2026","9":"first","10":"instock","11":"shipping-taxable","12":"purchasable","13":"product-type-simple"},"_links":{"self":[{"href":"https:\/\/taikalyhty.fi\/en\/wp-json\/wp\/v2\/product\/11973","targetHints":{"allow":["GET"]}}],"collection":[{"href":"https:\/\/taikalyhty.fi\/en\/wp-json\/wp\/v2\/product"}],"about":[{"href":"https:\/\/taikalyhty.fi\/en\/wp-json\/wp\/v2\/types\/product"}],"wp:featuredmedia":[{"embeddable":true,"href":"https:\/\/taikalyhty.fi\/en\/wp-json\/wp\/v2\/media\/11440"}],"wp:attachment":[{"href":"https:\/\/taikalyhty.fi\/en\/wp-json\/wp\/v2\/media?parent=11973"}],"wp:term":[{"taxonomy":"product_brand","embeddable":true,"href":"https:\/\/taikalyhty.fi\/en\/wp-json\/wp\/v2\/product_brand?post=11973"},{"taxonomy":"product_cat","embeddable":true,"href":"https:\/\/taikalyhty.fi\/en\/wp-json\/wp\/v2\/product_cat?post=11973"},{"taxonomy":"product_tag","embeddable":true,"href":"https:\/\/taikalyhty.fi\/en\/wp-json\/wp\/v2\/product_tag?post=11973"}],"curies":[{"name":"wp","href":"https:\/\/api.w.org\/{rel}","templated":true}]}}