{"id":11960,"date":"2025-12-10T08:04:33","date_gmt":"2025-12-10T06:04:33","guid":{"rendered":"https:\/\/taikalyhty.fi\/?post_type=product&#038;p=11960"},"modified":"2025-12-10T08:05:42","modified_gmt":"2025-12-10T06:05:42","slug":"tv-naytto-24-icip26","status":"publish","type":"product","link":"https:\/\/taikalyhty.fi\/en\/product\/tv-naytto-24-icip26\/","title":{"rendered":"TV n\u00e4ytt\u00f6 24&#8221; ICIP26"},"content":{"rendered":"<div data-elementor-type=\"wp-post\" data-elementor-id=\"11960\" class=\"elementor elementor-11960 elementor-bc-flex-widget\" data-elementor-post-type=\"product\">\n\t\t\t\t\t\t<section class=\"elementor-section elementor-top-section elementor-element elementor-element-47fe77b elementor-section-boxed elementor-section-height-default elementor-section-height-default\" data-id=\"47fe77b\" data-element_type=\"section\" data-e-type=\"section\">\n\t\t\t\t\t\t<div class=\"elementor-container elementor-column-gap-default\">\n\t\t\t\t\t<div class=\"elementor-column elementor-col-100 elementor-top-column elementor-element elementor-element-3c6b8b3\" data-id=\"3c6b8b3\" data-element_type=\"column\" data-e-type=\"column\">\n\t\t\t<div class=\"elementor-widget-wrap elementor-element-populated\">\n\t\t\t\t\t\t<div class=\"elementor-element elementor-element-c00c137 elementor-widget elementor-widget-image\" data-id=\"c00c137\" data-element_type=\"widget\" data-e-type=\"widget\" data-widget_type=\"image.default\">\n\t\t\t\t<div class=\"elementor-widget-container\">\n\t\t\t\t\t\t\t\t\t\t\t\t\t\t\t<img decoding=\"async\" src=\"https:\/\/taikalyhty.fi\/wp-content\/uploads\/2017\/09\/IMG_4082.jpg\" title=\"\" alt=\"\" loading=\"lazy\" \/>\t\t\t\t\t\t\t\t\t\t\t\t\t\t\t<\/div>\n\t\t\t\t<\/div>\n\t\t\t\t\t<\/div>\n\t\t<\/div>\n\t\t\t\t\t<\/div>\n\t\t<\/section>\n\t\t\t\t<section class=\"elementor-section elementor-top-section elementor-element elementor-element-3fefd87 elementor-section-boxed elementor-section-height-default elementor-section-height-default\" data-id=\"3fefd87\" data-element_type=\"section\" data-e-type=\"section\">\n\t\t\t\t\t\t<div class=\"elementor-container elementor-column-gap-default\">\n\t\t\t\t\t<div class=\"elementor-column elementor-col-100 elementor-top-column elementor-element elementor-element-f4b55dd\" data-id=\"f4b55dd\" data-element_type=\"column\" data-e-type=\"column\">\n\t\t\t<div class=\"elementor-widget-wrap elementor-element-populated\">\n\t\t\t\t\t\t<div class=\"elementor-element elementor-element-d73db83 elementor-widget elementor-widget-text-editor\" data-id=\"d73db83\" data-element_type=\"widget\" data-e-type=\"widget\" data-widget_type=\"text-editor.default\">\n\t\t\t\t<div class=\"elementor-widget-container\">\n\t\t\t\t\t\t\t\t\t<p>N\u00e4pp\u00e4r\u00e4 pikkun\u00e4ytt\u00f6 jalalla tai sein\u00e4kiinnityksell\u00e4.<ul><li>Resoluutio: 1366 x 768 HD Ready<li>Edge LED -taustavalaisu<li>Sis\u00e4\u00e4nrakennettu WiFi<li>USB-mediatoisto (video, kuvat, musiikki)<li>Toistaa mm: mp4, mkv, avi, fla, flv, mp3, wav, jpeg, jpg, png, bmp, sub ja srt<li>Liit\u00e4nn\u00e4t: 2 x HDMI, USB, VGA, PC-audio in, digitaalinen audio out (SPDIF\/coax), kuulokeliit\u00e4nt\u00e4<li>Mitat: 35\/61 x 554 x 339 mm (ilman jalustaa), 134 x 554 x 373 mm (jalustalla)<li>Paino: 3,8 kg (ilman jalustaa)<li>HDMI: versio 1.4, HDCP 2,2<li>VESA: 75 x 75.<p>Toistaa esitykset suoraan USB-tikulta. Esitysten v\u00e4liss\u00e4 n. 2 sekunnin mittainen musta ruutu. Mik\u00e4li haluat t\u00e4st\u00e4 eroon, tarvitset mediaplayerin n\u00e4yt\u00f6n ja tikun v\u00e4liin: https:\/\/taikalyhty.fi\/vuokraamo\/pc-laptop-tietokone\/<p>Ohjainasetukset piilossa materiaalia toistettaessa.<p>Saumattomat esitykset ilman mediaplayeria (ml. Office -tiedostot) Smart Signage -n\u00e4yt\u00f6ill\u00e4mme: https:\/\/taikalyhty.fi\/vuokraamo\/samsung-qm43r-ammattinaytto\/\t\t\t\t\t\t\t\t<\/div>\n\t\t\t\t<\/div>\n\t\t\t\t\t<\/div>\n\t\t<\/div>\n\t\t\t\t\t<\/div>\n\t\t<\/section>\n\t\t\t\t<section class=\"elementor-section elementor-top-section elementor-element elementor-element-4904788 elementor-section-boxed elementor-section-height-default elementor-section-height-default\" data-id=\"4904788\" data-element_type=\"section\" data-e-type=\"section\">\n\t\t\t\t\t\t<div class=\"elementor-container elementor-column-gap-default\">\n\t\t\t\t\t<div class=\"elementor-column elementor-col-100 elementor-top-column elementor-element elementor-element-f7d690c\" data-id=\"f7d690c\" data-element_type=\"column\" data-e-type=\"column\">\n\t\t\t<div class=\"elementor-widget-wrap elementor-element-populated\">\n\t\t\t\t\t\t<div class=\"elementor-element elementor-element-7121c79 elementor-widget elementor-widget-image\" data-id=\"7121c79\" data-element_type=\"widget\" data-e-type=\"widget\" data-widget_type=\"image.default\">\n\t\t\t\t<div class=\"elementor-widget-container\">\n\t\t\t\t\t\t\t\t\t\t\t\t\t\t\t<img decoding=\"async\" src=\"https:\/\/taikalyhty.fi\/wp-content\/uploads\/2017\/09\/IMG_4081.jpg\" title=\"\" alt=\"\" loading=\"lazy\" \/>\t\t\t\t\t\t\t\t\t\t\t\t\t\t\t<\/div>\n\t\t\t\t<\/div>\n\t\t\t\t\t<\/div>\n\t\t<\/div>\n\t\t\t\t\t<\/div>\n\t\t<\/section>\n\t\t\t\t<\/div>","protected":false},"excerpt":{"rendered":"<p>Mukana 2 metrin hdmi-hdmi -johto. Seisoo omalla jalalla.\u00a0Mahdollisuus my\u00f6s sein\u00e4kiinnitykseen.<\/p>","protected":false},"featured_media":744,"template":"","meta":{"_joinchat":[]},"product_brand":[],"product_cat":[122],"product_tag":[],"class_list":{"0":"post-11960","1":"product","2":"type-product","3":"status-publish","4":"has-post-thumbnail","6":"product_cat-icip26","8":"first","9":"instock","10":"shipping-taxable","11":"purchasable","12":"product-type-simple"},"_links":{"self":[{"href":"https:\/\/taikalyhty.fi\/en\/wp-json\/wp\/v2\/product\/11960","targetHints":{"allow":["GET"]}}],"collection":[{"href":"https:\/\/taikalyhty.fi\/en\/wp-json\/wp\/v2\/product"}],"about":[{"href":"https:\/\/taikalyhty.fi\/en\/wp-json\/wp\/v2\/types\/product"}],"wp:featuredmedia":[{"embeddable":true,"href":"https:\/\/taikalyhty.fi\/en\/wp-json\/wp\/v2\/media\/744"}],"wp:attachment":[{"href":"https:\/\/taikalyhty.fi\/en\/wp-json\/wp\/v2\/media?parent=11960"}],"wp:term":[{"taxonomy":"product_brand","embeddable":true,"href":"https:\/\/taikalyhty.fi\/en\/wp-json\/wp\/v2\/product_brand?post=11960"},{"taxonomy":"product_cat","embeddable":true,"href":"https:\/\/taikalyhty.fi\/en\/wp-json\/wp\/v2\/product_cat?post=11960"},{"taxonomy":"product_tag","embeddable":true,"href":"https:\/\/taikalyhty.fi\/en\/wp-json\/wp\/v2\/product_tag?post=11960"}],"curies":[{"name":"wp","href":"https:\/\/api.w.org\/{rel}","templated":true}]}}