{"id":11870,"date":"2025-11-18T11:56:05","date_gmt":"2025-11-18T09:56:05","guid":{"rendered":"https:\/\/taikalyhty.fi\/?post_type=product&#038;p=11870"},"modified":"2025-12-05T08:50:45","modified_gmt":"2025-12-05T06:50:45","slug":"2x7m14m2-taskuosasto1-seinan-brandays","status":"publish","type":"product","link":"https:\/\/taikalyhty.fi\/en\/product\/2x7m14m2-taskuosasto1-seinan-brandays\/","title":{"rendered":"2x7m=14m2 TASKUOSASTO: 1 sein\u00e4n br\u00e4nd\u00e4ys"},"content":{"rendered":"<p><b>2x7m=14m2 taskuosasto (kolme sein\u00e4\u00e4 &#8211; avoin sivu<\/b><span style=\"font-weight: 400;\">) klassiseen malliin Consta-profiilij\u00e4rjestelm\u00e4ll\u00e4.<\/span><\/p>\n<ul>\n<li style=\"font-weight: 400;\" aria-level=\"1\"><span style=\"font-weight: 400;\">2+7+2jm messusein\u00e4 (h 2500mm)<\/span><\/li>\n<li style=\"font-weight: 400;\" aria-level=\"1\"><span style=\"font-weight: 400;\">Decotex -kangastuloste (takasein\u00e4) 7000x2500mm yhdell\u00e4 sein\u00e4ll\u00e4<\/span><\/li>\n<li style=\"font-weight: 400;\" aria-level=\"1\"><span style=\"font-weight: 400;\">7m ylivienti + tukitolppa<\/span><\/li>\n<li style=\"font-weight: 400;\" aria-level=\"1\"><span style=\"font-weight: 400;\">7 x LED-varsivalo tai virtakisko spottivaloilla<\/span><\/li>\n<li style=\"font-weight: 400;\" aria-level=\"1\"><span style=\"font-weight: 400;\">Otsalaudan br\u00e4nd\u00e4ys: Otsalaudan koko; 1500x200mm<\/span><\/li>\n<li style=\"font-weight: 400;\" aria-level=\"1\"><span style=\"font-weight: 400;\">Infotiski K15<\/span><\/li>\n<li style=\"font-weight: 400;\" aria-level=\"1\"><span style=\"font-weight: 400;\">Pystyp\u00f6yt\u00e4 K22 ja 3 x baarijakkara<\/span><\/li>\n<li style=\"font-weight: 400;\" aria-level=\"1\"><span style=\"font-weight: 400;\">K50 Zigzag esiteteline<\/span><\/li>\n<li style=\"font-weight: 400;\" aria-level=\"1\"><span style=\"font-weight: 400;\">3 x nojatuoli Scandi ja 1 x sohvap\u00f6yt\u00e4 Minski<\/span><\/li>\n<li style=\"font-weight: 400;\" aria-level=\"1\">Harmaa Rewind Flat kiertotaulousmatto. Maton v\u00e4rin vaihto lis\u00e4veloituksella, 9\u20ac\/m2.Kalusteita l\u00f6ytyy eri v\u00e4risin\u00e4 ja mallisina. Voit lis\u00e4t\u00e4 toiveet kassalla tai l\u00e4hett\u00e4\u00e4 ne s\u00e4hk\u00f6postilla: taikalyhty@taikalyhty.fi<br \/>\n<b>Tilaukset viimeist\u00e4\u00e4n 24.3.!<\/b><\/li>\n<\/ul>\n<p><i><span style=\"font-weight: 400;\">Huom! Taikalyhty varaa oikeuden vaihtaa kaluste samantyyliseen vastaavaan alkuper\u00e4isen kalusteen varastosaatavuuden loppuessa.<\/span><\/i><\/p>\n<p>&nbsp;<\/p>\n<p><a href=\"https:\/\/taikalyhty.fi\/wp-content\/uploads\/2025\/12\/Artwork-quide-for-7x2m-booth-.pdf\" target=\"_blank\" rel=\"noopener\">Lataa aineisto-ohje (pdf) t\u00e4\u00e4lt\u00e4.<\/a><\/p>","protected":false},"excerpt":{"rendered":"<p><span style=\"font-weight: 400;\">2x7m=14m2 taskuosasto (kolme sein\u00e4\u00e4 &#8211; avoin sivu) klassiseen malliin Consta-profiilij\u00e4rjestelm\u00e4ll\u00e4.<\/span><\/p>\n<p><span style=\"font-weight: 400;\">Lis\u00e4tilauksella:<\/span><\/p>\n<p><span style=\"font-weight: 400;\">Infotiskin etupinnan br\u00e4nd\u00e4ys 80\u20ac<\/span><span style=\"font-weight: 400;\"><br \/>\n<\/span><span style=\"font-weight: 400;\">Etupinnan ja p\u00e4\u00e4dyn br\u00e4nd\u00e4ys 125\u20ac<\/span><span style=\"font-weight: 400;\"><br \/>\n<\/span><span style=\"font-weight: 400;\">Etupinnan ja kahden p\u00e4\u00e4dyn br\u00e4nd\u00e4ys 170\u20ac<\/span><\/p>\n<p><b>HUOM! Tulostusaineistojen DL 24.3.!<\/b><\/p>\n<p>&nbsp;<\/p>\n<p><a href=\"https:\/\/taikalyhty.fi\/wp-content\/uploads\/2025\/12\/Artwork-quide-for-7x2m-booth-.pdf\" target=\"_blank\" rel=\"noopener\">Lataa aineisto-ohje (pdf) t\u00e4\u00e4lt\u00e4.<\/a><\/p>","protected":false},"featured_media":11866,"template":"","meta":{"_joinchat":[]},"product_brand":[],"product_cat":[75],"product_tag":[],"class_list":{"0":"post-11870","1":"product","2":"type-product","3":"status-publish","4":"has-post-thumbnail","6":"product_cat-sote-atk-2026","8":"first","9":"instock","10":"shipping-taxable","11":"purchasable","12":"product-type-simple"},"_links":{"self":[{"href":"https:\/\/taikalyhty.fi\/en\/wp-json\/wp\/v2\/product\/11870","targetHints":{"allow":["GET"]}}],"collection":[{"href":"https:\/\/taikalyhty.fi\/en\/wp-json\/wp\/v2\/product"}],"about":[{"href":"https:\/\/taikalyhty.fi\/en\/wp-json\/wp\/v2\/types\/product"}],"wp:featuredmedia":[{"embeddable":true,"href":"https:\/\/taikalyhty.fi\/en\/wp-json\/wp\/v2\/media\/11866"}],"wp:attachment":[{"href":"https:\/\/taikalyhty.fi\/en\/wp-json\/wp\/v2\/media?parent=11870"}],"wp:term":[{"taxonomy":"product_brand","embeddable":true,"href":"https:\/\/taikalyhty.fi\/en\/wp-json\/wp\/v2\/product_brand?post=11870"},{"taxonomy":"product_cat","embeddable":true,"href":"https:\/\/taikalyhty.fi\/en\/wp-json\/wp\/v2\/product_cat?post=11870"},{"taxonomy":"product_tag","embeddable":true,"href":"https:\/\/taikalyhty.fi\/en\/wp-json\/wp\/v2\/product_tag?post=11870"}],"curies":[{"name":"wp","href":"https:\/\/api.w.org\/{rel}","templated":true}]}}