{"id":11859,"date":"2025-11-18T11:04:36","date_gmt":"2025-11-18T09:04:36","guid":{"rendered":"https:\/\/taikalyhty.fi\/?post_type=product&#038;p=11859"},"modified":"2026-03-03T11:49:03","modified_gmt":"2026-03-03T09:49:03","slug":"taskuosasto-2-x-5-m-kalusteineen","status":"publish","type":"product","link":"https:\/\/taikalyhty.fi\/en\/product\/taskuosasto-2-x-5-m-kalusteineen\/","title":{"rendered":"TASKUOSASTO 2 x 7 m kalusteineen"},"content":{"rendered":"<p><strong>2x5m=10m2 taskuosasto (kolme sein\u00e4\u00e4 &#8211; avoin sivu<\/strong>) klassiseen malliin Consta-profiilij\u00e4rjestelm\u00e4ll\u00e4.<\/p>\n<ul>\n<li>2+7+2jm messusein\u00e4 (2500mm)<\/li>\n<li>5m ylivienti + tukitolppa<\/li>\n<li>5 x LED-varsivalo tai virtakisko spottivaloilla<\/li>\n<li>Otsalaudan br\u00e4nd\u00e4ys: Otsalaudan koko; 1500x200mm<\/li>\n<li>Infotiski K15<\/li>\n<li>Pystyp\u00f6yt\u00e4 K22 ja 3 x baarijakkara<\/li>\n<li>K50 Zigzag esiteteline<\/li>\n<li>3 x nojatuoli Scandi ja 1 x sohvap\u00f6yt\u00e4 Minski<\/li>\n<li>Harmaa Rewind Flat kiertotaulousmatto. Maton v\u00e4rin vaihto lis\u00e4veloituksella, 9\u20ac\/m2.Kalusteita l\u00f6ytyy eri v\u00e4risin\u00e4 ja mallisina. Voit lis\u00e4t\u00e4 toiveet kassalla tai l\u00e4hett\u00e4\u00e4 ne s\u00e4hk\u00f6postilla: taikalyhty@taikalyhty.fi<strong>Tilaukset viimeist\u00e4\u00e4n <b>24.3.!<\/b><\/strong><em>Huom! Taikalyhty varaa oikeuden vaihtaa kaluste samantyyliseen vastaavaan alkuper\u00e4isen kalusteen varastosaatavuuden loppuessa.<\/em><\/li>\n<\/ul>","protected":false},"excerpt":{"rendered":"<p>2x7m=14m2 taskuosasto (kolme sein\u00e4\u00e4 &#8211; avoin sivu) klassiseen malliin Consta-profiilij\u00e4rjestelm\u00e4ll\u00e4.<\/p>\n<p>Lis\u00e4tilauksella:<\/p>\n<p>Infotiskin etupinnan br\u00e4nd\u00e4ys 80\u20ac<br \/>\nEtupinnan ja p\u00e4\u00e4dyn br\u00e4nd\u00e4ys 125\u20ac<br \/>\nEtupinnan ja kahden p\u00e4\u00e4dyn br\u00e4nd\u00e4y 170\u20ac<\/p>\n<p><strong>HUOM! Tulostusaineistojen DL <b>24.3.!<\/b><\/strong><\/p>\n<p>&nbsp;<\/p>","protected":false},"featured_media":11861,"template":"","meta":{"_joinchat":[]},"product_brand":[],"product_cat":[75],"product_tag":[],"class_list":{"0":"post-11859","1":"product","2":"type-product","3":"status-publish","4":"has-post-thumbnail","6":"product_cat-sote-atk-2026","8":"first","9":"instock","10":"shipping-taxable","11":"purchasable","12":"product-type-simple"},"_links":{"self":[{"href":"https:\/\/taikalyhty.fi\/en\/wp-json\/wp\/v2\/product\/11859","targetHints":{"allow":["GET"]}}],"collection":[{"href":"https:\/\/taikalyhty.fi\/en\/wp-json\/wp\/v2\/product"}],"about":[{"href":"https:\/\/taikalyhty.fi\/en\/wp-json\/wp\/v2\/types\/product"}],"wp:featuredmedia":[{"embeddable":true,"href":"https:\/\/taikalyhty.fi\/en\/wp-json\/wp\/v2\/media\/11861"}],"wp:attachment":[{"href":"https:\/\/taikalyhty.fi\/en\/wp-json\/wp\/v2\/media?parent=11859"}],"wp:term":[{"taxonomy":"product_brand","embeddable":true,"href":"https:\/\/taikalyhty.fi\/en\/wp-json\/wp\/v2\/product_brand?post=11859"},{"taxonomy":"product_cat","embeddable":true,"href":"https:\/\/taikalyhty.fi\/en\/wp-json\/wp\/v2\/product_cat?post=11859"},{"taxonomy":"product_tag","embeddable":true,"href":"https:\/\/taikalyhty.fi\/en\/wp-json\/wp\/v2\/product_tag?post=11859"}],"curies":[{"name":"wp","href":"https:\/\/api.w.org\/{rel}","templated":true}]}}