{"id":11843,"date":"2025-11-10T15:13:14","date_gmt":"2025-11-10T13:13:14","guid":{"rendered":"https:\/\/taikalyhty.fi\/?post_type=product&#038;p=11843"},"modified":"2025-11-10T15:13:14","modified_gmt":"2025-11-10T13:13:14","slug":"4m2-osaston-siivous","status":"publish","type":"product","link":"https:\/\/taikalyhty.fi\/en\/product\/4m2-osaston-siivous\/","title":{"rendered":"4m2 osaston siivous"},"content":{"rendered":"<p>Osaston siivous rakennusp\u00e4iv\u00e4n j\u00e4lkeen, tai ensimm\u00e4isen n\u00e4yttelyp\u00e4iv\u00e4n j\u00e4lkeen.<\/p>\n<p>&nbsp;<\/p>","protected":false},"excerpt":{"rendered":"<p>Osaston siivous rakennusp\u00e4iv\u00e4n j\u00e4lkeen, tai ensimm\u00e4isen n\u00e4yttelyp\u00e4iv\u00e4n j\u00e4lkeen. &nbsp;<\/p>","protected":false},"featured_media":11844,"template":"","meta":{"_joinchat":[]},"product_brand":[],"product_cat":[119],"product_tag":[],"class_list":{"0":"post-11843","1":"product","2":"type-product","3":"status-publish","4":"has-post-thumbnail","6":"product_cat-nuori2026","8":"first","9":"instock","10":"shipping-taxable","11":"purchasable","12":"product-type-simple"},"_links":{"self":[{"href":"https:\/\/taikalyhty.fi\/en\/wp-json\/wp\/v2\/product\/11843","targetHints":{"allow":["GET"]}}],"collection":[{"href":"https:\/\/taikalyhty.fi\/en\/wp-json\/wp\/v2\/product"}],"about":[{"href":"https:\/\/taikalyhty.fi\/en\/wp-json\/wp\/v2\/types\/product"}],"wp:featuredmedia":[{"embeddable":true,"href":"https:\/\/taikalyhty.fi\/en\/wp-json\/wp\/v2\/media\/11844"}],"wp:attachment":[{"href":"https:\/\/taikalyhty.fi\/en\/wp-json\/wp\/v2\/media?parent=11843"}],"wp:term":[{"taxonomy":"product_brand","embeddable":true,"href":"https:\/\/taikalyhty.fi\/en\/wp-json\/wp\/v2\/product_brand?post=11843"},{"taxonomy":"product_cat","embeddable":true,"href":"https:\/\/taikalyhty.fi\/en\/wp-json\/wp\/v2\/product_cat?post=11843"},{"taxonomy":"product_tag","embeddable":true,"href":"https:\/\/taikalyhty.fi\/en\/wp-json\/wp\/v2\/product_tag?post=11843"}],"curies":[{"name":"wp","href":"https:\/\/api.w.org\/{rel}","templated":true}]}}