{"id":11805,"date":"2025-09-21T21:21:37","date_gmt":"2025-09-21T18:21:37","guid":{"rendered":"https:\/\/taikalyhty.fi\/?post_type=product&#038;p=11805"},"modified":"2025-09-21T21:21:37","modified_gmt":"2025-09-21T18:21:37","slug":"pystypoyta-lasi","status":"publish","type":"product","link":"https:\/\/taikalyhty.fi\/en\/product\/pystypoyta-lasi\/","title":{"rendered":"Pystyp\u00f6yt\u00e4 Lasi"},"content":{"rendered":"","protected":false},"excerpt":{"rendered":"<p>Lasikantinen pystyp\u00f6yt\u00e4.<\/p>\n<p>Kannen halkaisija 60cm.<\/p>","protected":false},"featured_media":11806,"template":"","meta":{"_joinchat":[]},"product_brand":[],"product_cat":[56],"product_tag":[],"class_list":{"0":"post-11805","1":"product","2":"type-product","3":"status-publish","4":"has-post-thumbnail","6":"product_cat-baaripoydat","8":"first","9":"instock","10":"shipping-taxable","11":"purchasable","12":"product-type-simple"},"_links":{"self":[{"href":"https:\/\/taikalyhty.fi\/en\/wp-json\/wp\/v2\/product\/11805","targetHints":{"allow":["GET"]}}],"collection":[{"href":"https:\/\/taikalyhty.fi\/en\/wp-json\/wp\/v2\/product"}],"about":[{"href":"https:\/\/taikalyhty.fi\/en\/wp-json\/wp\/v2\/types\/product"}],"wp:featuredmedia":[{"embeddable":true,"href":"https:\/\/taikalyhty.fi\/en\/wp-json\/wp\/v2\/media\/11806"}],"wp:attachment":[{"href":"https:\/\/taikalyhty.fi\/en\/wp-json\/wp\/v2\/media?parent=11805"}],"wp:term":[{"taxonomy":"product_brand","embeddable":true,"href":"https:\/\/taikalyhty.fi\/en\/wp-json\/wp\/v2\/product_brand?post=11805"},{"taxonomy":"product_cat","embeddable":true,"href":"https:\/\/taikalyhty.fi\/en\/wp-json\/wp\/v2\/product_cat?post=11805"},{"taxonomy":"product_tag","embeddable":true,"href":"https:\/\/taikalyhty.fi\/en\/wp-json\/wp\/v2\/product_tag?post=11805"}],"curies":[{"name":"wp","href":"https:\/\/api.w.org\/{rel}","templated":true}]}}