{"id":11801,"date":"2025-09-21T20:52:47","date_gmt":"2025-09-21T17:52:47","guid":{"rendered":"https:\/\/taikalyhty.fi\/?post_type=product&#038;p=11801"},"modified":"2025-09-21T21:14:42","modified_gmt":"2025-09-21T18:14:42","slug":"linnea-esittelyhylly","status":"publish","type":"product","link":"https:\/\/taikalyhty.fi\/en\/product\/linnea-esittelyhylly\/","title":{"rendered":"Linnea esittelyhylly (10)"},"content":{"rendered":"","protected":false},"excerpt":{"rendered":"<p>Leveys: 80 cm, Syvyys: 41 cm, Korkeus: 183 cm<\/p>\n<p>6 hylly\u00e4, 2 liukuovea. Ovien paikka m\u00e4\u00e4ritelt\u00e4viss\u00e4<\/p>","protected":false},"featured_media":11802,"template":"","meta":{"_joinchat":[]},"product_brand":[],"product_cat":[71],"product_tag":[],"class_list":{"0":"post-11801","1":"product","2":"type-product","3":"status-publish","4":"has-post-thumbnail","6":"product_cat-hyllyt","8":"first","9":"instock","10":"shipping-taxable","11":"purchasable","12":"product-type-simple"},"_links":{"self":[{"href":"https:\/\/taikalyhty.fi\/en\/wp-json\/wp\/v2\/product\/11801","targetHints":{"allow":["GET"]}}],"collection":[{"href":"https:\/\/taikalyhty.fi\/en\/wp-json\/wp\/v2\/product"}],"about":[{"href":"https:\/\/taikalyhty.fi\/en\/wp-json\/wp\/v2\/types\/product"}],"wp:featuredmedia":[{"embeddable":true,"href":"https:\/\/taikalyhty.fi\/en\/wp-json\/wp\/v2\/media\/11802"}],"wp:attachment":[{"href":"https:\/\/taikalyhty.fi\/en\/wp-json\/wp\/v2\/media?parent=11801"}],"wp:term":[{"taxonomy":"product_brand","embeddable":true,"href":"https:\/\/taikalyhty.fi\/en\/wp-json\/wp\/v2\/product_brand?post=11801"},{"taxonomy":"product_cat","embeddable":true,"href":"https:\/\/taikalyhty.fi\/en\/wp-json\/wp\/v2\/product_cat?post=11801"},{"taxonomy":"product_tag","embeddable":true,"href":"https:\/\/taikalyhty.fi\/en\/wp-json\/wp\/v2\/product_tag?post=11801"}],"curies":[{"name":"wp","href":"https:\/\/api.w.org\/{rel}","templated":true}]}}