{"id":11784,"date":"2025-09-06T22:08:29","date_gmt":"2025-09-06T19:08:29","guid":{"rendered":"https:\/\/taikalyhty.fi\/?post_type=product&#038;p=11784"},"modified":"2025-09-06T22:15:00","modified_gmt":"2025-09-06T19:15:00","slug":"kaytetty-messumatto","status":"publish","type":"product","link":"https:\/\/taikalyhty.fi\/en\/product\/kaytetty-messumatto\/","title":{"rendered":"K\u00e4ytetty messumatto"},"content":{"rendered":"","protected":false},"excerpt":{"rendered":"<p>Tapahtumassa k\u00e4ytetty\u00e4 mattoa. Pyrimme purussa siivoamaan maton seasta suurimmat roskat pois ja loput saat yleens\u00e4 siivottua imurin avustuksella.<\/p>\n<p>Myynniss\u00e4 sek\u00e4 valmiita &#8221;messuosaston kokoisia&#8221; paloja ett\u00e4 rullakollisia mattoa. Rullakolliseen voi menn\u00e4 esimerkiksi jopa 200 &#8211; 300m2 k\u00e4ytetty\u00e4 mattoa, riippuen sen maton vahvuudesta sek\u00e4 pakkaustyylist\u00e4.<\/p>\n<p><strong>Hinta ei sis\u00e4ll\u00e4 mattorullan avaamista, koon tarkistamista, maton kuljetusta tai asentamista.<\/strong><\/p>","protected":false},"featured_media":11787,"template":"","meta":{"_joinchat":[]},"product_brand":[],"product_cat":[81],"product_tag":[],"class_list":{"0":"post-11784","1":"product","2":"type-product","3":"status-publish","4":"has-post-thumbnail","6":"product_cat-matot-lattiat","8":"first","9":"instock","10":"shipping-taxable","11":"purchasable","12":"product-type-variable"},"_links":{"self":[{"href":"https:\/\/taikalyhty.fi\/en\/wp-json\/wp\/v2\/product\/11784","targetHints":{"allow":["GET"]}}],"collection":[{"href":"https:\/\/taikalyhty.fi\/en\/wp-json\/wp\/v2\/product"}],"about":[{"href":"https:\/\/taikalyhty.fi\/en\/wp-json\/wp\/v2\/types\/product"}],"wp:featuredmedia":[{"embeddable":true,"href":"https:\/\/taikalyhty.fi\/en\/wp-json\/wp\/v2\/media\/11787"}],"wp:attachment":[{"href":"https:\/\/taikalyhty.fi\/en\/wp-json\/wp\/v2\/media?parent=11784"}],"wp:term":[{"taxonomy":"product_brand","embeddable":true,"href":"https:\/\/taikalyhty.fi\/en\/wp-json\/wp\/v2\/product_brand?post=11784"},{"taxonomy":"product_cat","embeddable":true,"href":"https:\/\/taikalyhty.fi\/en\/wp-json\/wp\/v2\/product_cat?post=11784"},{"taxonomy":"product_tag","embeddable":true,"href":"https:\/\/taikalyhty.fi\/en\/wp-json\/wp\/v2\/product_tag?post=11784"}],"curies":[{"name":"wp","href":"https:\/\/api.w.org\/{rel}","templated":true}]}}