{"id":11773,"date":"2025-09-05T08:55:00","date_gmt":"2025-09-05T05:55:00","guid":{"rendered":"https:\/\/taikalyhty.fi\/?post_type=product&#038;p=11773"},"modified":"2025-09-05T09:54:30","modified_gmt":"2025-09-05T06:54:30","slug":"taysi-rulla-150m2-messumattoa-grafiitti","status":"publish","type":"product","link":"https:\/\/taikalyhty.fi\/en\/product\/taysi-rulla-150m2-messumattoa-grafiitti\/","title":{"rendered":"T\u00e4ysi rulla (150m2) messumattoa, grafiitti"},"content":{"rendered":"","protected":false},"excerpt":{"rendered":"<p>Iso rulla grafiitinharmaata messumattoa varastoltamme noudettuna. Index Resine -matto on luotu asuinrakentamisen k\u00e4ytt\u00f6\u00f6n. Se on kest\u00e4v\u00e4\u00e4, tyylik\u00e4st\u00e4 ja helppohoitoista. Pinnassa rib -kuosi, joka lis\u00e4\u00e4 maton elinik\u00e4\u00e4.<\/p>\n<p>Miinukset: matto ei ole kierr\u00e4tett\u00e4viss\u00e4.<\/p>\n<h3>Rullakoko 2 x 75m = 150m2<\/h3>\n<p>Rullakoko: 2 x 75m<br \/>\nPaino: 290g\/m2<br \/>\nVahvuus: 2,5mm<br \/>\nPaloluokka:EN 13501-1, Bfl \/ s1<\/p>","protected":false},"featured_media":11778,"template":"","meta":{"_joinchat":[]},"product_brand":[],"product_cat":[81],"product_tag":[],"class_list":{"0":"post-11773","1":"product","2":"type-product","3":"status-publish","4":"has-post-thumbnail","6":"product_cat-matot-lattiat","8":"first","9":"instock","10":"sale","11":"shipping-taxable","12":"purchasable","13":"product-type-simple"},"_links":{"self":[{"href":"https:\/\/taikalyhty.fi\/en\/wp-json\/wp\/v2\/product\/11773","targetHints":{"allow":["GET"]}}],"collection":[{"href":"https:\/\/taikalyhty.fi\/en\/wp-json\/wp\/v2\/product"}],"about":[{"href":"https:\/\/taikalyhty.fi\/en\/wp-json\/wp\/v2\/types\/product"}],"wp:featuredmedia":[{"embeddable":true,"href":"https:\/\/taikalyhty.fi\/en\/wp-json\/wp\/v2\/media\/11778"}],"wp:attachment":[{"href":"https:\/\/taikalyhty.fi\/en\/wp-json\/wp\/v2\/media?parent=11773"}],"wp:term":[{"taxonomy":"product_brand","embeddable":true,"href":"https:\/\/taikalyhty.fi\/en\/wp-json\/wp\/v2\/product_brand?post=11773"},{"taxonomy":"product_cat","embeddable":true,"href":"https:\/\/taikalyhty.fi\/en\/wp-json\/wp\/v2\/product_cat?post=11773"},{"taxonomy":"product_tag","embeddable":true,"href":"https:\/\/taikalyhty.fi\/en\/wp-json\/wp\/v2\/product_tag?post=11773"}],"curies":[{"name":"wp","href":"https:\/\/api.w.org\/{rel}","templated":true}]}}