{"id":11765,"date":"2025-09-04T16:11:33","date_gmt":"2025-09-04T13:11:33","guid":{"rendered":"https:\/\/taikalyhty.fi\/?post_type=product&#038;p=11765"},"modified":"2026-02-24T14:07:27","modified_gmt":"2026-02-24T12:07:27","slug":"info","status":"publish","type":"product","link":"https:\/\/taikalyhty.fi\/en\/product\/info\/","title":{"rendered":"Rewind carpet info"},"content":{"rendered":"","protected":false},"excerpt":{"rendered":"<p>\u267b\ufe0f\u267b\ufe0f\u267b\ufe0f\u267b\ufe0f\u267b\ufe0f\u267b\ufe0f\u267b\ufe0f\u267b\ufe0f\u267b\ufe0f<\/p>\n<p>Rewind -matto on maailman ainoa 100% kiertotalousmatto. K\u00e4ytetty matto on mahdollista muuttaa uudeksi.<\/p>\n<p><strong>Taikalyhty ottaa vastaan k\u00e4ytetyn Rewind -messumaton.<\/strong> Mik\u00e4li haluat palauttaa mattosi, siivoa siit\u00e4 suurimmat roskat (nippusiteet yms.) pois ja k\u00e4\u00e4ri matto tiukalle rullalle.<\/p>\n<p>Rewind -matto on muoviton eik\u00e4 sen valmistukseen k\u00e4ytet\u00e4 pisaraakaan vett\u00e4. Valmistusprosessin vaatima energiam\u00e4\u00e4r\u00e4 on 85% pienempi kuin perinteisen messumaton ja hiilidioksidip\u00e4\u00e4st\u00f6tkin 55% pienemm\u00e4t.<\/p>\n<p>\u267b\ufe0f\u267b\ufe0f\u267b\ufe0f\u267b\ufe0f\u267b\ufe0f\u267b\ufe0f\u267b\ufe0f\u267b\ufe0f\u267b\ufe0f<\/p>","protected":false},"featured_media":11770,"template":"","meta":{"_joinchat":[]},"product_brand":[],"product_cat":[81],"product_tag":[],"class_list":{"0":"post-11765","1":"product","2":"type-product","3":"status-publish","4":"has-post-thumbnail","6":"product_cat-matot-lattiat","8":"first","9":"instock","10":"shipping-taxable","11":"product-type-simple"},"_links":{"self":[{"href":"https:\/\/taikalyhty.fi\/en\/wp-json\/wp\/v2\/product\/11765","targetHints":{"allow":["GET"]}}],"collection":[{"href":"https:\/\/taikalyhty.fi\/en\/wp-json\/wp\/v2\/product"}],"about":[{"href":"https:\/\/taikalyhty.fi\/en\/wp-json\/wp\/v2\/types\/product"}],"wp:featuredmedia":[{"embeddable":true,"href":"https:\/\/taikalyhty.fi\/en\/wp-json\/wp\/v2\/media\/11770"}],"wp:attachment":[{"href":"https:\/\/taikalyhty.fi\/en\/wp-json\/wp\/v2\/media?parent=11765"}],"wp:term":[{"taxonomy":"product_brand","embeddable":true,"href":"https:\/\/taikalyhty.fi\/en\/wp-json\/wp\/v2\/product_brand?post=11765"},{"taxonomy":"product_cat","embeddable":true,"href":"https:\/\/taikalyhty.fi\/en\/wp-json\/wp\/v2\/product_cat?post=11765"},{"taxonomy":"product_tag","embeddable":true,"href":"https:\/\/taikalyhty.fi\/en\/wp-json\/wp\/v2\/product_tag?post=11765"}],"curies":[{"name":"wp","href":"https:\/\/api.w.org\/{rel}","templated":true}]}}