{"id":11763,"date":"2025-09-04T15:40:37","date_gmt":"2025-09-04T12:40:37","guid":{"rendered":"https:\/\/taikalyhty.fi\/?post_type=product&#038;p=11763"},"modified":"2025-09-11T14:14:06","modified_gmt":"2025-09-11T11:14:06","slug":"juuttimatto-nature","status":"publish","type":"product","link":"https:\/\/taikalyhty.fi\/en\/product\/juuttimatto-nature\/","title":{"rendered":"Juuttimatto, Rewind Nature"},"content":{"rendered":"","protected":false},"excerpt":{"rendered":"<p>Nature Rewind \u267b\ufe0f-juuttimatto asennettuna.<\/p>\n<p><strong>14 \u20ac \/ m2<\/strong><\/p>\n<p>Materiaali:100% polyolefine, kierr\u00e4tysmateriaali<br \/>\nPaloluokka:EN 13501-1, Bfl \/ s1<\/p>\n<p>Ilmoita tarvitsemasi m\u00e4\u00e4r\u00e4 tilauksen yhteydess\u00e4.<\/p>","protected":false},"featured_media":11764,"template":"","meta":{"_joinchat":[]},"product_brand":[],"product_cat":[81],"product_tag":[],"class_list":{"0":"post-11763","1":"product","2":"type-product","3":"status-publish","4":"has-post-thumbnail","6":"product_cat-matot-lattiat","8":"first","9":"instock","10":"shipping-taxable","11":"purchasable","12":"product-type-simple"},"_links":{"self":[{"href":"https:\/\/taikalyhty.fi\/en\/wp-json\/wp\/v2\/product\/11763","targetHints":{"allow":["GET"]}}],"collection":[{"href":"https:\/\/taikalyhty.fi\/en\/wp-json\/wp\/v2\/product"}],"about":[{"href":"https:\/\/taikalyhty.fi\/en\/wp-json\/wp\/v2\/types\/product"}],"wp:featuredmedia":[{"embeddable":true,"href":"https:\/\/taikalyhty.fi\/en\/wp-json\/wp\/v2\/media\/11764"}],"wp:attachment":[{"href":"https:\/\/taikalyhty.fi\/en\/wp-json\/wp\/v2\/media?parent=11763"}],"wp:term":[{"taxonomy":"product_brand","embeddable":true,"href":"https:\/\/taikalyhty.fi\/en\/wp-json\/wp\/v2\/product_brand?post=11763"},{"taxonomy":"product_cat","embeddable":true,"href":"https:\/\/taikalyhty.fi\/en\/wp-json\/wp\/v2\/product_cat?post=11763"},{"taxonomy":"product_tag","embeddable":true,"href":"https:\/\/taikalyhty.fi\/en\/wp-json\/wp\/v2\/product_tag?post=11763"}],"curies":[{"name":"wp","href":"https:\/\/api.w.org\/{rel}","templated":true}]}}