{"id":11757,"date":"2025-09-04T15:18:16","date_gmt":"2025-09-04T12:18:16","guid":{"rendered":"https:\/\/taikalyhty.fi\/?post_type=product&#038;p=11757"},"modified":"2025-09-05T13:41:26","modified_gmt":"2025-09-05T10:41:26","slug":"messumatto-sininen-kopio","status":"publish","type":"product","link":"https:\/\/taikalyhty.fi\/en\/product\/messumatto-sininen-kopio\/","title":{"rendered":"Messumatto Rewind, tummansininen"},"content":{"rendered":"","protected":false},"excerpt":{"rendered":"<p>Keskiy\u00f6n sininen Rewind Flat \u267b\ufe0f-messumatto asennettuna.<\/p>\n<p><strong>11 \u20ac \/ m2 (sis\u00e4lt\u00e4en asennuksen, poiston ja kierr\u00e4tyksen)<\/strong><\/p>\n<p>Materiaali:100% polyolefine, kierr\u00e4tysmateriaali<br \/>\nRullakoko:2 x 50m<br \/>\nPaino:230g\/m2<br \/>\nVahvuus:2mm<br \/>\nPaloluokka:EN 13501-1, Bfl \/ s1<\/p>\n<p>Ilmoita tarvitsemasi m\u00e4\u00e4r\u00e4 tilauksen yhteydess\u00e4.<\/p>","protected":false},"featured_media":11758,"template":"","meta":{"_joinchat":[]},"product_brand":[],"product_cat":[81],"product_tag":[],"class_list":{"0":"post-11757","1":"product","2":"type-product","3":"status-publish","4":"has-post-thumbnail","6":"product_cat-matot-lattiat","8":"first","9":"instock","10":"shipping-taxable","11":"purchasable","12":"product-type-simple"},"_links":{"self":[{"href":"https:\/\/taikalyhty.fi\/en\/wp-json\/wp\/v2\/product\/11757","targetHints":{"allow":["GET"]}}],"collection":[{"href":"https:\/\/taikalyhty.fi\/en\/wp-json\/wp\/v2\/product"}],"about":[{"href":"https:\/\/taikalyhty.fi\/en\/wp-json\/wp\/v2\/types\/product"}],"wp:featuredmedia":[{"embeddable":true,"href":"https:\/\/taikalyhty.fi\/en\/wp-json\/wp\/v2\/media\/11758"}],"wp:attachment":[{"href":"https:\/\/taikalyhty.fi\/en\/wp-json\/wp\/v2\/media?parent=11757"}],"wp:term":[{"taxonomy":"product_brand","embeddable":true,"href":"https:\/\/taikalyhty.fi\/en\/wp-json\/wp\/v2\/product_brand?post=11757"},{"taxonomy":"product_cat","embeddable":true,"href":"https:\/\/taikalyhty.fi\/en\/wp-json\/wp\/v2\/product_cat?post=11757"},{"taxonomy":"product_tag","embeddable":true,"href":"https:\/\/taikalyhty.fi\/en\/wp-json\/wp\/v2\/product_tag?post=11757"}],"curies":[{"name":"wp","href":"https:\/\/api.w.org\/{rel}","templated":true}]}}