{"id":1175,"date":"2023-04-11T14:46:03","date_gmt":"2023-04-11T11:46:03","guid":{"rendered":"https:\/\/taikalyhty.fi\/?post_type=product&#038;p=1175"},"modified":"2023-04-11T14:46:51","modified_gmt":"2023-04-11T11:46:51","slug":"kontaktointilinkki-teams-whatsapp-skype-zoom-meet","status":"publish","type":"product","link":"https:\/\/taikalyhty.fi\/en\/product\/kontaktointilinkki-teams-whatsapp-skype-zoom-meet\/","title":{"rendered":"Kontaktointilinkki (Teams, Whatsapp, Skype, Zoom, Meet&#8230;)"},"content":{"rendered":"","protected":false},"excerpt":{"rendered":"<p>Osastolle lis\u00e4tt\u00e4v\u00e4 suora kontaktointilinkki.<\/p>\n<p>T\u00e4t\u00e4 painamalla asiakas saa suoraan yhteyden yritykseen erillisen palvelun v\u00e4lityksell\u00e4.<\/p>\n<p>PALVELU SUUNNITTELUVAIHEESSA.<\/p>","protected":false},"featured_media":1208,"template":"","meta":{"_joinchat":[]},"product_brand":[],"product_cat":[110],"product_tag":[],"class_list":{"0":"post-1175","1":"product","2":"type-product","3":"status-publish","4":"has-post-thumbnail","6":"product_cat-virtuaalimessut","8":"first","9":"instock","10":"shipping-taxable","11":"purchasable","12":"product-type-simple"},"_links":{"self":[{"href":"https:\/\/taikalyhty.fi\/en\/wp-json\/wp\/v2\/product\/1175","targetHints":{"allow":["GET"]}}],"collection":[{"href":"https:\/\/taikalyhty.fi\/en\/wp-json\/wp\/v2\/product"}],"about":[{"href":"https:\/\/taikalyhty.fi\/en\/wp-json\/wp\/v2\/types\/product"}],"wp:featuredmedia":[{"embeddable":true,"href":"https:\/\/taikalyhty.fi\/en\/wp-json\/wp\/v2\/media\/1208"}],"wp:attachment":[{"href":"https:\/\/taikalyhty.fi\/en\/wp-json\/wp\/v2\/media?parent=1175"}],"wp:term":[{"taxonomy":"product_brand","embeddable":true,"href":"https:\/\/taikalyhty.fi\/en\/wp-json\/wp\/v2\/product_brand?post=1175"},{"taxonomy":"product_cat","embeddable":true,"href":"https:\/\/taikalyhty.fi\/en\/wp-json\/wp\/v2\/product_cat?post=1175"},{"taxonomy":"product_tag","embeddable":true,"href":"https:\/\/taikalyhty.fi\/en\/wp-json\/wp\/v2\/product_tag?post=1175"}],"curies":[{"name":"wp","href":"https:\/\/api.w.org\/{rel}","templated":true}]}}