{"id":11742,"date":"2025-09-04T14:21:13","date_gmt":"2025-09-04T11:21:13","guid":{"rendered":"https:\/\/taikalyhty.fi\/?post_type=product&#038;p=11742"},"modified":"2025-09-05T13:40:52","modified_gmt":"2025-09-05T10:40:52","slug":"messumatto-musta","status":"publish","type":"product","link":"https:\/\/taikalyhty.fi\/en\/product\/messumatto-musta\/","title":{"rendered":"Messumatto Rewind, musta"},"content":{"rendered":"","protected":false},"excerpt":{"rendered":"<p>Musta Rewind Flat \u267b\ufe0f-messumatto.<\/p>\n<p><strong>9 \u20ac \/ m2<\/strong><\/p>\n<p>Materiaali:100% polyolefine, kierr\u00e4tysmateriaali<br \/>\nRullakoko:2 x 50m<br \/>\nPaino:230g\/m2<br \/>\nVahvuus:2mm<br \/>\nPaloluokka:EN 13501-1, Bfl \/ s1<\/p>\n<p>Ilmoita tarvitsemasi m\u00e4\u00e4r\u00e4 tilauksen yhteydess\u00e4.<\/p>","protected":false},"featured_media":11744,"template":"","meta":{"_joinchat":[]},"product_brand":[],"product_cat":[81],"product_tag":[],"class_list":{"0":"post-11742","1":"product","2":"type-product","3":"status-publish","4":"has-post-thumbnail","6":"product_cat-matot-lattiat","8":"first","9":"instock","10":"shipping-taxable","11":"purchasable","12":"product-type-simple"},"_links":{"self":[{"href":"https:\/\/taikalyhty.fi\/en\/wp-json\/wp\/v2\/product\/11742","targetHints":{"allow":["GET"]}}],"collection":[{"href":"https:\/\/taikalyhty.fi\/en\/wp-json\/wp\/v2\/product"}],"about":[{"href":"https:\/\/taikalyhty.fi\/en\/wp-json\/wp\/v2\/types\/product"}],"wp:featuredmedia":[{"embeddable":true,"href":"https:\/\/taikalyhty.fi\/en\/wp-json\/wp\/v2\/media\/11744"}],"wp:attachment":[{"href":"https:\/\/taikalyhty.fi\/en\/wp-json\/wp\/v2\/media?parent=11742"}],"wp:term":[{"taxonomy":"product_brand","embeddable":true,"href":"https:\/\/taikalyhty.fi\/en\/wp-json\/wp\/v2\/product_brand?post=11742"},{"taxonomy":"product_cat","embeddable":true,"href":"https:\/\/taikalyhty.fi\/en\/wp-json\/wp\/v2\/product_cat?post=11742"},{"taxonomy":"product_tag","embeddable":true,"href":"https:\/\/taikalyhty.fi\/en\/wp-json\/wp\/v2\/product_tag?post=11742"}],"curies":[{"name":"wp","href":"https:\/\/api.w.org\/{rel}","templated":true}]}}