{"id":11726,"date":"2025-07-29T22:10:56","date_gmt":"2025-07-29T19:10:56","guid":{"rendered":"https:\/\/taikalyhty.fi\/?post_type=product&#038;p=11726"},"modified":"2025-07-29T22:24:07","modified_gmt":"2025-07-29T19:24:07","slug":"screen-led-49-screen-sqa25","status":"publish","type":"product","link":"https:\/\/taikalyhty.fi\/en\/product\/screen-led-49-screen-sqa25\/","title":{"rendered":"Screen LED 49&#8221; screen SQA25"},"content":{"rendered":"<div data-elementor-type=\"wp-post\" data-elementor-id=\"11726\" class=\"elementor elementor-11726 elementor-bc-flex-widget\" data-elementor-post-type=\"product\">\n\t\t\t\t\t\t<section class=\"elementor-section elementor-top-section elementor-element elementor-element-6f79e21 elementor-section-boxed elementor-section-height-default elementor-section-height-default\" data-id=\"6f79e21\" data-element_type=\"section\" data-e-type=\"section\">\n\t\t\t\t\t\t<div class=\"elementor-container elementor-column-gap-default\">\n\t\t\t\t\t<div class=\"elementor-column elementor-col-100 elementor-top-column elementor-element elementor-element-a72beab\" data-id=\"a72beab\" data-element_type=\"column\" data-e-type=\"column\">\n\t\t\t<div class=\"elementor-widget-wrap elementor-element-populated\">\n\t\t\t\t\t\t<div class=\"elementor-element elementor-element-91f8cab elementor-widget elementor-widget-image\" data-id=\"91f8cab\" data-element_type=\"widget\" data-e-type=\"widget\" data-widget_type=\"image.default\">\n\t\t\t\t<div class=\"elementor-widget-container\">\n\t\t\t\t\t\t\t\t\t\t\t\t\t\t\t<img decoding=\"async\" src=\"https:\/\/taikalyhty.fi\/wp-content\/uploads\/2018\/12\/UNADJUSTEDNONRAW_thumb_4648.jpg\" title=\"\" alt=\"\" loading=\"lazy\" \/>\t\t\t\t\t\t\t\t\t\t\t\t\t\t\t<\/div>\n\t\t\t\t<\/div>\n\t\t\t\t\t<\/div>\n\t\t<\/div>\n\t\t\t\t\t<\/div>\n\t\t<\/section>\n\t\t\t\t<section class=\"elementor-section elementor-top-section elementor-element elementor-element-2e71b82 elementor-section-boxed elementor-section-height-default elementor-section-height-default\" data-id=\"2e71b82\" data-element_type=\"section\" data-e-type=\"section\">\n\t\t\t\t\t\t<div class=\"elementor-container elementor-column-gap-default\">\n\t\t\t\t\t<div class=\"elementor-column elementor-col-100 elementor-top-column elementor-element elementor-element-cd4bcc5\" data-id=\"cd4bcc5\" data-element_type=\"column\" data-e-type=\"column\">\n\t\t\t<div class=\"elementor-widget-wrap elementor-element-populated\">\n\t\t\t\t\t\t<div class=\"elementor-element elementor-element-40086d4 elementor-widget elementor-widget-text-editor\" data-id=\"40086d4\" data-element_type=\"widget\" data-e-type=\"widget\" data-widget_type=\"text-editor.default\">\n\t\t\t\t<div class=\"elementor-widget-container\">\n\t\t\t\t\t\t\t\t\t<p>LED TV 49&#8221; sein\u00e4lle tai tasolle.\u00a0<ul><li>Toistaa mm: mp4, mkv, avi, fla, flv, mp3, wav, jpeg, jpg, png, bmp, sub ja srt<li>Liit\u00e4nn\u00e4t: 2 x HDMI, USB, VGA, PC-audio in, digitaalinen audio out (SPDIF\/toslink), kuulokeliit\u00e4nt\u00e4, LAN<li>Mitat: 1112 x 83 \/ 102 x 653 mm (ilman jalustaa), 1112 x 220 x 691 mm (jalustalla)<li>Paino: 12 kg (ilman jalustaa), 12,9 kg (jalustalla)<li>HDMI: versio 1.4, HDCP<li>VESA: M6 200 x 200.<p>Toistaa esitykset suoraan USB-tikulta. Esitysten v\u00e4liss\u00e4 n. 2 sekunnin mittainen musta ruutu. Mik\u00e4li haluat t\u00e4st\u00e4 eroon, tarvitset mediaplayerin n\u00e4yt\u00f6n ja tikun v\u00e4liin: https:\/\/taikalyhty.fi\/vuokraamo\/pc-laptop-tietokone\/<p>Ohjainasetukset piilossa materiaalia toistettaessa.<p>Saumattomat esitykset ilman mediaplayeria (ml. Office -tiedostot) Smart Signage -n\u00e4yt\u00f6ill\u00e4mme: https:\/\/taikalyhty.fi\/vuokraamo\/samsung-qm43r-ammattinaytto\/\t\t\t\t\t\t\t\t<\/div>\n\t\t\t\t<\/div>\n\t\t\t\t\t<\/div>\n\t\t<\/div>\n\t\t\t\t\t<\/div>\n\t\t<\/section>\n\t\t\t\t<\/div>","protected":false},"excerpt":{"rendered":"<p>Can be on a floor stand or mounted anywhere on the wall. Please confirm how &amp; where you would like it to be installed.<\/p>","protected":false},"featured_media":743,"template":"","meta":{"_joinchat":[]},"product_brand":[],"product_cat":[126],"product_tag":[],"class_list":{"0":"post-11726","1":"product","2":"type-product","3":"status-publish","4":"has-post-thumbnail","6":"product_cat-sqa25","8":"first","9":"instock","10":"shipping-taxable","11":"purchasable","12":"product-type-simple"},"_links":{"self":[{"href":"https:\/\/taikalyhty.fi\/en\/wp-json\/wp\/v2\/product\/11726","targetHints":{"allow":["GET"]}}],"collection":[{"href":"https:\/\/taikalyhty.fi\/en\/wp-json\/wp\/v2\/product"}],"about":[{"href":"https:\/\/taikalyhty.fi\/en\/wp-json\/wp\/v2\/types\/product"}],"wp:featuredmedia":[{"embeddable":true,"href":"https:\/\/taikalyhty.fi\/en\/wp-json\/wp\/v2\/media\/743"}],"wp:attachment":[{"href":"https:\/\/taikalyhty.fi\/en\/wp-json\/wp\/v2\/media?parent=11726"}],"wp:term":[{"taxonomy":"product_brand","embeddable":true,"href":"https:\/\/taikalyhty.fi\/en\/wp-json\/wp\/v2\/product_brand?post=11726"},{"taxonomy":"product_cat","embeddable":true,"href":"https:\/\/taikalyhty.fi\/en\/wp-json\/wp\/v2\/product_cat?post=11726"},{"taxonomy":"product_tag","embeddable":true,"href":"https:\/\/taikalyhty.fi\/en\/wp-json\/wp\/v2\/product_tag?post=11726"}],"curies":[{"name":"wp","href":"https:\/\/api.w.org\/{rel}","templated":true}]}}