{"id":11725,"date":"2025-07-29T22:10:45","date_gmt":"2025-07-29T19:10:45","guid":{"rendered":"https:\/\/taikalyhty.fi\/?post_type=product&#038;p=11725"},"modified":"2026-02-20T10:29:44","modified_gmt":"2026-02-20T08:29:44","slug":"samsung-55-qe55t-smart-signage-screen-sqa25","status":"publish","type":"product","link":"https:\/\/taikalyhty.fi\/en\/product\/samsung-55-qe55t-smart-signage-screen-sqa25\/","title":{"rendered":"Samsung 55&#8221; QE55T Smart Signage screen SQA25"},"content":{"rendered":"<p>Smart Signage -n\u00e4ytt\u00f6 on tavallisen n\u00e4yt\u00f6n ja tietokoneen hybridi -malli. Lataa esityksesi esimerkiksi USB-tikulta suoraan n\u00e4yt\u00f6n sis\u00e4iseen muistiin ja nauti esityksist\u00e4si ilman mediaplayereita tai muuta ylim\u00e4\u00e4r\u00e4ist\u00e4.<\/p>\n<ul>\n<li>55\u201d Anti-Glare n\u00e4ytt\u00f6<\/li>\n<li>Eritt\u00e4in ohut malli<\/li>\n<li><i>3840*2160 (4K UHD)<\/i><\/li>\n<li>Mitat 1235 x 50 x 707 mm<\/li>\n<li>Powerful built-in speakers<\/li>\n<li>Toistaa Office -dokumentit ilman erillist\u00e4 tietokonetta (Powerpoint, Excel, Word yms.)<\/li>\n<li>Sis\u00e4inen 5 GB muisti<\/li>\n<\/ul>\n<p>&nbsp;<\/p>\n<p><img fetchpriority=\"high\" decoding=\"async\" class=\"alignnone size-medium wp-image-10991\" src=\"https:\/\/taikalyhty.fi\/wp-content\/uploads\/2023\/04\/Screen-mounting-300x168.png\" alt=\"\" width=\"300\" height=\"168\" srcset=\"https:\/\/taikalyhty.fi\/wp-content\/uploads\/2023\/04\/Screen-mounting-300x168.png 300w, https:\/\/taikalyhty.fi\/wp-content\/uploads\/2023\/04\/Screen-mounting-150x84.png 150w, https:\/\/taikalyhty.fi\/wp-content\/uploads\/2023\/04\/Screen-mounting-768x431.png 768w, https:\/\/taikalyhty.fi\/wp-content\/uploads\/2023\/04\/Screen-mounting-18x10.png 18w, https:\/\/taikalyhty.fi\/wp-content\/uploads\/2023\/04\/Screen-mounting-400x225.png 400w, https:\/\/taikalyhty.fi\/wp-content\/uploads\/2023\/04\/Screen-mounting.png 805w\" sizes=\"(max-width: 300px) 100vw, 300px\" \/><\/p>\n<p>&nbsp;<\/p>\n<figure><img decoding=\"async\" src=\"https:\/\/taikalyhty.fi\/wp-content\/uploads\/2022\/12\/IMG_9472-1-1-1024x768.jpg\" alt=\"IMG_9472 (1) (1)\" \/><\/figure>\n<figure><img decoding=\"async\" src=\"https:\/\/taikalyhty.fi\/wp-content\/uploads\/2022\/12\/IMG_9178-1-1-1024x768.jpg\" alt=\"IMG_9178 (1) (1)\" \/><\/figure>\n<figure><img decoding=\"async\" src=\"https:\/\/taikalyhty.fi\/wp-content\/uploads\/2022\/12\/a3f8f968-bda5-405b-be3f-fd08896f151b-1-1024x576.jpg\" alt=\"a3f8f968-bda5-405b-be3f-fd08896f151b (1)\" \/><\/figure>\n<p>Edellinen<br \/>\nSeuraava<\/p>\n<p>N\u00e4iss\u00e4 n\u00e4yt\u00f6iss\u00e4 on eritt\u00e4in ohuet reunat, mink\u00e4 vuoksi niist\u00e4 voidaan mainiosti rakentaa my\u00f6s n\u00e4ytt\u00e4v\u00e4 videosein\u00e4.<\/p>\n<figure><img decoding=\"async\" src=\"https:\/\/taikalyhty.fi\/wp-content\/uploads\/2022\/12\/IMG_8998-1-1024x768.jpg\" alt=\"IMG_8998 (1)\" \/><\/figure>\n<figure><img decoding=\"async\" src=\"https:\/\/taikalyhty.fi\/wp-content\/uploads\/2022\/12\/IMG_9003-1-1024x768.jpg\" alt=\"IMG_9003 (1)\" \/><\/figure>\n<figure><img decoding=\"async\" src=\"https:\/\/taikalyhty.fi\/wp-content\/uploads\/2022\/12\/IMG_9002-1-1024x768.jpg\" alt=\"IMG_9002 (1)\" \/><\/figure>\n<p>Edellinen<br \/>\nSeuraava<\/p>","protected":false},"excerpt":{"rendered":"<p>Can be on a floor stand or mounted anywhere on the wall. Please confirm how &amp; where you would like it to be installed.<\/p>","protected":false},"featured_media":1283,"template":"","meta":{"_joinchat":[]},"product_brand":[],"product_cat":[67,126,70],"product_tag":[],"class_list":{"0":"post-11725","1":"product","2":"type-product","3":"status-publish","4":"has-post-thumbnail","6":"product_cat-naytot","7":"product_cat-sqa25","8":"product_cat-tervesos-2026-hameenlinna","10":"first","11":"instock","12":"shipping-taxable","13":"purchasable","14":"product-type-simple"},"_links":{"self":[{"href":"https:\/\/taikalyhty.fi\/en\/wp-json\/wp\/v2\/product\/11725","targetHints":{"allow":["GET"]}}],"collection":[{"href":"https:\/\/taikalyhty.fi\/en\/wp-json\/wp\/v2\/product"}],"about":[{"href":"https:\/\/taikalyhty.fi\/en\/wp-json\/wp\/v2\/types\/product"}],"wp:featuredmedia":[{"embeddable":true,"href":"https:\/\/taikalyhty.fi\/en\/wp-json\/wp\/v2\/media\/1283"}],"wp:attachment":[{"href":"https:\/\/taikalyhty.fi\/en\/wp-json\/wp\/v2\/media?parent=11725"}],"wp:term":[{"taxonomy":"product_brand","embeddable":true,"href":"https:\/\/taikalyhty.fi\/en\/wp-json\/wp\/v2\/product_brand?post=11725"},{"taxonomy":"product_cat","embeddable":true,"href":"https:\/\/taikalyhty.fi\/en\/wp-json\/wp\/v2\/product_cat?post=11725"},{"taxonomy":"product_tag","embeddable":true,"href":"https:\/\/taikalyhty.fi\/en\/wp-json\/wp\/v2\/product_tag?post=11725"}],"curies":[{"name":"wp","href":"https:\/\/api.w.org\/{rel}","templated":true}]}}