{"id":11696,"date":"2025-05-28T12:36:18","date_gmt":"2025-05-28T09:36:18","guid":{"rendered":"https:\/\/taikalyhty.fi\/?post_type=product&#038;p=11696"},"modified":"2026-02-11T12:45:17","modified_gmt":"2026-02-11T10:45:17","slug":"osaston-pohjalevytys-matotus-vapaalla-varilla-21m2-osasto","status":"publish","type":"product","link":"https:\/\/taikalyhty.fi\/en\/product\/osaston-pohjalevytys-matotus-vapaalla-varilla-21m2-osasto\/","title":{"rendered":"Osaston pohjalevytys &#038; matotus vapaalla v\u00e4rill\u00e4, 21m2 osasto"},"content":{"rendered":"<p>Finlandia-talon kokolattiamatto vaatii aluslevytyksen maton alle.<\/p>\n<p>Hinta sis\u00e4lt\u00e4\u00e4 aluslevytyksen sek\u00e4 maton 21m2 ja asennuksen.<\/p>\n<p>Mainitse tilauslomakkeen kommentissa haluamasi mattov\u00e4ri.<\/p>\n<p>Viimeinen tilausp\u00e4iv\u00e4 on 16.3.!<\/p>","protected":false},"excerpt":{"rendered":"<p>Finlandia-talon kokolattiamatto vaatii aluslevytyksen maton alle. Hinta sis\u00e4lt\u00e4\u00e4 aluslevytyksen sek\u00e4 maton 21m2 ja asennuksen. Mainitse tilauslomakkeen kommentissa haluamasi mattov\u00e4ri. Viimeinen tilausp\u00e4iv\u00e4 on 16.3.!<\/p>","protected":false},"featured_media":11693,"template":"","meta":{"_joinchat":[]},"product_brand":[],"product_cat":[119],"product_tag":[],"class_list":{"0":"post-11696","1":"product","2":"type-product","3":"status-publish","4":"has-post-thumbnail","6":"product_cat-nuori2026","8":"first","9":"instock","10":"shipping-taxable","11":"purchasable","12":"product-type-simple"},"_links":{"self":[{"href":"https:\/\/taikalyhty.fi\/en\/wp-json\/wp\/v2\/product\/11696","targetHints":{"allow":["GET"]}}],"collection":[{"href":"https:\/\/taikalyhty.fi\/en\/wp-json\/wp\/v2\/product"}],"about":[{"href":"https:\/\/taikalyhty.fi\/en\/wp-json\/wp\/v2\/types\/product"}],"wp:featuredmedia":[{"embeddable":true,"href":"https:\/\/taikalyhty.fi\/en\/wp-json\/wp\/v2\/media\/11693"}],"wp:attachment":[{"href":"https:\/\/taikalyhty.fi\/en\/wp-json\/wp\/v2\/media?parent=11696"}],"wp:term":[{"taxonomy":"product_brand","embeddable":true,"href":"https:\/\/taikalyhty.fi\/en\/wp-json\/wp\/v2\/product_brand?post=11696"},{"taxonomy":"product_cat","embeddable":true,"href":"https:\/\/taikalyhty.fi\/en\/wp-json\/wp\/v2\/product_cat?post=11696"},{"taxonomy":"product_tag","embeddable":true,"href":"https:\/\/taikalyhty.fi\/en\/wp-json\/wp\/v2\/product_tag?post=11696"}],"curies":[{"name":"wp","href":"https:\/\/api.w.org\/{rel}","templated":true}]}}