{"id":11655,"date":"2025-04-26T15:39:54","date_gmt":"2025-04-26T12:39:54","guid":{"rendered":"https:\/\/taikalyhty.fi\/?post_type=product&#038;p=11655"},"modified":"2025-04-26T15:55:40","modified_gmt":"2025-04-26T12:55:40","slug":"baarituoli-ezio-k25ev-vihrea","status":"publish","type":"product","link":"https:\/\/taikalyhty.fi\/en\/product\/baarituoli-ezio-k25ev-vihrea\/","title":{"rendered":"Baarituoli Ezio K25EV Vihre\u00e4 (12)"},"content":{"rendered":"<p>Valkoinen perusmalli &#8211; katso my\u00f6s muut v\u00e4rit.<\/p>\n<p style=\"text-align: left;\">Tyylik\u00e4s ja raikas pinoutuva tuoli.<\/p>\n<p style=\"text-align: left;\"><strong>Leveys:<\/strong> 47 cm<br \/>\n<strong>Syvyys:<\/strong> 34 cm<br \/>\n<strong>Korkeus:<\/strong> 80 cm<br \/>\n<strong>Istuinkorkeus:<\/strong> 76 cm<\/p>\n<p>&nbsp;<\/p>","protected":false},"excerpt":{"rendered":"<p>Valkoinen perusmalli &#8211; katso my\u00f6s muut v\u00e4rit.<\/p>\n<p>Tyylik\u00e4s ja freesi pinoutuva tuoli.<\/p>\n<p>Vihre\u00e4 (12 kpl)<\/p>","protected":false},"featured_media":11657,"template":"","meta":{"_joinchat":[]},"product_brand":[],"product_cat":[69],"product_tag":[],"class_list":{"0":"post-11655","1":"product","2":"type-product","3":"status-publish","4":"has-post-thumbnail","6":"product_cat-baarituolit","8":"first","9":"instock","10":"shipping-taxable","11":"purchasable","12":"product-type-simple"},"_links":{"self":[{"href":"https:\/\/taikalyhty.fi\/en\/wp-json\/wp\/v2\/product\/11655","targetHints":{"allow":["GET"]}}],"collection":[{"href":"https:\/\/taikalyhty.fi\/en\/wp-json\/wp\/v2\/product"}],"about":[{"href":"https:\/\/taikalyhty.fi\/en\/wp-json\/wp\/v2\/types\/product"}],"wp:featuredmedia":[{"embeddable":true,"href":"https:\/\/taikalyhty.fi\/en\/wp-json\/wp\/v2\/media\/11657"}],"wp:attachment":[{"href":"https:\/\/taikalyhty.fi\/en\/wp-json\/wp\/v2\/media?parent=11655"}],"wp:term":[{"taxonomy":"product_brand","embeddable":true,"href":"https:\/\/taikalyhty.fi\/en\/wp-json\/wp\/v2\/product_brand?post=11655"},{"taxonomy":"product_cat","embeddable":true,"href":"https:\/\/taikalyhty.fi\/en\/wp-json\/wp\/v2\/product_cat?post=11655"},{"taxonomy":"product_tag","embeddable":true,"href":"https:\/\/taikalyhty.fi\/en\/wp-json\/wp\/v2\/product_tag?post=11655"}],"curies":[{"name":"wp","href":"https:\/\/api.w.org\/{rel}","templated":true}]}}