{"id":1165,"date":"2023-04-11T14:46:02","date_gmt":"2023-04-11T11:46:02","guid":{"rendered":"https:\/\/taikalyhty.fi\/?post_type=product&#038;p=1165"},"modified":"2023-04-11T14:46:10","modified_gmt":"2023-04-11T11:46:10","slug":"videoseina-kustomoitu-koko-ja-muoto","status":"publish","type":"product","link":"https:\/\/taikalyhty.fi\/en\/product\/videoseina-kustomoitu-koko-ja-muoto\/","title":{"rendered":"Videosein\u00e4, kustomoitu koko ja muoto"},"content":{"rendered":"<div data-elementor-type=\"wp-post\" data-elementor-id=\"1165\" class=\"elementor elementor-1165 elementor-bc-flex-widget\" data-elementor-post-type=\"product\">\n\t\t\t\t\t\t<section class=\"elementor-section elementor-top-section elementor-element elementor-element-df34b85 elementor-section-boxed elementor-section-height-default elementor-section-height-default\" data-id=\"df34b85\" data-element_type=\"section\" data-e-type=\"section\">\n\t\t\t\t\t\t<div class=\"elementor-container elementor-column-gap-default\">\n\t\t\t\t\t<div class=\"elementor-column elementor-col-100 elementor-top-column elementor-element elementor-element-2b5a89c\" data-id=\"2b5a89c\" data-element_type=\"column\" data-e-type=\"column\">\n\t\t\t<div class=\"elementor-widget-wrap elementor-element-populated\">\n\t\t\t\t\t\t<div class=\"elementor-element elementor-element-b531528 elementor-widget elementor-widget-image\" data-id=\"b531528\" data-element_type=\"widget\" data-e-type=\"widget\" data-widget_type=\"image.default\">\n\t\t\t\t<div class=\"elementor-widget-container\">\n\t\t\t\t\t\t\t\t\t\t\t\t\t\t\t<img decoding=\"async\" src=\"https:\/\/taikalyhty.fi\/wp-content\/uploads\/2020\/03\/Screenshot-2020-03-09-11.43.04.png\" title=\"\" alt=\"\" loading=\"lazy\" \/>\t\t\t\t\t\t\t\t\t\t\t\t\t\t\t<\/div>\n\t\t\t\t<\/div>\n\t\t\t\t\t<\/div>\n\t\t<\/div>\n\t\t\t\t\t<\/div>\n\t\t<\/section>\n\t\t\t\t<\/div>","protected":false},"excerpt":{"rendered":"<p>N\u00e4ytt\u00f6j\u00e4 meilt\u00e4 l\u00f6ytyy ja niiden eri muotoihin yhdisteleminen ei tuota p\u00e4\u00e4nvaivaa. Kysy rohkeasti, mik\u00e4li tarvitset kustomoidun kokoisen videosein\u00e4n.<\/p>","protected":false},"featured_media":0,"template":"","meta":{"_joinchat":[]},"product_brand":[],"product_cat":[108],"product_tag":[],"class_list":{"0":"post-1165","1":"product","2":"type-product","3":"status-publish","5":"product_cat-videoseinat","7":"first","8":"instock","9":"shipping-taxable","10":"product-type-simple"},"_links":{"self":[{"href":"https:\/\/taikalyhty.fi\/en\/wp-json\/wp\/v2\/product\/1165","targetHints":{"allow":["GET"]}}],"collection":[{"href":"https:\/\/taikalyhty.fi\/en\/wp-json\/wp\/v2\/product"}],"about":[{"href":"https:\/\/taikalyhty.fi\/en\/wp-json\/wp\/v2\/types\/product"}],"wp:attachment":[{"href":"https:\/\/taikalyhty.fi\/en\/wp-json\/wp\/v2\/media?parent=1165"}],"wp:term":[{"taxonomy":"product_brand","embeddable":true,"href":"https:\/\/taikalyhty.fi\/en\/wp-json\/wp\/v2\/product_brand?post=1165"},{"taxonomy":"product_cat","embeddable":true,"href":"https:\/\/taikalyhty.fi\/en\/wp-json\/wp\/v2\/product_cat?post=1165"},{"taxonomy":"product_tag","embeddable":true,"href":"https:\/\/taikalyhty.fi\/en\/wp-json\/wp\/v2\/product_tag?post=1165"}],"curies":[{"name":"wp","href":"https:\/\/api.w.org\/{rel}","templated":true}]}}