{"id":11643,"date":"2025-04-21T14:51:30","date_gmt":"2025-04-21T11:51:30","guid":{"rendered":"https:\/\/taikalyhty.fi\/?post_type=product&#038;p=11643"},"modified":"2025-04-21T14:55:14","modified_gmt":"2025-04-21T11:55:14","slug":"osastobrandays-kankaalle","status":"publish","type":"product","link":"https:\/\/taikalyhty.fi\/en\/product\/osastobrandays-kankaalle\/","title":{"rendered":"Osastobr\u00e4nd\u00e4ys kankaalle"},"content":{"rendered":"","protected":false},"excerpt":{"rendered":"<p>Kuvan tulostaminen Decotex -kankaalle. Hinta 70 \u20ac \/ alkava neli\u00f6metri (m2). <strong>Kysy rohkeasti tarjousta!<\/strong><\/p>\n<p>Kankaan taakse jokaiseen reunaan ommellaan (l\u00e4ht\u00f6kohtaisesti) velcronauha. Saat pit\u00e4\u00e4 kankaan tapahtuman j\u00e4lkeen.<\/p>\n<p>Suurkuvatulosteet tuovat viestisi varmasti n\u00e4kyviin ja antavat sinulle vapauden osaston ilmeen muokkaamiseen.<\/p>\n<p>Hinta sis\u00e4lt\u00e4\u00e4 ty\u00f6n.<\/p>","protected":false},"featured_media":11645,"template":"","meta":{"_joinchat":[]},"product_brand":[],"product_cat":[42,95],"product_tag":[],"class_list":{"0":"post-11643","1":"product","2":"type-product","3":"status-publish","4":"has-post-thumbnail","6":"product_cat-perustuotteet-messuille","7":"product_cat-teippaukset-ja-tulostukset","9":"first","10":"instock","11":"shipping-taxable","12":"purchasable","13":"product-type-simple"},"_links":{"self":[{"href":"https:\/\/taikalyhty.fi\/en\/wp-json\/wp\/v2\/product\/11643","targetHints":{"allow":["GET"]}}],"collection":[{"href":"https:\/\/taikalyhty.fi\/en\/wp-json\/wp\/v2\/product"}],"about":[{"href":"https:\/\/taikalyhty.fi\/en\/wp-json\/wp\/v2\/types\/product"}],"wp:featuredmedia":[{"embeddable":true,"href":"https:\/\/taikalyhty.fi\/en\/wp-json\/wp\/v2\/media\/11645"}],"wp:attachment":[{"href":"https:\/\/taikalyhty.fi\/en\/wp-json\/wp\/v2\/media?parent=11643"}],"wp:term":[{"taxonomy":"product_brand","embeddable":true,"href":"https:\/\/taikalyhty.fi\/en\/wp-json\/wp\/v2\/product_brand?post=11643"},{"taxonomy":"product_cat","embeddable":true,"href":"https:\/\/taikalyhty.fi\/en\/wp-json\/wp\/v2\/product_cat?post=11643"},{"taxonomy":"product_tag","embeddable":true,"href":"https:\/\/taikalyhty.fi\/en\/wp-json\/wp\/v2\/product_tag?post=11643"}],"curies":[{"name":"wp","href":"https:\/\/api.w.org\/{rel}","templated":true}]}}