{"id":11627,"date":"2025-04-21T14:00:41","date_gmt":"2025-04-21T11:00:41","guid":{"rendered":"https:\/\/taikalyhty.fi\/?post_type=product&#038;p=11627"},"modified":"2026-02-20T10:30:55","modified_gmt":"2026-02-20T08:30:55","slug":"k22v-baaripoyta","status":"publish","type":"product","link":"https:\/\/taikalyhty.fi\/en\/product\/k22v-baaripoyta\/","title":{"rendered":"K22V Baarip\u00f6yt\u00e4"},"content":{"rendered":"","protected":false},"excerpt":{"rendered":"<p>Valkoinen kansi \u00f8=70cm. Harmaa ristikkojalka.<\/p>\n<p>H=110cm<\/p>\n<p>Taikalyhdyn yleisin pyst\u00e4rimalli.<\/p>","protected":false},"featured_media":11631,"template":"","meta":{"_joinchat":[]},"product_brand":[],"product_cat":[56,70],"product_tag":[],"class_list":{"0":"post-11627","1":"product","2":"type-product","3":"status-publish","4":"has-post-thumbnail","6":"product_cat-baaripoydat","7":"product_cat-tervesos-2026-hameenlinna","9":"first","10":"instock","11":"shipping-taxable","12":"purchasable","13":"product-type-simple"},"_links":{"self":[{"href":"https:\/\/taikalyhty.fi\/en\/wp-json\/wp\/v2\/product\/11627","targetHints":{"allow":["GET"]}}],"collection":[{"href":"https:\/\/taikalyhty.fi\/en\/wp-json\/wp\/v2\/product"}],"about":[{"href":"https:\/\/taikalyhty.fi\/en\/wp-json\/wp\/v2\/types\/product"}],"wp:featuredmedia":[{"embeddable":true,"href":"https:\/\/taikalyhty.fi\/en\/wp-json\/wp\/v2\/media\/11631"}],"wp:attachment":[{"href":"https:\/\/taikalyhty.fi\/en\/wp-json\/wp\/v2\/media?parent=11627"}],"wp:term":[{"taxonomy":"product_brand","embeddable":true,"href":"https:\/\/taikalyhty.fi\/en\/wp-json\/wp\/v2\/product_brand?post=11627"},{"taxonomy":"product_cat","embeddable":true,"href":"https:\/\/taikalyhty.fi\/en\/wp-json\/wp\/v2\/product_cat?post=11627"},{"taxonomy":"product_tag","embeddable":true,"href":"https:\/\/taikalyhty.fi\/en\/wp-json\/wp\/v2\/product_tag?post=11627"}],"curies":[{"name":"wp","href":"https:\/\/api.w.org\/{rel}","templated":true}]}}