{"id":11618,"date":"2025-04-07T14:35:20","date_gmt":"2025-04-07T11:35:20","guid":{"rendered":"https:\/\/taikalyhty.fi\/?post_type=product&#038;p=11618"},"modified":"2025-04-07T15:10:53","modified_gmt":"2025-04-07T12:10:53","slug":"myymalaseina","status":"publish","type":"product","link":"https:\/\/taikalyhty.fi\/en\/product\/myymalaseina\/","title":{"rendered":"Myym\u00e4l\u00e4sein\u00e4"},"content":{"rendered":"","protected":false},"excerpt":{"rendered":"<p>Myym\u00e4l\u00e4rimasein\u00e4. T\u00e4h\u00e4n uralliseen sein\u00e4levyyn saat tuotteet n\u00e4ytt\u00e4v\u00e4sti esille. Taikalyhdylt\u00e4 l\u00f6ytyy j\u00e4rjestelm\u00e4\u00e4n tuotepiikkej\u00e4 sek\u00e4 tarvittaessa lasihyllyj\u00e4.<\/p>","protected":false},"featured_media":11619,"template":"","meta":{"_joinchat":[]},"product_brand":[],"product_cat":[62,42],"product_tag":[],"class_list":{"0":"post-11618","1":"product","2":"type-product","3":"status-publish","4":"has-post-thumbnail","6":"product_cat-consta","7":"product_cat-perustuotteet-messuille","9":"first","10":"instock","11":"shipping-taxable","12":"purchasable","13":"product-type-simple"},"_links":{"self":[{"href":"https:\/\/taikalyhty.fi\/en\/wp-json\/wp\/v2\/product\/11618","targetHints":{"allow":["GET"]}}],"collection":[{"href":"https:\/\/taikalyhty.fi\/en\/wp-json\/wp\/v2\/product"}],"about":[{"href":"https:\/\/taikalyhty.fi\/en\/wp-json\/wp\/v2\/types\/product"}],"wp:featuredmedia":[{"embeddable":true,"href":"https:\/\/taikalyhty.fi\/en\/wp-json\/wp\/v2\/media\/11619"}],"wp:attachment":[{"href":"https:\/\/taikalyhty.fi\/en\/wp-json\/wp\/v2\/media?parent=11618"}],"wp:term":[{"taxonomy":"product_brand","embeddable":true,"href":"https:\/\/taikalyhty.fi\/en\/wp-json\/wp\/v2\/product_brand?post=11618"},{"taxonomy":"product_cat","embeddable":true,"href":"https:\/\/taikalyhty.fi\/en\/wp-json\/wp\/v2\/product_cat?post=11618"},{"taxonomy":"product_tag","embeddable":true,"href":"https:\/\/taikalyhty.fi\/en\/wp-json\/wp\/v2\/product_tag?post=11618"}],"curies":[{"name":"wp","href":"https:\/\/api.w.org\/{rel}","templated":true}]}}